{"id":6974,"date":"2025-03-07T00:41:39","date_gmt":"2025-03-07T00:41:39","guid":{"rendered":"https:\/\/k-beautyci.com\/?post_type=product&#038;p=6974"},"modified":"2026-04-18T10:06:09","modified_gmt":"2026-04-18T10:06:09","slug":"abib-rice-probiotics-overnight-mask-barrier-jelly","status":"publish","type":"product","link":"https:\/\/k-beautyci.com\/fr\/produit\/abib-rice-probiotics-overnight-mask-barrier-jelly\/","title":{"rendered":"Abib Rice Probiotics Overnight Mask Barrier Jelly"},"content":{"rendered":"<p>Comment l'utiliser :<\/p>\n<p>En guise de derni\u00e8re \u00e9tape de votre routine de soins nocturnes, appliquez une couche de produit sur l'ensemble du visage, en \u00e9vitant le contour des yeux et de la bouche. Laissez agir toute la nuit, puis rincez au matin.<\/p>\n<p>Avertissement : Pour usage externe uniquement. Toujours effectuer un test \u00e9picutan\u00e9. Cessez d'utiliser le produit si vous ressentez une quelconque g\u00eane. Suivre les instructions suppl\u00e9mentaires figurant sur l'emballage. Les r\u00e9sultats individuels peuvent varier.<\/p>","protected":false},"excerpt":{"rendered":"<p>R\u00e9veillez-vous avec une peau \u00e9clatante gr\u00e2ce \u00e0 ce masque de nuit \u00e0 base de gel\u00e9e. Formul\u00e9 avec des probiotiques et de l'extrait de son de riz, ce masque \u00e0 la texture g\u00e9lifi\u00e9e laissera la peau plus douce, plus lisse et plus ferme.<\/p>","protected":false},"featured_media":6982,"comment_status":"open","ping_status":"closed","template":"","meta":{"om_disable_all_campaigns":false},"product_brand":[],"product_cat":[158,62],"product_tag":[],"class_list":{"0":"post-6974","1":"product","2":"type-product","3":"status-publish","4":"has-post-thumbnail","6":"product_cat-abib","7":"product_cat-face-masks","9":"first","10":"instock","11":"sale","12":"shipping-taxable","13":"purchasable","14":"product-type-simple"},"aioseo_notices":[],"jetpack_sharing_enabled":true,"_links":{"self":[{"href":"https:\/\/k-beautyci.com\/fr\/wp-json\/wp\/v2\/product\/6974","targetHints":{"allow":["GET"]}}],"collection":[{"href":"https:\/\/k-beautyci.com\/fr\/wp-json\/wp\/v2\/product"}],"about":[{"href":"https:\/\/k-beautyci.com\/fr\/wp-json\/wp\/v2\/types\/product"}],"replies":[{"embeddable":true,"href":"https:\/\/k-beautyci.com\/fr\/wp-json\/wp\/v2\/comments?post=6974"}],"wp:featuredmedia":[{"embeddable":true,"href":"https:\/\/k-beautyci.com\/fr\/wp-json\/wp\/v2\/media\/6982"}],"wp:attachment":[{"href":"https:\/\/k-beautyci.com\/fr\/wp-json\/wp\/v2\/media?parent=6974"}],"wp:term":[{"taxonomy":"product_brand","embeddable":true,"href":"https:\/\/k-beautyci.com\/fr\/wp-json\/wp\/v2\/product_brand?post=6974"},{"taxonomy":"product_cat","embeddable":true,"href":"https:\/\/k-beautyci.com\/fr\/wp-json\/wp\/v2\/product_cat?post=6974"},{"taxonomy":"product_tag","embeddable":true,"href":"https:\/\/k-beautyci.com\/fr\/wp-json\/wp\/v2\/product_tag?post=6974"}],"curies":[{"name":"wp","href":"https:\/\/api.w.org\/{rel}","templated":true}]}}