{"id":6968,"date":"2025-02-26T11:28:38","date_gmt":"2025-02-26T11:28:38","guid":{"rendered":"https:\/\/k-beautyci.com\/?post_type=product&#038;p=6968"},"modified":"2026-04-18T06:10:29","modified_gmt":"2026-04-18T06:10:29","slug":"celimax-the-vita-a-retinal-shot-tightening-booster","status":"publish","type":"product","link":"https:\/\/k-beautyci.com\/fr\/produit\/celimax-the-vita-a-retinal-shot-tightening-booster\/","title":{"rendered":"celimax The Vita A Retinal Shot Tightening Booster"},"content":{"rendered":"<p><span class=\"accordion__toggle h6\">Comment l'utiliser<\/span><\/p>\n<div class=\"accordion__content prose\">\n<p><span class=\"metafield-multi_line_text_field\">1. Si vous n'avez jamais utilis\u00e9 de r\u00e9tinol ou de r\u00e9tinal, appliquez-le un soir sur deux pendant les deux premi\u00e8res semaines.<br \/>\n2. Appliquer une petite quantit\u00e9 sur les zones cibl\u00e9es. En cas d'irritation, r\u00e9duire la quantit\u00e9 et la fr\u00e9quence des applications et utiliser une cr\u00e8me hydratante contenant des ingr\u00e9dients apaisants pour soulager l'irritation.<br \/>\n3. Le matin suivant l'utilisation du r\u00e9tinol, veillez \u00e0 appliquer un \u00e9cran solaire comme derni\u00e8re \u00e9tape de votre routine de soins pour prot\u00e9ger votre peau.<br \/>\n4. Une fois que votre peau s'est habitu\u00e9e au r\u00e9tinol ou au r\u00e9tinal, vous pouvez l'utiliser tous les soirs.<br \/>\n5. Appliquer uniform\u00e9ment une quantit\u00e9 appropri\u00e9e sur l'ensemble du visage.<\/span><\/p>\n<p>Bien que les ingr\u00e9dients soient propres et s\u00fbrs, certains peuvent avoir des effets diff\u00e9rents selon le type de peau et les r\u00e9sultats peuvent varier d'une personne \u00e0 l'autre. Nous recommandons de consulter la liste compl\u00e8te des ingr\u00e9dients avant d'acheter. Il est fortement recommand\u00e9 d'effectuer un petit test \u00e9picutan\u00e9 avant l'application pour plus de s\u00e9curit\u00e9.<\/p>\n<p>En raison de sa formule tr\u00e8s efficace, il est normal d'\u00e9prouver une l\u00e9g\u00e8re sensation de picotement pendant l'utilisation. Si vous avez la peau sensible, veillez \u00e0 effectuer un test \u00e9picutan\u00e9 avant utilisation, et n'oubliez pas de porter un \u00e9cran solaire pendant la journ\u00e9e.<\/p>\n<\/div>","protected":false},"excerpt":{"rendered":"<p>Un booster de r\u00e9tinal infus\u00e9 avec 0,1 % de r\u00e9tinal, la forme avanc\u00e9e du r\u00e9tinol, associ\u00e9 \u00e0 A-Shot\u2122, con\u00e7u pour p\u00e9n\u00e9trer directement dans les pores et am\u00e9liorer l'absorption, d\u00e9livre le r\u00e9tinal en profondeur dans la peau pour cibler les rides et les pores dilat\u00e9s, favorisant ainsi une peau plus lisse et plus ferme.<\/p>","protected":false},"featured_media":6973,"comment_status":"open","ping_status":"closed","template":"","meta":{"om_disable_all_campaigns":false},"product_brand":[],"product_cat":[57,209,31,68],"product_tag":[],"class_list":{"0":"post-6968","1":"product","2":"type-product","3":"status-publish","4":"has-post-thumbnail","6":"product_cat-anti-aging","7":"product_cat-celimax","8":"product_cat-face-serums","9":"product_cat-retinol","11":"first","12":"instock","13":"shipping-taxable","14":"purchasable","15":"product-type-variable"},"aioseo_notices":[],"jetpack_sharing_enabled":true,"_links":{"self":[{"href":"https:\/\/k-beautyci.com\/fr\/wp-json\/wp\/v2\/product\/6968","targetHints":{"allow":["GET"]}}],"collection":[{"href":"https:\/\/k-beautyci.com\/fr\/wp-json\/wp\/v2\/product"}],"about":[{"href":"https:\/\/k-beautyci.com\/fr\/wp-json\/wp\/v2\/types\/product"}],"replies":[{"embeddable":true,"href":"https:\/\/k-beautyci.com\/fr\/wp-json\/wp\/v2\/comments?post=6968"}],"wp:featuredmedia":[{"embeddable":true,"href":"https:\/\/k-beautyci.com\/fr\/wp-json\/wp\/v2\/media\/6973"}],"wp:attachment":[{"href":"https:\/\/k-beautyci.com\/fr\/wp-json\/wp\/v2\/media?parent=6968"}],"wp:term":[{"taxonomy":"product_brand","embeddable":true,"href":"https:\/\/k-beautyci.com\/fr\/wp-json\/wp\/v2\/product_brand?post=6968"},{"taxonomy":"product_cat","embeddable":true,"href":"https:\/\/k-beautyci.com\/fr\/wp-json\/wp\/v2\/product_cat?post=6968"},{"taxonomy":"product_tag","embeddable":true,"href":"https:\/\/k-beautyci.com\/fr\/wp-json\/wp\/v2\/product_tag?post=6968"}],"curies":[{"name":"wp","href":"https:\/\/api.w.org\/{rel}","templated":true}]}}