{"id":6959,"date":"2025-02-26T11:30:08","date_gmt":"2025-02-26T11:30:08","guid":{"rendered":"https:\/\/k-beautyci.com\/?post_type=product&#038;p=6959"},"modified":"2026-04-21T02:30:47","modified_gmt":"2026-04-21T02:30:47","slug":"fully-green-tomato-serum-30ml","status":"publish","type":"product","link":"https:\/\/k-beautyci.com\/fr\/produit\/fully-green-tomato-serum-30ml\/","title":{"rendered":"FULLY Green Tomato Serum 30ml"},"content":{"rendered":"<p><b>Comment l'utiliser :<\/b><\/p>\n<p>Apr\u00e8s le nettoyage, appliquer uniform\u00e9ment une quantit\u00e9 mod\u00e9r\u00e9e sur le visage et tapoter l\u00e9g\u00e8rement pour une meilleure absorption.<\/p>\n<p>Avertissement : Pour usage externe uniquement. Toujours effectuer un test \u00e9picutan\u00e9. Cessez d'utiliser le produit si vous ressentez une quelconque g\u00eane. Suivre les instructions suppl\u00e9mentaires figurant sur l'emballage. Les r\u00e9sultats individuels peuvent varier.<\/p>","protected":false},"excerpt":{"rendered":"<p>Infus\u00e9 avec 67% d'extrait de tomate verte et riche en vitamine C, r\u00e9put\u00e9 pour sa capacit\u00e9 \u00e0 renforcer consid\u00e9rablement l'\u00e9lasticit\u00e9 de la peau et \u00e0 soigner m\u00e9ticuleusement la structure des pores, le s\u00e9rum Fully ravive et am\u00e9liore votre teint pour le rendre visiblement jeune et radieux. Ce s\u00e9rum \u00e0 la texture gel est formul\u00e9 avec 67% d'extrait de tomate verte pour am\u00e9liorer l'\u00e9lasticit\u00e9 de la peau et resserrer les pores dilat\u00e9s. Il contient des PHA, LHA, Anti Sebum P et des tanins botaniques pour affiner la texture in\u00e9gale de la peau et r\u00e9guler la production excessive de s\u00e9bum.<\/p>","protected":false},"featured_media":6966,"comment_status":"open","ping_status":"closed","template":"","meta":{"om_disable_all_campaigns":false},"product_brand":[],"product_cat":[31,229],"product_tag":[],"class_list":{"0":"post-6959","1":"product","2":"type-product","3":"status-publish","4":"has-post-thumbnail","6":"product_cat-face-serums","7":"product_cat-fully","9":"first","10":"outofstock","11":"shipping-taxable","12":"purchasable","13":"product-type-simple"},"aioseo_notices":[],"jetpack_sharing_enabled":true,"_links":{"self":[{"href":"https:\/\/k-beautyci.com\/fr\/wp-json\/wp\/v2\/product\/6959","targetHints":{"allow":["GET"]}}],"collection":[{"href":"https:\/\/k-beautyci.com\/fr\/wp-json\/wp\/v2\/product"}],"about":[{"href":"https:\/\/k-beautyci.com\/fr\/wp-json\/wp\/v2\/types\/product"}],"replies":[{"embeddable":true,"href":"https:\/\/k-beautyci.com\/fr\/wp-json\/wp\/v2\/comments?post=6959"}],"wp:featuredmedia":[{"embeddable":true,"href":"https:\/\/k-beautyci.com\/fr\/wp-json\/wp\/v2\/media\/6966"}],"wp:attachment":[{"href":"https:\/\/k-beautyci.com\/fr\/wp-json\/wp\/v2\/media?parent=6959"}],"wp:term":[{"taxonomy":"product_brand","embeddable":true,"href":"https:\/\/k-beautyci.com\/fr\/wp-json\/wp\/v2\/product_brand?post=6959"},{"taxonomy":"product_cat","embeddable":true,"href":"https:\/\/k-beautyci.com\/fr\/wp-json\/wp\/v2\/product_cat?post=6959"},{"taxonomy":"product_tag","embeddable":true,"href":"https:\/\/k-beautyci.com\/fr\/wp-json\/wp\/v2\/product_tag?post=6959"}],"curies":[{"name":"wp","href":"https:\/\/api.w.org\/{rel}","templated":true}]}}