{"id":6954,"date":"2025-02-26T11:31:02","date_gmt":"2025-02-26T11:31:02","guid":{"rendered":"https:\/\/k-beautyci.com\/?post_type=product&#038;p=6954"},"modified":"2025-12-26T22:39:33","modified_gmt":"2025-12-26T22:39:33","slug":"fully-green-tomato-clay-pack-cleanser-120ml","status":"publish","type":"product","link":"https:\/\/k-beautyci.com\/fr\/produit\/fully-green-tomato-clay-pack-cleanser-120ml\/","title":{"rendered":"FULLY Green Tomato Clay Pack Cleanser 120ml"},"content":{"rendered":"<div class=\"pro_infor_title_style\">Comment l'utiliser<\/div>\n<div>\n<div>1. Nettoyant : Pr\u00e9lever une quantit\u00e9 mod\u00e9r\u00e9e de produit, masser d\u00e9licatement la peau et rincer abondamment.<\/div>\n<div>2. Masque  : Appliquer une couche \u00e9paisse sur le visage, laisser agir pendant 3 \u00e0 5 minutes et rincer abondamment.<\/div>\n<div><\/div>\n<\/div>\n<div>Avertissement : Pour usage externe uniquement. Toujours effectuer un test \u00e9picutan\u00e9. Cessez d'utiliser le produit si vous ressentez une quelconque g\u00eane. Suivre les instructions suppl\u00e9mentaires figurant sur l'emballage. Les r\u00e9sultats individuels peuvent varier.<\/div>\n<div>\n<div><\/div>\n<\/div>","protected":false},"excerpt":{"rendered":"<p>Enrichi de 49% d'extrait de tomate verte, Fully Clay Mask Cleanser permet de contr\u00f4ler l'exc\u00e8s de s\u00e9bum et d'exfolier la peau en douceur. Il nettoie en profondeur tout en pr\u00e9servant l'\u00e9quilibre naturel de la peau, ce qui le rend parfait pour tous ceux qui souhaitent am\u00e9liorer leur teint et obtenir une apparence raffin\u00e9e. Il est id\u00e9al pour s'int\u00e9grer \u00e0 une routine de soins de la peau qui privil\u00e9gie l'\u00e9clat naturel et la sant\u00e9.<\/p>","protected":false},"featured_media":6957,"comment_status":"open","ping_status":"closed","template":"","meta":{"om_disable_all_campaigns":false},"product_brand":[],"product_cat":[35,229],"product_tag":[],"class_list":{"0":"post-6954","1":"product","2":"type-product","3":"status-publish","4":"has-post-thumbnail","6":"product_cat-face-cleansers","7":"product_cat-fully","9":"first","10":"instock","11":"shipping-taxable","12":"purchasable","13":"product-type-simple"},"aioseo_notices":[],"jetpack_sharing_enabled":true,"_links":{"self":[{"href":"https:\/\/k-beautyci.com\/fr\/wp-json\/wp\/v2\/product\/6954","targetHints":{"allow":["GET"]}}],"collection":[{"href":"https:\/\/k-beautyci.com\/fr\/wp-json\/wp\/v2\/product"}],"about":[{"href":"https:\/\/k-beautyci.com\/fr\/wp-json\/wp\/v2\/types\/product"}],"replies":[{"embeddable":true,"href":"https:\/\/k-beautyci.com\/fr\/wp-json\/wp\/v2\/comments?post=6954"}],"wp:featuredmedia":[{"embeddable":true,"href":"https:\/\/k-beautyci.com\/fr\/wp-json\/wp\/v2\/media\/6957"}],"wp:attachment":[{"href":"https:\/\/k-beautyci.com\/fr\/wp-json\/wp\/v2\/media?parent=6954"}],"wp:term":[{"taxonomy":"product_brand","embeddable":true,"href":"https:\/\/k-beautyci.com\/fr\/wp-json\/wp\/v2\/product_brand?post=6954"},{"taxonomy":"product_cat","embeddable":true,"href":"https:\/\/k-beautyci.com\/fr\/wp-json\/wp\/v2\/product_cat?post=6954"},{"taxonomy":"product_tag","embeddable":true,"href":"https:\/\/k-beautyci.com\/fr\/wp-json\/wp\/v2\/product_tag?post=6954"}],"curies":[{"name":"wp","href":"https:\/\/api.w.org\/{rel}","templated":true}]}}