{"id":6932,"date":"2025-02-26T11:33:55","date_gmt":"2025-02-26T11:33:55","guid":{"rendered":"https:\/\/k-beautyci.com\/?post_type=product&#038;p=6932"},"modified":"2025-07-04T16:50:40","modified_gmt":"2025-07-04T16:50:40","slug":"dr-althea-rapid-firm-sculpting-cream","status":"publish","type":"product","link":"https:\/\/k-beautyci.com\/fr\/produit\/dr-althea-rapid-firm-sculpting-cream\/","title":{"rendered":"Dr. Althea Rapid Firm Sculpting Cream"},"content":{"rendered":"<p>Comment l'utiliser :<\/p>\n<p>A utiliser en derni\u00e8re \u00e9tape du soin de la peau. Appliquer uniform\u00e9ment une quantit\u00e9 appropri\u00e9e de cr\u00e8me sur le visage et tapoter doucement pour une meilleure absorption.<\/p>\n<p>Avertissement : Pour usage externe uniquement. Toujours effectuer un test \u00e9picutan\u00e9. Cessez d'utiliser le produit si vous ressentez une quelconque g\u00eane. Suivre les instructions suppl\u00e9mentaires figurant sur l'emballage. Les r\u00e9sultats individuels peuvent varier.<\/p>","protected":false},"excerpt":{"rendered":"<p>Cette cr\u00e8me raffermissante rapide est la cl\u00e9 d'une apparence lift\u00e9e et sculpt\u00e9e. Elle maintient l'hydratation de la peau et stimule son \u00e9lasticit\u00e9 pour r\u00e9v\u00e9ler un \u00e9clat jeune et radieux. Cette cr\u00e8me anti-\u00e2ge pour le visage est enrichie en extrait d'edelweiss cor\u00e9en et en peptides pour lutter contre les signes de l'\u00e2ge tels que la perte d'\u00e9lasticit\u00e9 de la peau et les rides et ridules. Sa formule riche et cr\u00e9meuse procure une hydratation et une nutrition intenses sans laisser de r\u00e9sidu collant.<\/p>","protected":false},"featured_media":6937,"comment_status":"open","ping_status":"closed","template":"","meta":{"om_disable_all_campaigns":false},"product_brand":[],"product_cat":[57,207,26],"product_tag":[],"class_list":{"0":"post-6932","1":"product","2":"type-product","3":"status-publish","4":"has-post-thumbnail","6":"product_cat-anti-aging","7":"product_cat-dr-althea","8":"product_cat-face-moisturizer","10":"first","11":"outofstock","12":"shipping-taxable","13":"purchasable","14":"product-type-simple"},"aioseo_notices":[],"jetpack_sharing_enabled":true,"_links":{"self":[{"href":"https:\/\/k-beautyci.com\/fr\/wp-json\/wp\/v2\/product\/6932","targetHints":{"allow":["GET"]}}],"collection":[{"href":"https:\/\/k-beautyci.com\/fr\/wp-json\/wp\/v2\/product"}],"about":[{"href":"https:\/\/k-beautyci.com\/fr\/wp-json\/wp\/v2\/types\/product"}],"replies":[{"embeddable":true,"href":"https:\/\/k-beautyci.com\/fr\/wp-json\/wp\/v2\/comments?post=6932"}],"wp:featuredmedia":[{"embeddable":true,"href":"https:\/\/k-beautyci.com\/fr\/wp-json\/wp\/v2\/media\/6937"}],"wp:attachment":[{"href":"https:\/\/k-beautyci.com\/fr\/wp-json\/wp\/v2\/media?parent=6932"}],"wp:term":[{"taxonomy":"product_brand","embeddable":true,"href":"https:\/\/k-beautyci.com\/fr\/wp-json\/wp\/v2\/product_brand?post=6932"},{"taxonomy":"product_cat","embeddable":true,"href":"https:\/\/k-beautyci.com\/fr\/wp-json\/wp\/v2\/product_cat?post=6932"},{"taxonomy":"product_tag","embeddable":true,"href":"https:\/\/k-beautyci.com\/fr\/wp-json\/wp\/v2\/product_tag?post=6932"}],"curies":[{"name":"wp","href":"https:\/\/api.w.org\/{rel}","templated":true}]}}