{"id":6920,"date":"2025-02-26T11:34:59","date_gmt":"2025-02-26T11:34:59","guid":{"rendered":"https:\/\/k-beautyci.com\/?post_type=product&#038;p=6920"},"modified":"2025-10-19T00:44:35","modified_gmt":"2025-10-19T00:44:35","slug":"vt-collagen-reedle-shot-100","status":"publish","type":"product","link":"https:\/\/k-beautyci.com\/fr\/produit\/vt-collagen-reedle-shot-100\/","title":{"rendered":"VT Collagen Reedle Shot 100"},"content":{"rendered":"<p><b>Comment l'utiliser :<\/b><\/p>\n<div class=\"description-item active\">\n<div class=\"body\">\n<p>Pour votre routine de soin du soir, appliquez une quantit\u00e9 mod\u00e9r\u00e9e sur votre visage propre et sec. Massez doucement et faites p\u00e9n\u00e9trer le s\u00e9rum dans votre peau jusqu'\u00e0 ce qu'il soit enti\u00e8rement absorb\u00e9.<\/p>\n<p>Reedle Shot 100 convient \u00e0 une utilisation quotidienne le soir. Toutefois, nous conseillons d'augmenter progressivement l'utilisation au fur et \u00e0 mesure que votre peau acquiert une certaine tol\u00e9rance. Ne pas utiliser en m\u00eame temps que Reedle Shot 300 et 700.<\/p>\n<p>Avertissement : Pour usage externe uniquement. Toujours effectuer un test \u00e9picutan\u00e9. Cessez d'utiliser le produit si vous ressentez une quelconque g\u00eane. Suivre les instructions suppl\u00e9mentaires figurant sur l'emballage. Les r\u00e9sultats individuels peuvent varier.<\/p>\n<\/div>\n<\/div>\n<div class=\"description-item\">\n<h2 class=\"title\"><\/h2>\n<\/div>","protected":false},"excerpt":{"rendered":"<p>Ce traitement de la peau est infus\u00e9 d'extrait de prot\u00e9ines de lait, de collag\u00e8ne et de vitamine E pour stimuler l'\u00e9lasticit\u00e9 et l'hydratation de la peau. Il contient du CICA REEDLE\u2122 pour aider les ingr\u00e9dients actifs \u00e0 p\u00e9n\u00e9trer profond\u00e9ment dans la couche dermique de la peau pour la nourrir intens\u00e9ment. Test\u00e9 dermatologiquement pour convenir aux peaux sensibles.<\/p>","protected":false},"featured_media":6921,"comment_status":"open","ping_status":"closed","template":"","meta":{"om_disable_all_campaigns":false},"product_brand":[],"product_cat":[31,211],"product_tag":[],"class_list":{"0":"post-6920","1":"product","2":"type-product","3":"status-publish","4":"has-post-thumbnail","6":"product_cat-face-serums","7":"product_cat-vt-cosmetics","9":"first","10":"instock","11":"shipping-taxable","12":"purchasable","13":"product-type-simple"},"aioseo_notices":[],"jetpack_sharing_enabled":true,"_links":{"self":[{"href":"https:\/\/k-beautyci.com\/fr\/wp-json\/wp\/v2\/product\/6920","targetHints":{"allow":["GET"]}}],"collection":[{"href":"https:\/\/k-beautyci.com\/fr\/wp-json\/wp\/v2\/product"}],"about":[{"href":"https:\/\/k-beautyci.com\/fr\/wp-json\/wp\/v2\/types\/product"}],"replies":[{"embeddable":true,"href":"https:\/\/k-beautyci.com\/fr\/wp-json\/wp\/v2\/comments?post=6920"}],"wp:featuredmedia":[{"embeddable":true,"href":"https:\/\/k-beautyci.com\/fr\/wp-json\/wp\/v2\/media\/6921"}],"wp:attachment":[{"href":"https:\/\/k-beautyci.com\/fr\/wp-json\/wp\/v2\/media?parent=6920"}],"wp:term":[{"taxonomy":"product_brand","embeddable":true,"href":"https:\/\/k-beautyci.com\/fr\/wp-json\/wp\/v2\/product_brand?post=6920"},{"taxonomy":"product_cat","embeddable":true,"href":"https:\/\/k-beautyci.com\/fr\/wp-json\/wp\/v2\/product_cat?post=6920"},{"taxonomy":"product_tag","embeddable":true,"href":"https:\/\/k-beautyci.com\/fr\/wp-json\/wp\/v2\/product_tag?post=6920"}],"curies":[{"name":"wp","href":"https:\/\/api.w.org\/{rel}","templated":true}]}}