{"id":6915,"date":"2025-02-26T11:38:50","date_gmt":"2025-02-26T11:38:50","guid":{"rendered":"https:\/\/k-beautyci.com\/?post_type=product&#038;p=6915"},"modified":"2026-03-28T01:19:18","modified_gmt":"2026-03-28T01:19:18","slug":"vt-reedle-shot-300-essence","status":"publish","type":"product","link":"https:\/\/k-beautyci.com\/fr\/produit\/vt-reedle-shot-300-essence\/","title":{"rendered":"VT Reedle Shot 300 Essence"},"content":{"rendered":"<p>Comment l'utiliser :<\/p>\n<p>Pour votre routine de soin du soir, appliquez une quantit\u00e9 mod\u00e9r\u00e9e sur votre visage propre et sec. Massez doucement et faites p\u00e9n\u00e9trer le s\u00e9rum dans votre peau jusqu'\u00e0 ce qu'il soit enti\u00e8rement absorb\u00e9.<\/p>\n<p>Reedle Shot 300 est recommand\u00e9 une fois tous les 3 jours pour une utilisation le soir. Eviter l'utilisation simultan\u00e9e avec Reedle Shot 100 et 700.<\/p>\n<p>Avertissement : Pour usage externe uniquement. Toujours effectuer un test \u00e9picutan\u00e9. Cessez d'utiliser le produit si vous ressentez une quelconque g\u00eane. Suivre les instructions suppl\u00e9mentaires figurant sur l'emballage. Les r\u00e9sultats individuels peuvent varier.<\/p>","protected":false},"excerpt":{"rendered":"<p>Redonnez de l'\u00e9nergie \u00e0 votre peau gr\u00e2ce \u00e0 ce s\u00e9rum stimulant ! Enrichi d'ingr\u00e9dients uniques et puissants, ce produit favorise une absorption plus profonde des soins pour une peau radieuse et d'apparence plus saine. Convenant \u00e0 tous les types de peau, cette formule apaisante a un effet stimulant pour tous les besoins de la peau !<\/p>","protected":false},"featured_media":6919,"comment_status":"open","ping_status":"closed","template":"","meta":{"om_disable_all_campaigns":false},"product_brand":[],"product_cat":[31,211],"product_tag":[],"class_list":{"0":"post-6915","1":"product","2":"type-product","3":"status-publish","4":"has-post-thumbnail","6":"product_cat-face-serums","7":"product_cat-vt-cosmetics","9":"first","10":"instock","11":"shipping-taxable","12":"purchasable","13":"product-type-simple"},"aioseo_notices":[],"jetpack_sharing_enabled":true,"_links":{"self":[{"href":"https:\/\/k-beautyci.com\/fr\/wp-json\/wp\/v2\/product\/6915","targetHints":{"allow":["GET"]}}],"collection":[{"href":"https:\/\/k-beautyci.com\/fr\/wp-json\/wp\/v2\/product"}],"about":[{"href":"https:\/\/k-beautyci.com\/fr\/wp-json\/wp\/v2\/types\/product"}],"replies":[{"embeddable":true,"href":"https:\/\/k-beautyci.com\/fr\/wp-json\/wp\/v2\/comments?post=6915"}],"wp:featuredmedia":[{"embeddable":true,"href":"https:\/\/k-beautyci.com\/fr\/wp-json\/wp\/v2\/media\/6919"}],"wp:attachment":[{"href":"https:\/\/k-beautyci.com\/fr\/wp-json\/wp\/v2\/media?parent=6915"}],"wp:term":[{"taxonomy":"product_brand","embeddable":true,"href":"https:\/\/k-beautyci.com\/fr\/wp-json\/wp\/v2\/product_brand?post=6915"},{"taxonomy":"product_cat","embeddable":true,"href":"https:\/\/k-beautyci.com\/fr\/wp-json\/wp\/v2\/product_cat?post=6915"},{"taxonomy":"product_tag","embeddable":true,"href":"https:\/\/k-beautyci.com\/fr\/wp-json\/wp\/v2\/product_tag?post=6915"}],"curies":[{"name":"wp","href":"https:\/\/api.w.org\/{rel}","templated":true}]}}