{"id":6909,"date":"2025-02-26T11:39:41","date_gmt":"2025-02-26T11:39:41","guid":{"rendered":"https:\/\/k-beautyci.com\/?post_type=product&#038;p=6909"},"modified":"2026-01-30T17:49:10","modified_gmt":"2026-01-30T17:49:10","slug":"numbuzin-no-9-nad-bio-lifting-sil-full-face-mask","status":"publish","type":"product","link":"https:\/\/k-beautyci.com\/fr\/produit\/numbuzin-no-9-nad-bio-lifting-sil-full-face-mask\/","title":{"rendered":"numbuzin No.9 NAD Bio Lifting-sil Full Face Mask"},"content":{"rendered":"<p><b>Comment l'utiliser :<\/b><br \/>\n1. Fixez la feuille sup\u00e9rieure \u00e0 la partie sup\u00e9rieure de la face.<\/p>\n<p>2. Attachez l'al\u00e8se inf\u00e9rieure \u00e0 la partie inf\u00e9rieure du visage et tirez les deux c\u00f4t\u00e9s de l'al\u00e8se sur les oreilles.<\/p>\n<p>3. Attachez l'anneau de levage en partant du menton jusqu'au sommet de la t\u00eate.<\/p>\n<p>4. Apr\u00e8s 20 minutes, retirez toutes les feuilles et tapotez-les doucement pour une meilleure absorption.<\/p>\n<p>Avertissement : Pour usage externe uniquement. Toujours effectuer un test \u00e9picutan\u00e9. Cessez d'utiliser le produit si vous ressentez une quelconque g\u00eane. Suivre les instructions suppl\u00e9mentaires figurant sur l'emballage. Les r\u00e9sultats individuels peuvent varier.<\/p>","protected":false},"excerpt":{"rendered":"<p>Ce masque liftant enrichi de NAD+, de collag\u00e8ne et de 50 peptides procure \u00e0 la peau un effet liftant et anti-poches instantan\u00e9. Infus\u00e9 de NAD+, de collag\u00e8ne, de peptides et d'ad\u00e9nosine, il r\u00e9duit les pores et les rides tout en raffermissant la peau. La bande de lifting incluse maximise l'effet de lifting.<\/p>","protected":false},"featured_media":6914,"comment_status":"open","ping_status":"closed","template":"","meta":{"om_disable_all_campaigns":false},"product_brand":[],"product_cat":[62,190],"product_tag":[],"class_list":{"0":"post-6909","1":"product","2":"type-product","3":"status-publish","4":"has-post-thumbnail","6":"product_cat-face-masks","7":"product_cat-numbuzin","9":"first","10":"instock","11":"shipping-taxable","12":"purchasable","13":"product-type-variable"},"aioseo_notices":[],"jetpack_sharing_enabled":true,"_links":{"self":[{"href":"https:\/\/k-beautyci.com\/fr\/wp-json\/wp\/v2\/product\/6909","targetHints":{"allow":["GET"]}}],"collection":[{"href":"https:\/\/k-beautyci.com\/fr\/wp-json\/wp\/v2\/product"}],"about":[{"href":"https:\/\/k-beautyci.com\/fr\/wp-json\/wp\/v2\/types\/product"}],"replies":[{"embeddable":true,"href":"https:\/\/k-beautyci.com\/fr\/wp-json\/wp\/v2\/comments?post=6909"}],"wp:featuredmedia":[{"embeddable":true,"href":"https:\/\/k-beautyci.com\/fr\/wp-json\/wp\/v2\/media\/6914"}],"wp:attachment":[{"href":"https:\/\/k-beautyci.com\/fr\/wp-json\/wp\/v2\/media?parent=6909"}],"wp:term":[{"taxonomy":"product_brand","embeddable":true,"href":"https:\/\/k-beautyci.com\/fr\/wp-json\/wp\/v2\/product_brand?post=6909"},{"taxonomy":"product_cat","embeddable":true,"href":"https:\/\/k-beautyci.com\/fr\/wp-json\/wp\/v2\/product_cat?post=6909"},{"taxonomy":"product_tag","embeddable":true,"href":"https:\/\/k-beautyci.com\/fr\/wp-json\/wp\/v2\/product_tag?post=6909"}],"curies":[{"name":"wp","href":"https:\/\/api.w.org\/{rel}","templated":true}]}}