{"id":6884,"date":"2025-02-26T11:43:36","date_gmt":"2025-02-26T11:43:36","guid":{"rendered":"https:\/\/k-beautyci.com\/?post_type=product&#038;p=6884"},"modified":"2025-02-28T21:31:03","modified_gmt":"2025-02-28T21:31:03","slug":"medicube-red-cream-2-0","status":"publish","type":"product","link":"https:\/\/k-beautyci.com\/fr\/produit\/medicube-red-cream-2-0\/","title":{"rendered":"medicube Red Cream 2.0"},"content":{"rendered":"<div class=\"pro_infor_title_style\">Comment l'utiliser<\/div>\n<p>1. Apr\u00e8s avoir utilis\u00e9 un nettoyant, un tonique et un s\u00e9rum, appliquez uniform\u00e9ment une quantit\u00e9 suffisante sur le visage<br \/>\n3. Tapoter doucement pour une meilleure absorption.<\/p>\n<p>Avertissement : Pour usage externe uniquement. Toujours effectuer un test \u00e9picutan\u00e9. Cessez d'utiliser le produit si vous ressentez une quelconque g\u00eane. Suivre les instructions suppl\u00e9mentaires figurant sur l'emballage. Les r\u00e9sultats individuels peuvent varier.<\/p>","protected":false},"excerpt":{"rendered":"<p>La cr\u00e8me rouge de medicube apaise et hydrate la peau. La version am\u00e9lior\u00e9e 2.0 contient une forte concentration d'ingr\u00e9dients anti-taches, ce qui rend la cr\u00e8me parfaite pour les peaux grasses et sujettes \u00e0 l'acn\u00e9. Elle est formul\u00e9e avec des ingr\u00e9dients anti-acn\u00e9 comme le niacinamide et l'acide salicylique. Elle est \u00e9galement enrichie d'huile de feuilles d'arbre \u00e0 th\u00e9 et d'extrait de centella pour calmer les rougeurs et les irritations. Il a \u00e9t\u00e9 test\u00e9 cliniquement pour \u00eatre hypoallerg\u00e9nique. Convient aux peaux sensibles.<\/p>","protected":false},"featured_media":6890,"comment_status":"open","ping_status":"closed","template":"","meta":{"om_disable_all_campaigns":false},"product_brand":[],"product_cat":[88,26,215,74,71],"product_tag":[],"class_list":{"0":"post-6884","1":"product","2":"type-product","3":"status-publish","4":"has-post-thumbnail","6":"product_cat-centella","7":"product_cat-face-moisturizer","8":"product_cat-medicube","9":"product_cat-niacinamide","10":"product_cat-salicylic-acid","12":"first","13":"outofstock","14":"shipping-taxable","15":"purchasable","16":"product-type-simple"},"aioseo_notices":[],"jetpack_sharing_enabled":true,"_links":{"self":[{"href":"https:\/\/k-beautyci.com\/fr\/wp-json\/wp\/v2\/product\/6884","targetHints":{"allow":["GET"]}}],"collection":[{"href":"https:\/\/k-beautyci.com\/fr\/wp-json\/wp\/v2\/product"}],"about":[{"href":"https:\/\/k-beautyci.com\/fr\/wp-json\/wp\/v2\/types\/product"}],"replies":[{"embeddable":true,"href":"https:\/\/k-beautyci.com\/fr\/wp-json\/wp\/v2\/comments?post=6884"}],"wp:featuredmedia":[{"embeddable":true,"href":"https:\/\/k-beautyci.com\/fr\/wp-json\/wp\/v2\/media\/6890"}],"wp:attachment":[{"href":"https:\/\/k-beautyci.com\/fr\/wp-json\/wp\/v2\/media?parent=6884"}],"wp:term":[{"taxonomy":"product_brand","embeddable":true,"href":"https:\/\/k-beautyci.com\/fr\/wp-json\/wp\/v2\/product_brand?post=6884"},{"taxonomy":"product_cat","embeddable":true,"href":"https:\/\/k-beautyci.com\/fr\/wp-json\/wp\/v2\/product_cat?post=6884"},{"taxonomy":"product_tag","embeddable":true,"href":"https:\/\/k-beautyci.com\/fr\/wp-json\/wp\/v2\/product_tag?post=6884"}],"curies":[{"name":"wp","href":"https:\/\/api.w.org\/{rel}","templated":true}]}}