{"id":6860,"date":"2025-02-26T11:47:08","date_gmt":"2025-02-26T11:47:08","guid":{"rendered":"https:\/\/k-beautyci.com\/?post_type=product&#038;p=6860"},"modified":"2025-10-19T00:44:32","modified_gmt":"2025-10-19T00:44:32","slug":"medicube-exosome-cica-ampoule","status":"publish","type":"product","link":"https:\/\/k-beautyci.com\/fr\/produit\/medicube-exosome-cica-ampoule\/","title":{"rendered":"medicube Exosome Cica Ampoule"},"content":{"rendered":"<p><b>Comment l'utiliser :<\/b><\/p>\n<p>&nbsp;<\/p>\n<ul>\n<li>Masser la peau apr\u00e8s l'avoir nettoy\u00e9e et tonifi\u00e9e et la tamponner l\u00e9g\u00e8rement pour une meilleure absorption.<\/li>\n<\/ul>\n<p>Avertissement : Pour usage externe uniquement. Toujours effectuer un test \u00e9picutan\u00e9. Cessez d'utiliser le produit si vous ressentez une quelconque g\u00eane. Suivre les instructions suppl\u00e9mentaires figurant sur l'emballage. Les r\u00e9sultats individuels peuvent varier.<\/p>","protected":false},"excerpt":{"rendered":"<p>Cette ampoule contient 12 types d'ingr\u00e9dients d\u00e9riv\u00e9s du cica (dont des exosomes de cica de taille nanom\u00e9trique) ainsi que de l'ecto\u00efne, ce qui vous permettra d'obtenir une peau \u00e9clatante et saine. Des ingr\u00e9dients suppl\u00e9mentaires comme le panth\u00e9nol et les extraits de r\u00e9glisse tiennent les irritations \u00e0 distance. La formule sans parfum a \u00e9t\u00e9 test\u00e9e dermatologiquement pour convenir aux peaux sensibles.<\/p>","protected":false},"featured_media":6861,"comment_status":"open","ping_status":"closed","template":"","meta":{"om_disable_all_campaigns":false},"product_brand":[],"product_cat":[15],"product_tag":[],"class_list":{"0":"post-6860","1":"product","2":"type-product","3":"status-publish","4":"has-post-thumbnail","6":"product_cat-uncategorized","8":"first","9":"instock","10":"shipping-taxable","11":"purchasable","12":"product-type-simple"},"aioseo_notices":[],"jetpack_sharing_enabled":true,"_links":{"self":[{"href":"https:\/\/k-beautyci.com\/fr\/wp-json\/wp\/v2\/product\/6860","targetHints":{"allow":["GET"]}}],"collection":[{"href":"https:\/\/k-beautyci.com\/fr\/wp-json\/wp\/v2\/product"}],"about":[{"href":"https:\/\/k-beautyci.com\/fr\/wp-json\/wp\/v2\/types\/product"}],"replies":[{"embeddable":true,"href":"https:\/\/k-beautyci.com\/fr\/wp-json\/wp\/v2\/comments?post=6860"}],"wp:featuredmedia":[{"embeddable":true,"href":"https:\/\/k-beautyci.com\/fr\/wp-json\/wp\/v2\/media\/6861"}],"wp:attachment":[{"href":"https:\/\/k-beautyci.com\/fr\/wp-json\/wp\/v2\/media?parent=6860"}],"wp:term":[{"taxonomy":"product_brand","embeddable":true,"href":"https:\/\/k-beautyci.com\/fr\/wp-json\/wp\/v2\/product_brand?post=6860"},{"taxonomy":"product_cat","embeddable":true,"href":"https:\/\/k-beautyci.com\/fr\/wp-json\/wp\/v2\/product_cat?post=6860"},{"taxonomy":"product_tag","embeddable":true,"href":"https:\/\/k-beautyci.com\/fr\/wp-json\/wp\/v2\/product_tag?post=6860"}],"curies":[{"name":"wp","href":"https:\/\/api.w.org\/{rel}","templated":true}]}}