{"id":6854,"date":"2025-02-26T11:48:25","date_gmt":"2025-02-26T11:48:25","guid":{"rendered":"https:\/\/k-beautyci.com\/?post_type=product&#038;p=6854"},"modified":"2025-04-24T23:31:38","modified_gmt":"2025-04-24T23:31:38","slug":"medicube-zero-pore-one-day-serum-30ml","status":"publish","type":"product","link":"https:\/\/k-beautyci.com\/fr\/produit\/medicube-zero-pore-one-day-serum-30ml\/","title":{"rendered":"Medicube ZERO PORE ONE DAY SERUM 30ml"},"content":{"rendered":"<p>Comment l'utiliser :<\/p>\n<div class=\"col item\">\n<p>1. Apr\u00e8s avoir utilis\u00e9 le tonique, presser une quantit\u00e9 appropri\u00e9e de Zero Pore One Day Serum sur la paume de la main.<br \/>\n2. Appliquer uniform\u00e9ment sur le visage en partant du centre vers l'ext\u00e9rieur.<br \/>\n3. Tapoter doucement pour une meilleure absorption.<\/p>\n<p>Utiliser uniquement selon les instructions. \u00c9viter tout contact avec les yeux. Si l'irritation persiste, cesser l'utilisation et consulter un m\u00e9decin. Avant de s'exposer au soleil, il est recommand\u00e9 aux utilisateurs de couvrir les zones o\u00f9 les AHA ont \u00e9t\u00e9 appliqu\u00e9s avec un \u00e9cran solaire. Le contact du produit avec la peau doit \u00eatre limit\u00e9 en fr\u00e9quence et en dur\u00e9e.<\/p>\n<p>Comme ce produit contient des AHA, BHA et PHA, nous recommandons de l'utiliser uniquement le soir.<\/p>\n<\/div>","protected":false},"excerpt":{"rendered":"<p>L'exfoliation quotidienne \u00e0 l'aide de 15,2 % d'AHA+BHA+PHA et de Niacinamide permet d'affiner la peau pendant la nuit. R\u00e9duisez visiblement l'apparence des pores et obtenez une peau tonique et hydrat\u00e9e avec une production de s\u00e9bum r\u00e9duite. Ce s\u00e9rum ne se contente pas de r\u00e9duire l'apparence des pores, il offre \u00e9galement d'autres avantages tels qu'une peau plus tonique, la r\u00e9duction des points noirs, des points blancs et de la production excessive de s\u00e9bum. Il est cliniquement prouv\u00e9 qu'il affine les pores et am\u00e9liore la texture de la peau.<\/p>","protected":false},"featured_media":6859,"comment_status":"open","ping_status":"closed","template":"","meta":{"om_disable_all_campaigns":false},"product_brand":[],"product_cat":[78,31,215,74],"product_tag":[],"class_list":{"0":"post-6854","1":"product","2":"type-product","3":"status-publish","4":"has-post-thumbnail","6":"product_cat-aha-bha","7":"product_cat-face-serums","8":"product_cat-medicube","9":"product_cat-niacinamide","11":"first","12":"instock","13":"shipping-taxable","14":"purchasable","15":"product-type-simple"},"aioseo_notices":[],"jetpack_sharing_enabled":true,"_links":{"self":[{"href":"https:\/\/k-beautyci.com\/fr\/wp-json\/wp\/v2\/product\/6854","targetHints":{"allow":["GET"]}}],"collection":[{"href":"https:\/\/k-beautyci.com\/fr\/wp-json\/wp\/v2\/product"}],"about":[{"href":"https:\/\/k-beautyci.com\/fr\/wp-json\/wp\/v2\/types\/product"}],"replies":[{"embeddable":true,"href":"https:\/\/k-beautyci.com\/fr\/wp-json\/wp\/v2\/comments?post=6854"}],"wp:featuredmedia":[{"embeddable":true,"href":"https:\/\/k-beautyci.com\/fr\/wp-json\/wp\/v2\/media\/6859"}],"wp:attachment":[{"href":"https:\/\/k-beautyci.com\/fr\/wp-json\/wp\/v2\/media?parent=6854"}],"wp:term":[{"taxonomy":"product_brand","embeddable":true,"href":"https:\/\/k-beautyci.com\/fr\/wp-json\/wp\/v2\/product_brand?post=6854"},{"taxonomy":"product_cat","embeddable":true,"href":"https:\/\/k-beautyci.com\/fr\/wp-json\/wp\/v2\/product_cat?post=6854"},{"taxonomy":"product_tag","embeddable":true,"href":"https:\/\/k-beautyci.com\/fr\/wp-json\/wp\/v2\/product_tag?post=6854"}],"curies":[{"name":"wp","href":"https:\/\/api.w.org\/{rel}","templated":true}]}}