{"id":6847,"date":"2025-02-26T11:50:48","date_gmt":"2025-02-26T11:50:48","guid":{"rendered":"https:\/\/k-beautyci.com\/?post_type=product&#038;p=6847"},"modified":"2025-06-09T18:10:23","modified_gmt":"2025-06-09T18:10:23","slug":"medicube-zero-pore-one-day-cream","status":"publish","type":"product","link":"https:\/\/k-beautyci.com\/fr\/produit\/medicube-zero-pore-one-day-cream\/","title":{"rendered":"medicube Zero Pore One Day Cream"},"content":{"rendered":"<p><b>Comment l'utiliser :<\/b><br \/>\n1. Lors de la derni\u00e8re \u00e9tape du soin, appliquer une quantit\u00e9 mod\u00e9r\u00e9e sur l'ensemble du visage.<\/p>\n<p>2. Tamponner doucement pour faciliter l'absorption.<\/p>\n<p>Avertissement : Pour usage externe uniquement. Toujours effectuer un test \u00e9picutan\u00e9. Cessez d'utiliser le produit si vous ressentez une quelconque g\u00eane. Suivre les instructions suppl\u00e9mentaires figurant sur l'emballage. Les r\u00e9sultats individuels peuvent varier.<\/p>","protected":false},"excerpt":{"rendered":"<p>La Zero Pore One Day Cream de medicube resserre les pores pour un fini lisse et raffin\u00e9. Elle contient du panth\u00e9nol, du niacinamide et de l'acide salicylique pour \u00e9quilibrer les niveaux d'hydratation et d'huile de la peau, r\u00e9guler la production de s\u00e9bum et retenir l'humidit\u00e9 pour une peau \u00e9clatante et saine. La formule l\u00e9g\u00e8re est rapidement absorb\u00e9e et laisse un fini lisse et doux sans aucun r\u00e9sidu gras.<\/p>","protected":false},"featured_media":6843,"comment_status":"open","ping_status":"closed","template":"","meta":{"om_disable_all_campaigns":false},"product_brand":[],"product_cat":[26,215,74,223,71],"product_tag":[],"class_list":{"0":"post-6847","1":"product","2":"type-product","3":"status-publish","4":"has-post-thumbnail","6":"product_cat-face-moisturizer","7":"product_cat-medicube","8":"product_cat-niacinamide","9":"product_cat-panthenol","10":"product_cat-salicylic-acid","12":"first","13":"outofstock","14":"shipping-taxable","15":"purchasable","16":"product-type-simple"},"aioseo_notices":[],"jetpack_sharing_enabled":true,"_links":{"self":[{"href":"https:\/\/k-beautyci.com\/fr\/wp-json\/wp\/v2\/product\/6847","targetHints":{"allow":["GET"]}}],"collection":[{"href":"https:\/\/k-beautyci.com\/fr\/wp-json\/wp\/v2\/product"}],"about":[{"href":"https:\/\/k-beautyci.com\/fr\/wp-json\/wp\/v2\/types\/product"}],"replies":[{"embeddable":true,"href":"https:\/\/k-beautyci.com\/fr\/wp-json\/wp\/v2\/comments?post=6847"}],"wp:featuredmedia":[{"embeddable":true,"href":"https:\/\/k-beautyci.com\/fr\/wp-json\/wp\/v2\/media\/6843"}],"wp:attachment":[{"href":"https:\/\/k-beautyci.com\/fr\/wp-json\/wp\/v2\/media?parent=6847"}],"wp:term":[{"taxonomy":"product_brand","embeddable":true,"href":"https:\/\/k-beautyci.com\/fr\/wp-json\/wp\/v2\/product_brand?post=6847"},{"taxonomy":"product_cat","embeddable":true,"href":"https:\/\/k-beautyci.com\/fr\/wp-json\/wp\/v2\/product_cat?post=6847"},{"taxonomy":"product_tag","embeddable":true,"href":"https:\/\/k-beautyci.com\/fr\/wp-json\/wp\/v2\/product_tag?post=6847"}],"curies":[{"name":"wp","href":"https:\/\/api.w.org\/{rel}","templated":true}]}}