{"id":6829,"date":"2025-02-26T11:52:47","date_gmt":"2025-02-26T11:52:47","guid":{"rendered":"https:\/\/k-beautyci.com\/?post_type=product&#038;p=6829"},"modified":"2025-08-10T11:01:49","modified_gmt":"2025-08-10T11:01:49","slug":"medicube-age-r-booster-pro-pink","status":"publish","type":"product","link":"https:\/\/k-beautyci.com\/fr\/produit\/medicube-age-r-booster-pro-pink\/","title":{"rendered":"medicube Age-R Booster Pro &#8211; Pink"},"content":{"rendered":"<p>Comment l'utiliser :<\/p>\n<div class=\"description-item active\">\n<div class=\"body\">\n<p>Allumez l'appareil en maintenant le bouton enfonc\u00e9 pendant plus de 2 secondes. Appuyez bri\u00e8vement sur le bouton de mode pour changer de mode. Changez de niveau en appuyant bri\u00e8vement sur le bouton d'alimentation.<\/p>\n<ul>\n<li>Mode Booster : Apr\u00e8s l'application du soin, faire rouler le produit sur la peau 1 \u00e0 3 fois par jour.<\/li>\n<li>Mode MC : Tirer doucement vers le haut sur la peau 1 \u00e0 3 fois par jour.<\/li>\n<li>Mode Derma Shot : Masser lentement et faire une pause de 1 \u00e0 2 secondes sur les zones souhait\u00e9es 1 \u00e0 3 fois par jour.<\/li>\n<li>Mode Air shot : Brosser la peau s\u00e8che 2 \u00e0 3 fois par semaine.<\/li>\n<\/ul>\n<p>Pour usage externe uniquement. Cesser l'utilisation en cas d'inconfort. Suivre les instructions suppl\u00e9mentaires figurant sur l'emballage. Les r\u00e9sultats peuvent varier d'une personne \u00e0 l'autre.<\/p>\n<\/div>\n<\/div>\n<div class=\"description-item\">\n<h2 class=\"title\"><\/h2>\n<\/div>","protected":false},"excerpt":{"rendered":"<p>Cet appareil de beaut\u00e9 viral six-en-un est un r\u00eave pour votre peau. Regardez la baguette high-tech de medicube am\u00e9liorer l'absorption des soins et l'\u00e9lasticit\u00e9 de la peau pour une peau visiblement plus lisse et plus saine. C'est une v\u00e9ritable affaire pour une peau de verre \u00e9clatante.<\/p>","protected":false},"featured_media":6836,"comment_status":"open","ping_status":"closed","template":"","meta":{"om_disable_all_campaigns":false},"product_brand":[],"product_cat":[215],"product_tag":[],"class_list":{"0":"post-6829","1":"product","2":"type-product","3":"status-publish","4":"has-post-thumbnail","6":"product_cat-medicube","8":"first","9":"outofstock","10":"shipping-taxable","11":"purchasable","12":"product-type-simple"},"aioseo_notices":[],"jetpack_sharing_enabled":true,"_links":{"self":[{"href":"https:\/\/k-beautyci.com\/fr\/wp-json\/wp\/v2\/product\/6829","targetHints":{"allow":["GET"]}}],"collection":[{"href":"https:\/\/k-beautyci.com\/fr\/wp-json\/wp\/v2\/product"}],"about":[{"href":"https:\/\/k-beautyci.com\/fr\/wp-json\/wp\/v2\/types\/product"}],"replies":[{"embeddable":true,"href":"https:\/\/k-beautyci.com\/fr\/wp-json\/wp\/v2\/comments?post=6829"}],"wp:featuredmedia":[{"embeddable":true,"href":"https:\/\/k-beautyci.com\/fr\/wp-json\/wp\/v2\/media\/6836"}],"wp:attachment":[{"href":"https:\/\/k-beautyci.com\/fr\/wp-json\/wp\/v2\/media?parent=6829"}],"wp:term":[{"taxonomy":"product_brand","embeddable":true,"href":"https:\/\/k-beautyci.com\/fr\/wp-json\/wp\/v2\/product_brand?post=6829"},{"taxonomy":"product_cat","embeddable":true,"href":"https:\/\/k-beautyci.com\/fr\/wp-json\/wp\/v2\/product_cat?post=6829"},{"taxonomy":"product_tag","embeddable":true,"href":"https:\/\/k-beautyci.com\/fr\/wp-json\/wp\/v2\/product_tag?post=6829"}],"curies":[{"name":"wp","href":"https:\/\/api.w.org\/{rel}","templated":true}]}}