{"id":6816,"date":"2025-02-26T11:53:45","date_gmt":"2025-02-26T11:53:45","guid":{"rendered":"https:\/\/k-beautyci.com\/?post_type=product&#038;p=6816"},"modified":"2026-03-08T19:08:26","modified_gmt":"2026-03-08T19:08:26","slug":"medicube-deep-vita-c-capsule-cream","status":"publish","type":"product","link":"https:\/\/k-beautyci.com\/fr\/produit\/medicube-deep-vita-c-capsule-cream\/","title":{"rendered":"medicube Deep Vita C Capsule Cream"},"content":{"rendered":"<p>Comment l'utiliser :<\/p>\n<p>M\u00e9langez la capsule de vitamines et le gel transparent dans un rapport adapt\u00e9 \u00e0 votre type de peau. Appliquer sur le visage et le cou apr\u00e8s le s\u00e9rum, matin et soir. Pour un fini l\u00e9ger, augmentez la proportion de gel ; pour une hydratation et une \u00e9lasticit\u00e9 plus profondes, augmentez la proportion de capsule.<\/p>\n<p>Ratios recommand\u00e9s :<\/p>\n<ul>\n<li>Peau grasse :Gel Transparent  2: Capsule de vitamine C 1<\/li>\n<li>Peau normale et mixte :Gel Transparent  1: Capsule de vitamine C 1<\/li>\n<li>Peau s\u00e8che et sensible : Gel transparent 1: Capsule de vitamine C 2<\/li>\n<\/ul>\n<p>Avertissement : Pour usage externe uniquement. Toujours effectuer un test \u00e9picutan\u00e9. Cessez d'utiliser le produit si vous ressentez une quelconque g\u00eane. Suivre les instructions suppl\u00e9mentaires figurant sur l'emballage. Les r\u00e9sultats individuels peuvent varier.<\/p>","protected":false},"excerpt":{"rendered":"<p>\u00c9clatez, lissez et brillez comme de l'or. Cette cr\u00e8me \u00e9claircissante contient 500 000 ppm de vitamine arborescente ainsi que des capsules de vitamine C et cinq d\u00e9riv\u00e9s de vitamine C qui donnent un \u00e9clat majeur \u00e0 la peau tout en la raffermissant, en l'hydratant et en l'affinant. Cette formule douce mais puissante a \u00e9t\u00e9 test\u00e9e dermatologiquement pour convenir aux peaux sensibles.<\/p>","protected":false},"featured_media":6820,"comment_status":"open","ping_status":"closed","template":"","meta":{"om_disable_all_campaigns":false},"product_brand":[],"product_cat":[52,26,215],"product_tag":[],"class_list":{"0":"post-6816","1":"product","2":"type-product","3":"status-publish","4":"has-post-thumbnail","6":"product_cat-dark-spots","7":"product_cat-face-moisturizer","8":"product_cat-medicube","10":"first","11":"instock","12":"shipping-taxable","13":"purchasable","14":"product-type-simple"},"aioseo_notices":[],"jetpack_sharing_enabled":true,"_links":{"self":[{"href":"https:\/\/k-beautyci.com\/fr\/wp-json\/wp\/v2\/product\/6816","targetHints":{"allow":["GET"]}}],"collection":[{"href":"https:\/\/k-beautyci.com\/fr\/wp-json\/wp\/v2\/product"}],"about":[{"href":"https:\/\/k-beautyci.com\/fr\/wp-json\/wp\/v2\/types\/product"}],"replies":[{"embeddable":true,"href":"https:\/\/k-beautyci.com\/fr\/wp-json\/wp\/v2\/comments?post=6816"}],"wp:featuredmedia":[{"embeddable":true,"href":"https:\/\/k-beautyci.com\/fr\/wp-json\/wp\/v2\/media\/6820"}],"wp:attachment":[{"href":"https:\/\/k-beautyci.com\/fr\/wp-json\/wp\/v2\/media?parent=6816"}],"wp:term":[{"taxonomy":"product_brand","embeddable":true,"href":"https:\/\/k-beautyci.com\/fr\/wp-json\/wp\/v2\/product_brand?post=6816"},{"taxonomy":"product_cat","embeddable":true,"href":"https:\/\/k-beautyci.com\/fr\/wp-json\/wp\/v2\/product_cat?post=6816"},{"taxonomy":"product_tag","embeddable":true,"href":"https:\/\/k-beautyci.com\/fr\/wp-json\/wp\/v2\/product_tag?post=6816"}],"curies":[{"name":"wp","href":"https:\/\/api.w.org\/{rel}","templated":true}]}}