{"id":6813,"date":"2025-02-26T11:54:53","date_gmt":"2025-02-26T11:54:53","guid":{"rendered":"https:\/\/k-beautyci.com\/?post_type=product&#038;p=6813"},"modified":"2026-03-12T12:59:55","modified_gmt":"2026-03-12T12:59:55","slug":"medicube-pdrn-booster-gel-300ml","status":"publish","type":"product","link":"https:\/\/k-beautyci.com\/fr\/produit\/medicube-pdrn-booster-gel-300ml\/","title":{"rendered":"medicube PDRN Booster Gel 300ml"},"content":{"rendered":"<p>Comment l'utiliser :<\/p>\n<p>Avec un appareil Age-R :\u00a0Appliquez une couche uniforme de gel d'\u00e9paisseur moyenne sur votre visage, en \u00e9vitant le contour des yeux et des l\u00e8vres. Choisissez votre mode pr\u00e9f\u00e9r\u00e9 sur votre appareil Age-R. Faites glisser d\u00e9licatement l'appareil sur votre peau jusqu'\u00e0 ce que le gel soit enti\u00e8rement absorb\u00e9.<\/p>\n<p>Sans dispositif Age-R :\u00a0Apr\u00e8s avoir nettoy\u00e9 et tonifi\u00e9 la peau, appliquer une fine couche de gel et masser d\u00e9licatement par des mouvements circulaires jusqu'\u00e0 absorption compl\u00e8te.<\/p>\n<p>Avertissement : Pour usage externe uniquement. Toujours effectuer un test \u00e9picutan\u00e9. Cessez d'utiliser le produit si vous ressentez une quelconque g\u00eane. Suivre les instructions suppl\u00e9mentaires figurant sur l'emballage. Les r\u00e9sultats individuels peuvent varier.<\/p>","protected":false},"excerpt":{"rendered":"<p>Ce gel booster est formul\u00e9 avec un saumon PDRN qui donne un effet calmant et liftant. Le gel hydratant soigne la peau et fait briller l'\u00e9piderme. Contient sept types de peptides qui aident \u00e0 rendre la peau saine et \u00e9lastique en soignant la barri\u00e8re cutan\u00e9e.<\/p>","protected":false},"featured_media":6815,"comment_status":"open","ping_status":"closed","template":"","meta":{"om_disable_all_campaigns":false},"product_brand":[],"product_cat":[215],"product_tag":[],"class_list":{"0":"post-6813","1":"product","2":"type-product","3":"status-publish","4":"has-post-thumbnail","6":"product_cat-medicube","8":"first","9":"outofstock","10":"shipping-taxable","11":"purchasable","12":"product-type-simple"},"aioseo_notices":[],"jetpack_sharing_enabled":true,"_links":{"self":[{"href":"https:\/\/k-beautyci.com\/fr\/wp-json\/wp\/v2\/product\/6813","targetHints":{"allow":["GET"]}}],"collection":[{"href":"https:\/\/k-beautyci.com\/fr\/wp-json\/wp\/v2\/product"}],"about":[{"href":"https:\/\/k-beautyci.com\/fr\/wp-json\/wp\/v2\/types\/product"}],"replies":[{"embeddable":true,"href":"https:\/\/k-beautyci.com\/fr\/wp-json\/wp\/v2\/comments?post=6813"}],"wp:featuredmedia":[{"embeddable":true,"href":"https:\/\/k-beautyci.com\/fr\/wp-json\/wp\/v2\/media\/6815"}],"wp:attachment":[{"href":"https:\/\/k-beautyci.com\/fr\/wp-json\/wp\/v2\/media?parent=6813"}],"wp:term":[{"taxonomy":"product_brand","embeddable":true,"href":"https:\/\/k-beautyci.com\/fr\/wp-json\/wp\/v2\/product_brand?post=6813"},{"taxonomy":"product_cat","embeddable":true,"href":"https:\/\/k-beautyci.com\/fr\/wp-json\/wp\/v2\/product_cat?post=6813"},{"taxonomy":"product_tag","embeddable":true,"href":"https:\/\/k-beautyci.com\/fr\/wp-json\/wp\/v2\/product_tag?post=6813"}],"curies":[{"name":"wp","href":"https:\/\/api.w.org\/{rel}","templated":true}]}}