{"id":6805,"date":"2025-02-26T11:55:46","date_gmt":"2025-02-26T11:55:46","guid":{"rendered":"https:\/\/k-beautyci.com\/?post_type=product&#038;p=6805"},"modified":"2025-11-27T19:15:25","modified_gmt":"2025-11-27T19:15:25","slug":"medicube-one-day-exosome-shot-2000","status":"publish","type":"product","link":"https:\/\/k-beautyci.com\/fr\/produit\/medicube-one-day-exosome-shot-2000\/","title":{"rendered":"medicube One Day Exosome Shot 2000"},"content":{"rendered":"<p>Comment l'utiliser :<\/p>\n<p>D\u00e9butant :\u00a0Apr\u00e8s le nettoyage, pr\u00e9parez votre peau avec les tampons Zero Pore Pads de medicube ou un tonique hydratant. Appliquez l'Exosome Shot sur les zones \u00e0 probl\u00e8mes comme les irr\u00e9gularit\u00e9s du teint ou les pores dilat\u00e9s. Massez doucement et appuyez pour faciliter l'absorption.<\/p>\n<p>Standard :\u00a0Apr\u00e8s avoir nettoy\u00e9 le visage, appliquez l'Exosome Shot sur l'ensemble du visage, en \u00e9vitant les yeux et les l\u00e8vres. Masser doucement et appuyer pour faciliter l'absorption. Pour des r\u00e9sultats optimaux, utilisez l'Exosome Shot comme premi\u00e8re \u00e9tape de votre routine de soins de la peau.\u00a0Conseil de pro :\u00a0Appliquez-le apr\u00e8s avoir utilis\u00e9 l'AGE-R Booster Pro en mode \"Air Shot\" pour des b\u00e9n\u00e9fices accrus.<\/p>\n<p>Avertissement : Pour usage externe uniquement. Toujours effectuer un test \u00e9picutan\u00e9. Cessez d'utiliser le produit si vous ressentez une quelconque g\u00eane. Suivre les instructions suppl\u00e9mentaires figurant sur l'emballage. Les r\u00e9sultats individuels peuvent varier.<\/p>","protected":false},"excerpt":{"rendered":"<p>Redonnez de la vitalit\u00e9 aux peaux fatigu\u00e9es, ternes ou vieillissantes gr\u00e2ce \u00e0 ce s\u00e9rum puissant contenant 2000 ppm d'exosomes pour stimuler la r\u00e9g\u00e9n\u00e9ration des cellules cutan\u00e9es, s'attaquer aux pores dilat\u00e9s et unifier le teint. La formule l\u00e9g\u00e8re s'absorbe rapidement sous la couche dermique de la peau pour renforcer les effets des ingr\u00e9dients actifs sans laisser de sensation collante. L'ampoule a \u00e9t\u00e9 test\u00e9e dermatologiquement pour convenir aux peaux sensibles et sujettes \u00e0 l'acn\u00e9.<\/p>","protected":false},"featured_media":6812,"comment_status":"open","ping_status":"closed","template":"","meta":{"om_disable_all_campaigns":false},"product_brand":[],"product_cat":[32,31,215],"product_tag":[],"class_list":{"0":"post-6805","1":"product","2":"type-product","3":"status-publish","4":"has-post-thumbnail","6":"product_cat-essence","7":"product_cat-face-serums","8":"product_cat-medicube","10":"first","11":"instock","12":"shipping-taxable","13":"purchasable","14":"product-type-simple"},"aioseo_notices":[],"jetpack_sharing_enabled":true,"_links":{"self":[{"href":"https:\/\/k-beautyci.com\/fr\/wp-json\/wp\/v2\/product\/6805","targetHints":{"allow":["GET"]}}],"collection":[{"href":"https:\/\/k-beautyci.com\/fr\/wp-json\/wp\/v2\/product"}],"about":[{"href":"https:\/\/k-beautyci.com\/fr\/wp-json\/wp\/v2\/types\/product"}],"replies":[{"embeddable":true,"href":"https:\/\/k-beautyci.com\/fr\/wp-json\/wp\/v2\/comments?post=6805"}],"wp:featuredmedia":[{"embeddable":true,"href":"https:\/\/k-beautyci.com\/fr\/wp-json\/wp\/v2\/media\/6812"}],"wp:attachment":[{"href":"https:\/\/k-beautyci.com\/fr\/wp-json\/wp\/v2\/media?parent=6805"}],"wp:term":[{"taxonomy":"product_brand","embeddable":true,"href":"https:\/\/k-beautyci.com\/fr\/wp-json\/wp\/v2\/product_brand?post=6805"},{"taxonomy":"product_cat","embeddable":true,"href":"https:\/\/k-beautyci.com\/fr\/wp-json\/wp\/v2\/product_cat?post=6805"},{"taxonomy":"product_tag","embeddable":true,"href":"https:\/\/k-beautyci.com\/fr\/wp-json\/wp\/v2\/product_tag?post=6805"}],"curies":[{"name":"wp","href":"https:\/\/api.w.org\/{rel}","templated":true}]}}