{"id":6671,"date":"2025-01-26T12:36:23","date_gmt":"2025-01-26T12:36:23","guid":{"rendered":"https:\/\/k-beautyci.com\/?post_type=product&#038;p=6671"},"modified":"2026-02-17T01:41:14","modified_gmt":"2026-02-17T01:41:14","slug":"abib-glutathiosome-dark-spot-serum","status":"publish","type":"product","link":"https:\/\/k-beautyci.com\/fr\/produit\/abib-glutathiosome-dark-spot-serum\/","title":{"rendered":"Abib Glutathiosome Dark Spot Serum"},"content":{"rendered":"<p><b>Comment l'utiliser :<\/b><\/p>\n<p>Apr\u00e8s avoir lav\u00e9 et tonifi\u00e9 votre visage, appliquez une quantit\u00e9 appropri\u00e9e de s\u00e9rum et tapotez l\u00e9g\u00e8rement pour l'absorber.<\/p>\n<p>&nbsp;<\/p>\n<p>Avertissement : Pour usage externe uniquement. Toujours effectuer un test \u00e9picutan\u00e9. Cessez d'utiliser le produit si vous ressentez une quelconque g\u00eane. Suivre les instructions suppl\u00e9mentaires figurant sur l'emballage. Les r\u00e9sultats individuels peuvent varier.<\/p>","protected":false},"excerpt":{"rendered":"<p>Ce s\u00e9rum booster d'\u00e9clat est formul\u00e9 avec des ingr\u00e9dients \u00e9claircissants tels que le glutathion, le niacinamide et l'acide ascorbique. Le s\u00e9rum est aliment\u00e9 par la technologie Glutathiosome\u2122 unique d'Abib, qui utilise des microbilles de glutathion qui se brisent et s'absorbent dans la peau d\u00e8s l'application. Convient \u00e0 tous les types de peau, y compris les peaux sensibles.<\/p>","protected":false},"featured_media":6676,"comment_status":"open","ping_status":"closed","template":"","meta":{"om_disable_all_campaigns":false},"product_brand":[],"product_cat":[15],"product_tag":[],"class_list":{"0":"post-6671","1":"product","2":"type-product","3":"status-publish","4":"has-post-thumbnail","6":"product_cat-uncategorized","8":"first","9":"instock","10":"shipping-taxable","11":"purchasable","12":"product-type-simple"},"aioseo_notices":[],"jetpack_sharing_enabled":true,"_links":{"self":[{"href":"https:\/\/k-beautyci.com\/fr\/wp-json\/wp\/v2\/product\/6671","targetHints":{"allow":["GET"]}}],"collection":[{"href":"https:\/\/k-beautyci.com\/fr\/wp-json\/wp\/v2\/product"}],"about":[{"href":"https:\/\/k-beautyci.com\/fr\/wp-json\/wp\/v2\/types\/product"}],"replies":[{"embeddable":true,"href":"https:\/\/k-beautyci.com\/fr\/wp-json\/wp\/v2\/comments?post=6671"}],"wp:featuredmedia":[{"embeddable":true,"href":"https:\/\/k-beautyci.com\/fr\/wp-json\/wp\/v2\/media\/6676"}],"wp:attachment":[{"href":"https:\/\/k-beautyci.com\/fr\/wp-json\/wp\/v2\/media?parent=6671"}],"wp:term":[{"taxonomy":"product_brand","embeddable":true,"href":"https:\/\/k-beautyci.com\/fr\/wp-json\/wp\/v2\/product_brand?post=6671"},{"taxonomy":"product_cat","embeddable":true,"href":"https:\/\/k-beautyci.com\/fr\/wp-json\/wp\/v2\/product_cat?post=6671"},{"taxonomy":"product_tag","embeddable":true,"href":"https:\/\/k-beautyci.com\/fr\/wp-json\/wp\/v2\/product_tag?post=6671"}],"curies":[{"name":"wp","href":"https:\/\/api.w.org\/{rel}","templated":true}]}}