{"id":6647,"date":"2025-01-21T14:30:51","date_gmt":"2025-01-21T14:30:51","guid":{"rendered":"https:\/\/k-beautyci.com\/?post_type=product&#038;p=6647"},"modified":"2025-11-11T20:50:39","modified_gmt":"2025-11-11T20:50:39","slug":"touch-ingrown-hair-roll-on-lotion-with-aha-and-bha-2-oz-ingrown-hair-cream-for-easy-bumps-and-hair-removal","status":"publish","type":"product","link":"https:\/\/k-beautyci.com\/fr\/produit\/touch-ingrown-hair-roll-on-lotion-with-aha-and-bha-2-oz-ingrown-hair-cream-for-easy-bumps-and-hair-removal\/","title":{"rendered":"Touch Ingrown Hair Roll-on Lotion AHA ET BHA - 2 OZ CR\u00c8ME CONTRE LES POILS INCARN\u00c9S POUR UNE \u00c9PILATION FACILE DES BOSSES ET DES POILS"},"content":{"rendered":"<p>Comment l'utiliser :<\/p>\n<p>Veiller \u00e0 ce que la zone cible soit propre et s\u00e8che. <span style=\"font-weight: 400\">Ne pas rincer. Laisser la lotion p\u00e9n\u00e9trer compl\u00e8tement dans la peau. Utiliser le matin et le soir pour obtenir les meilleurs r\u00e9sultats d'\u00e9pilation.<\/span><\/p>\n<p><span style=\"font-weight: 400\">Pour les poils incarn\u00e9s, appliquer directement sur les zones concern\u00e9es selon les besoins. Pour lutter contre les taches brunes, limiter l'application \u00e0 une fois par jour.<\/span><span style=\"font-weight: 400\"><br \/>\n<\/span><\/p>\n<p><span style=\"font-weight: 400\">Utilisez toujours un \u00e9cran solaire pendant la journ\u00e9e pour prot\u00e9ger votre peau de l'exposition aux UV.<\/span><\/p>\n<p>Il est essentiel de se rappeler que les exfoliants topiques ne sont g\u00e9n\u00e9ralement pas recommand\u00e9s pour les jeunes enfants. Si vous \u00eates enceinte ou si vous allaitez, veuillez consulter votre professionnel de la sant\u00e9 avant de les utiliser.<\/p>\n<p>Avertissement : Pour usage externe uniquement. Toujours effectuer un test \u00e9picutan\u00e9. Cessez d'utiliser le produit si vous ressentez une quelconque g\u00eane. Suivre les instructions suppl\u00e9mentaires figurant sur l'emballage. Les r\u00e9sultats individuels peuvent varier.<\/p>","protected":false},"excerpt":{"rendered":"<p>D\u00e9couvrez le secret d'une peau douce et soyeuse avec la meilleure lotion \u00e0 bille contre les poils incarn\u00e9s et notre m\u00e9lange unique d'exfoliants AHA et BHA combin\u00e9s \u00e0 de puissants correcteurs de taches brunes comme la niacinamide et l'acide tranexamique. Con\u00e7ue pour une application pr\u00e9cise, cette lotion cible les br\u00fblures de rasoir, les poils incarn\u00e9s et l'hyperpigmentation dans les zones sensibles, offrant une solution douce mais efficace pour obtenir une peau radieuse et claire.  Plongez dans l'exp\u00e9rience transformatrice de notre lotion roll-on contre les poils incarn\u00e9s, m\u00e9ticuleusement con\u00e7ue pour s'attaquer aux probl\u00e8mes de peau les plus tenaces. Am\u00e9liorez vos soins personnels avec notre cr\u00e8me de traitement contre les poils incarn\u00e9s, votre alli\u00e9e contre les d\u00e9sagr\u00e9ments du rasage et de l'\u00e9pilation. Que vous combattiez les br\u00fblures du rasoir ou les poils incarn\u00e9s persistants, notre formule douce mais efficace offre une approche pr\u00e9cise des soins de la peau. Chaque application de cette cr\u00e8me contre les poils incarn\u00e9s vous rapproche d'une peau lisse et impeccablement nette.<\/p>","protected":false},"featured_media":6652,"comment_status":"open","ping_status":"closed","template":"","meta":{"om_disable_all_campaigns":false},"product_brand":[],"product_cat":[78,212],"product_tag":[],"class_list":{"0":"post-6647","1":"product","2":"type-product","3":"status-publish","4":"has-post-thumbnail","6":"product_cat-aha-bha","7":"product_cat-touch","9":"first","10":"outofstock","11":"shipping-taxable","12":"purchasable","13":"product-type-simple"},"aioseo_notices":[],"jetpack_sharing_enabled":true,"_links":{"self":[{"href":"https:\/\/k-beautyci.com\/fr\/wp-json\/wp\/v2\/product\/6647","targetHints":{"allow":["GET"]}}],"collection":[{"href":"https:\/\/k-beautyci.com\/fr\/wp-json\/wp\/v2\/product"}],"about":[{"href":"https:\/\/k-beautyci.com\/fr\/wp-json\/wp\/v2\/types\/product"}],"replies":[{"embeddable":true,"href":"https:\/\/k-beautyci.com\/fr\/wp-json\/wp\/v2\/comments?post=6647"}],"wp:featuredmedia":[{"embeddable":true,"href":"https:\/\/k-beautyci.com\/fr\/wp-json\/wp\/v2\/media\/6652"}],"wp:attachment":[{"href":"https:\/\/k-beautyci.com\/fr\/wp-json\/wp\/v2\/media?parent=6647"}],"wp:term":[{"taxonomy":"product_brand","embeddable":true,"href":"https:\/\/k-beautyci.com\/fr\/wp-json\/wp\/v2\/product_brand?post=6647"},{"taxonomy":"product_cat","embeddable":true,"href":"https:\/\/k-beautyci.com\/fr\/wp-json\/wp\/v2\/product_cat?post=6647"},{"taxonomy":"product_tag","embeddable":true,"href":"https:\/\/k-beautyci.com\/fr\/wp-json\/wp\/v2\/product_tag?post=6647"}],"curies":[{"name":"wp","href":"https:\/\/api.w.org\/{rel}","templated":true}]}}