{"id":6643,"date":"2025-01-21T14:01:28","date_gmt":"2025-01-21T14:01:28","guid":{"rendered":"https:\/\/k-beautyci.com\/?post_type=product&#038;p=6643"},"modified":"2025-02-07T18:35:07","modified_gmt":"2025-02-07T18:35:07","slug":"medi-peel-peptide-tox-bor-cream","status":"publish","type":"product","link":"https:\/\/k-beautyci.com\/fr\/produit\/medi-peel-peptide-tox-bor-cream\/","title":{"rendered":"MEDI-PEEL &#8211; Peptide-Tox Bor-Cream"},"content":{"rendered":"<p><b>Comment l'utiliser :<\/b><\/p>\n<p>Pr\u00e9lever une quantit\u00e9 mod\u00e9r\u00e9e et l'appliquer d\u00e9licatement du centre vers l'ext\u00e9rieur du visage lors de la derni\u00e8re \u00e9tape de la routine de soins.<\/p>\n<p>Avertissement : Pour usage externe uniquement. Toujours effectuer un test \u00e9picutan\u00e9. Cessez d'utiliser le produit si vous ressentez une quelconque g\u00eane. Suivre les instructions suppl\u00e9mentaires figurant sur l'emballage. Les r\u00e9sultats individuels peuvent varier.<\/p>","protected":false},"excerpt":{"rendered":"<p>Cette cr\u00e8me formul\u00e9e avec cinq types de peptides, du collag\u00e8ne, de l'\u00e9lastine, de l'acide hyaluronique et de la volufiline am\u00e9liore l'\u00e9lasticit\u00e9 de la peau, r\u00e9duit l'apparence des rides et fournit une hydratation intense. Les sept types d'extraits ferment\u00e9s contenus dans la formule p\u00e9n\u00e8trent profond\u00e9ment dans la peau pour la nourrir tout en fortifiant la barri\u00e8re cutan\u00e9e.<\/p>","protected":false},"featured_media":6646,"comment_status":"open","ping_status":"closed","template":"","meta":{"om_disable_all_campaigns":false},"product_brand":[],"product_cat":[57,42,26,15],"product_tag":[],"class_list":{"0":"post-6643","1":"product","2":"type-product","3":"status-publish","4":"has-post-thumbnail","6":"product_cat-anti-aging","7":"product_cat-dry-skin","8":"product_cat-face-moisturizer","9":"product_cat-uncategorized","11":"first","12":"outofstock","13":"shipping-taxable","14":"purchasable","15":"product-type-simple"},"aioseo_notices":[],"jetpack_sharing_enabled":true,"_links":{"self":[{"href":"https:\/\/k-beautyci.com\/fr\/wp-json\/wp\/v2\/product\/6643","targetHints":{"allow":["GET"]}}],"collection":[{"href":"https:\/\/k-beautyci.com\/fr\/wp-json\/wp\/v2\/product"}],"about":[{"href":"https:\/\/k-beautyci.com\/fr\/wp-json\/wp\/v2\/types\/product"}],"replies":[{"embeddable":true,"href":"https:\/\/k-beautyci.com\/fr\/wp-json\/wp\/v2\/comments?post=6643"}],"wp:featuredmedia":[{"embeddable":true,"href":"https:\/\/k-beautyci.com\/fr\/wp-json\/wp\/v2\/media\/6646"}],"wp:attachment":[{"href":"https:\/\/k-beautyci.com\/fr\/wp-json\/wp\/v2\/media?parent=6643"}],"wp:term":[{"taxonomy":"product_brand","embeddable":true,"href":"https:\/\/k-beautyci.com\/fr\/wp-json\/wp\/v2\/product_brand?post=6643"},{"taxonomy":"product_cat","embeddable":true,"href":"https:\/\/k-beautyci.com\/fr\/wp-json\/wp\/v2\/product_cat?post=6643"},{"taxonomy":"product_tag","embeddable":true,"href":"https:\/\/k-beautyci.com\/fr\/wp-json\/wp\/v2\/product_tag?post=6643"}],"curies":[{"name":"wp","href":"https:\/\/api.w.org\/{rel}","templated":true}]}}