{"id":6634,"date":"2025-01-21T00:59:13","date_gmt":"2025-01-21T00:59:13","guid":{"rendered":"https:\/\/k-beautyci.com\/?post_type=product&#038;p=6634"},"modified":"2026-04-16T08:53:51","modified_gmt":"2026-04-16T08:53:51","slug":"dr-althea-vitamin-c-boosting-serum","status":"publish","type":"product","link":"https:\/\/k-beautyci.com\/fr\/produit\/dr-althea-vitamin-c-boosting-serum\/","title":{"rendered":"Dr. Althea Vitamin C Boosting Serum"},"content":{"rendered":"<p><b>Comment l'utiliser :<\/b><\/p>\n<p>Appliquer une quantit\u00e9 mod\u00e9r\u00e9e uniform\u00e9ment sur le visage et tapoter l\u00e9g\u00e8rement pour une meilleure absorption.<\/p>\n<p>&nbsp;<\/p>\n<p>Avertissement : Pour usage externe uniquement. Toujours effectuer un test \u00e9picutan\u00e9. Cessez d'utiliser le produit si vous ressentez une quelconque g\u00eane. Suivre les instructions suppl\u00e9mentaires figurant sur l'emballage. Les r\u00e9sultats individuels peuvent varier.<\/p>","protected":false},"excerpt":{"rendered":"<p>Ce s\u00e9rum \u00e0 base de Vita Boosting Complex redonne de l'\u00e9clat \u00e0 la peau et s'attaque \u00e0 l'hyperpigmentation. La formule v\u00e9g\u00e9talienne contient huit types d'acide hyaluronique pour maintenir des niveaux d'hydratation \u00e9lev\u00e9s, ainsi que de l'allanto\u00efne et du tocoph\u00e9rol pour lutter contre les signes du vieillissement.<\/p>","protected":false},"featured_media":6691,"comment_status":"open","ping_status":"closed","template":"","meta":{"om_disable_all_campaigns":false},"product_brand":[],"product_cat":[207,31,69,72],"product_tag":[],"class_list":{"0":"post-6634","1":"product","2":"type-product","3":"status-publish","4":"has-post-thumbnail","6":"product_cat-dr-althea","7":"product_cat-face-serums","8":"product_cat-hyaluronic-acid","9":"product_cat-vitamin-c","11":"first","12":"outofstock","13":"shipping-taxable","14":"purchasable","15":"product-type-simple"},"aioseo_notices":[],"jetpack_sharing_enabled":true,"_links":{"self":[{"href":"https:\/\/k-beautyci.com\/fr\/wp-json\/wp\/v2\/product\/6634","targetHints":{"allow":["GET"]}}],"collection":[{"href":"https:\/\/k-beautyci.com\/fr\/wp-json\/wp\/v2\/product"}],"about":[{"href":"https:\/\/k-beautyci.com\/fr\/wp-json\/wp\/v2\/types\/product"}],"replies":[{"embeddable":true,"href":"https:\/\/k-beautyci.com\/fr\/wp-json\/wp\/v2\/comments?post=6634"}],"wp:featuredmedia":[{"embeddable":true,"href":"https:\/\/k-beautyci.com\/fr\/wp-json\/wp\/v2\/media\/6691"}],"wp:attachment":[{"href":"https:\/\/k-beautyci.com\/fr\/wp-json\/wp\/v2\/media?parent=6634"}],"wp:term":[{"taxonomy":"product_brand","embeddable":true,"href":"https:\/\/k-beautyci.com\/fr\/wp-json\/wp\/v2\/product_brand?post=6634"},{"taxonomy":"product_cat","embeddable":true,"href":"https:\/\/k-beautyci.com\/fr\/wp-json\/wp\/v2\/product_cat?post=6634"},{"taxonomy":"product_tag","embeddable":true,"href":"https:\/\/k-beautyci.com\/fr\/wp-json\/wp\/v2\/product_tag?post=6634"}],"curies":[{"name":"wp","href":"https:\/\/api.w.org\/{rel}","templated":true}]}}