{"id":6629,"date":"2025-01-21T00:40:23","date_gmt":"2025-01-21T00:40:23","guid":{"rendered":"https:\/\/k-beautyci.com\/?post_type=product&#038;p=6629"},"modified":"2025-02-07T18:35:07","modified_gmt":"2025-02-07T18:35:07","slug":"vt-cica-reti-a-cream-0-05","status":"publish","type":"product","link":"https:\/\/k-beautyci.com\/fr\/produit\/vt-cica-reti-a-cream-0-05\/","title":{"rendered":"VT Cica Reti-A Cream 0.05"},"content":{"rendered":"<p><b>Comment l'utiliser :<\/b><\/p>\n<p>\u00c0 la derni\u00e8re \u00e9tape de la routine de soins de nuit, \u00e9taler uniform\u00e9ment une quantit\u00e9 de la taille d'un grain de riz sur la peau. Augmenter la quantit\u00e9 \u00e0 la taille d'un petit pois apr\u00e8s 2 \u00e0 3 semaines, en fonction de l'\u00e9tat de la peau.<\/p>\n<p><strong>Remarque :<\/strong> Il existe une \"p\u00e9riode d'adaptation\" lors de l'utilisation du r\u00e9tinol. Ne l'associez pas \u00e0 un gommage, un peeling ou un produit exfoliant, car il peut irriter la peau.<\/p>\n<p>Apr\u00e8s avoir utilis\u00e9 l'essence ou le s\u00e9rum, tapoter une petite quantit\u00e9 \u00e0 l'aide de l'annulaire. Appliquer uniform\u00e9ment sur le visage, le cou et les parties concern\u00e9es par les rides. Limiter l'utilisation initiale \u00e0 trois fois par semaine ; augmenter progressivement la fr\u00e9quence jusqu'\u00e0 un soir sur deux, utiliser selon la tol\u00e9rance.<\/p>\n<p>Si vous avez la peau sensible ou si vous n'avez jamais utilis\u00e9 de produits \u00e0 base de vitamine A, nous vous recommandons d'ajuster la quantit\u00e9 ou la fr\u00e9quence. Lorsque vous utilisez ce produit pour la premi\u00e8re fois, appliquez une petite quantit\u00e9 sur votre peau et surveillez les r\u00e9actions \u00e9ventuelles. Augmentez lentement la quantit\u00e9 utilis\u00e9e jusqu'\u00e0 ce que vous trouviez l'\u00e9quilibre appropri\u00e9 pour votre peau.<\/p>\n<p>Pour usage externe uniquement. Toujours effectuer un test \u00e9picutan\u00e9. Utiliser uniquement selon les instructions. Ne pas utiliser sur une peau ab\u00eem\u00e9e. \u00c9viter l'utilisation pendant la grossesse ou l'allaitement. Ne pas utiliser imm\u00e9diatement apr\u00e8s un gommage. \u00c9viter d'utiliser ce produit en m\u00eame temps que des produits \u00e0 base de vitamine C ou d'acide. En cas d'irritation de la peau lors de l'utilisation de ce produit, r\u00e9duire la quantit\u00e9 ou la fr\u00e9quence d'utilisation et arr\u00eater l'utilisation si l'irritation persiste. Suivre les instructions suppl\u00e9mentaires figurant sur l'emballage. Avant de s'exposer au soleil, il est recommand\u00e9 aux utilisateurs de couvrir les zones o\u00f9 des r\u00e9tino\u00efdes ont \u00e9t\u00e9 appliqu\u00e9s avec un \u00e9cran solaire. Le contact du produit avec la peau doit \u00eatre limit\u00e9 en fr\u00e9quence ou en dur\u00e9e. Les r\u00e9sultats individuels peuvent varier.<\/p>","protected":false},"excerpt":{"rendered":"<p>La cr\u00e8me Cica Reti-A 0.05 de VT Cosmetics est votre arme secr\u00e8te pour une peau lisse et radieuse ! Cette cr\u00e8me puissante est enrichie de 0,05 % de r\u00e9tino\u00efde, un ingr\u00e9dient efficace qui r\u00e9duit les ridules, les rides et les imperfections. Elle stimule le renouvellement cellulaire et donne \u00e0 la peau une apparence plus jeune et une texture lisse.<\/p>\n<p>L'ajout de Centella Asiatica (Cica) apaise et adoucit la peau, r\u00e9duisant les irritations et renfor\u00e7ant la barri\u00e8re cutan\u00e9e. Cette cr\u00e8me est donc parfaite pour lutter contre le vieillissement cutan\u00e9 sans irriter la peau. La texture l\u00e9g\u00e8re et cr\u00e9meuse est rapidement absorb\u00e9e et laisse la peau douce comme de la soie.<\/p>","protected":false},"featured_media":6633,"comment_status":"open","ping_status":"closed","template":"","meta":{"om_disable_all_campaigns":false},"product_brand":[],"product_cat":[57,26,33,68,211],"product_tag":[],"class_list":{"0":"post-6629","1":"product","2":"type-product","3":"status-publish","4":"has-post-thumbnail","6":"product_cat-anti-aging","7":"product_cat-face-moisturizer","8":"product_cat-face-treatments","9":"product_cat-retinol","10":"product_cat-vt-cosmetics","12":"first","13":"instock","14":"shipping-taxable","15":"purchasable","16":"product-type-simple"},"aioseo_notices":[],"jetpack_sharing_enabled":true,"_links":{"self":[{"href":"https:\/\/k-beautyci.com\/fr\/wp-json\/wp\/v2\/product\/6629","targetHints":{"allow":["GET"]}}],"collection":[{"href":"https:\/\/k-beautyci.com\/fr\/wp-json\/wp\/v2\/product"}],"about":[{"href":"https:\/\/k-beautyci.com\/fr\/wp-json\/wp\/v2\/types\/product"}],"replies":[{"embeddable":true,"href":"https:\/\/k-beautyci.com\/fr\/wp-json\/wp\/v2\/comments?post=6629"}],"wp:featuredmedia":[{"embeddable":true,"href":"https:\/\/k-beautyci.com\/fr\/wp-json\/wp\/v2\/media\/6633"}],"wp:attachment":[{"href":"https:\/\/k-beautyci.com\/fr\/wp-json\/wp\/v2\/media?parent=6629"}],"wp:term":[{"taxonomy":"product_brand","embeddable":true,"href":"https:\/\/k-beautyci.com\/fr\/wp-json\/wp\/v2\/product_brand?post=6629"},{"taxonomy":"product_cat","embeddable":true,"href":"https:\/\/k-beautyci.com\/fr\/wp-json\/wp\/v2\/product_cat?post=6629"},{"taxonomy":"product_tag","embeddable":true,"href":"https:\/\/k-beautyci.com\/fr\/wp-json\/wp\/v2\/product_tag?post=6629"}],"curies":[{"name":"wp","href":"https:\/\/api.w.org\/{rel}","templated":true}]}}