{"id":6616,"date":"2025-01-21T00:00:34","date_gmt":"2025-01-21T00:00:34","guid":{"rendered":"https:\/\/k-beautyci.com\/?post_type=product&#038;p=6616"},"modified":"2025-10-19T00:44:31","modified_gmt":"2025-10-19T00:44:31","slug":"heimish-rx-retinol-bakuchiol-hydrogel-eye-patch","status":"publish","type":"product","link":"https:\/\/k-beautyci.com\/fr\/produit\/heimish-rx-retinol-bakuchiol-hydrogel-eye-patch\/","title":{"rendered":"heimish RX Retinol Bakuchiol Hydrogel Eye Patch"},"content":{"rendered":"<h4>\u00a0Comment l'utiliser :<\/h4>\n<ol>\n<li>Apr\u00e8s avoir nettoy\u00e9 le visage, utilisez la spatule fournie pour placer le patch pour les yeux sur la zone souhait\u00e9e de votre visage.<\/li>\n<li>Laisser agir pendant 20 \u00e0 30 minutes, puis retirer.<\/li>\n<li>CONSEIL : Utiliser r\u00e9guli\u00e8rement pour obtenir les meilleurs r\u00e9sultats en mati\u00e8re de r\u00e9duction des ridules et d'\u00e9claircissement du contour de l'\u0153il.<\/li>\n<\/ol>\n<p>Avertissement : Pour usage externe uniquement. Toujours effectuer un test \u00e9picutan\u00e9. Cessez d'utiliser le produit si vous ressentez une quelconque g\u00eane. Suivre les instructions suppl\u00e9mentaires figurant sur l'emballage. Les r\u00e9sultats individuels peuvent varier.<\/p>","protected":false},"excerpt":{"rendered":"<p>Un patch pour les yeux enrichi en r\u00e9tinol et en bakuchiol pour aider \u00e0 estomper les rides et ridules, tout en am\u00e9liorant l'\u00e9lasticit\u00e9 de la peau sous les yeux. Infus\u00e9 de Niacinamide pour amplifier encore les effets anti-\u00e2ge, tout en \u00e9claircissant le teint terne du contour de l'\u0153il.<\/p>","protected":false},"featured_media":6628,"comment_status":"open","ping_status":"closed","template":"","meta":{"om_disable_all_campaigns":false},"product_brand":[],"product_cat":[38,91,68],"product_tag":[],"class_list":{"0":"post-6616","1":"product","2":"type-product","3":"status-publish","4":"has-post-thumbnail","6":"product_cat-eye-care","7":"product_cat-heimish","8":"product_cat-retinol","10":"first","11":"instock","12":"shipping-taxable","13":"purchasable","14":"product-type-simple"},"aioseo_notices":[],"jetpack_sharing_enabled":true,"_links":{"self":[{"href":"https:\/\/k-beautyci.com\/fr\/wp-json\/wp\/v2\/product\/6616","targetHints":{"allow":["GET"]}}],"collection":[{"href":"https:\/\/k-beautyci.com\/fr\/wp-json\/wp\/v2\/product"}],"about":[{"href":"https:\/\/k-beautyci.com\/fr\/wp-json\/wp\/v2\/types\/product"}],"replies":[{"embeddable":true,"href":"https:\/\/k-beautyci.com\/fr\/wp-json\/wp\/v2\/comments?post=6616"}],"wp:featuredmedia":[{"embeddable":true,"href":"https:\/\/k-beautyci.com\/fr\/wp-json\/wp\/v2\/media\/6628"}],"wp:attachment":[{"href":"https:\/\/k-beautyci.com\/fr\/wp-json\/wp\/v2\/media?parent=6616"}],"wp:term":[{"taxonomy":"product_brand","embeddable":true,"href":"https:\/\/k-beautyci.com\/fr\/wp-json\/wp\/v2\/product_brand?post=6616"},{"taxonomy":"product_cat","embeddable":true,"href":"https:\/\/k-beautyci.com\/fr\/wp-json\/wp\/v2\/product_cat?post=6616"},{"taxonomy":"product_tag","embeddable":true,"href":"https:\/\/k-beautyci.com\/fr\/wp-json\/wp\/v2\/product_tag?post=6616"}],"curies":[{"name":"wp","href":"https:\/\/api.w.org\/{rel}","templated":true}]}}