{"id":6611,"date":"2025-01-19T23:55:49","date_gmt":"2025-01-19T23:55:49","guid":{"rendered":"https:\/\/k-beautyci.com\/?post_type=product&#038;p=6611"},"modified":"2026-04-01T18:32:32","modified_gmt":"2026-04-01T18:32:32","slug":"axis-y-vegan-collagen-eye-serum","status":"publish","type":"product","link":"https:\/\/k-beautyci.com\/fr\/produit\/axis-y-vegan-collagen-eye-serum\/","title":{"rendered":"AXIS-Y Vegan Collagen Eye Serum"},"content":{"rendered":"<p>Comment l'utiliser :<\/p>\n<p>Appliquer une quantit\u00e9 suffisante sur le contour des yeux. Masser d\u00e9licatement le s\u00e9rum avec l'applicateur pour faciliter l'absorption.<\/p>\n<p>Avertissement : Pour usage externe uniquement. Toujours effectuer un test \u00e9picutan\u00e9. Cessez d'utiliser le produit si vous ressentez une quelconque g\u00eane. Suivre les instructions suppl\u00e9mentaires figurant sur l'emballage. Les r\u00e9sultats individuels peuvent varier.<\/p>","protected":false},"excerpt":{"rendered":"<p>Regardez, c'est votre nouveau soin essentiel pour les yeux ! Ce s\u00e9rum rajeunissant pour les yeux est enrichi en collag\u00e8ne v\u00e9g\u00e9talien et dot\u00e9 d'un applicateur rafra\u00eechissant, offrant un soin raffermissant pour combattre les signes de vieillissement et l'aspect terne. Ravivez les yeux fatigu\u00e9s avec le s\u00e9rum au collag\u00e8ne v\u00e9g\u00e9talien d'AXIS - Y. Sa formule signature 6+1+1 comprend six ingr\u00e9dients hydratants et \u00e9claircissants d'origine v\u00e9g\u00e9tale (dont l'huile de graines de jojoba et l'extrait de pomme verte). Le s\u00e9rum contient \u00e9galement du collag\u00e8ne v\u00e9g\u00e9talien pour lutter contre les rides et un complexe de 5 peptides pour am\u00e9liorer la fermet\u00e9 de la peau. Il est pr\u00e9sent\u00e9 dans un distributeur \u00e0 bille pour une application pratique.<\/p>","protected":false},"featured_media":6614,"comment_status":"open","ping_status":"closed","template":"","meta":{"om_disable_all_campaigns":false},"product_brand":[],"product_cat":[89,38],"product_tag":[],"class_list":{"0":"post-6611","1":"product","2":"type-product","3":"status-publish","4":"has-post-thumbnail","6":"product_cat-axis-y","7":"product_cat-eye-care","9":"first","10":"instock","11":"shipping-taxable","12":"purchasable","13":"product-type-simple"},"aioseo_notices":[],"jetpack_sharing_enabled":true,"_links":{"self":[{"href":"https:\/\/k-beautyci.com\/fr\/wp-json\/wp\/v2\/product\/6611","targetHints":{"allow":["GET"]}}],"collection":[{"href":"https:\/\/k-beautyci.com\/fr\/wp-json\/wp\/v2\/product"}],"about":[{"href":"https:\/\/k-beautyci.com\/fr\/wp-json\/wp\/v2\/types\/product"}],"replies":[{"embeddable":true,"href":"https:\/\/k-beautyci.com\/fr\/wp-json\/wp\/v2\/comments?post=6611"}],"wp:featuredmedia":[{"embeddable":true,"href":"https:\/\/k-beautyci.com\/fr\/wp-json\/wp\/v2\/media\/6614"}],"wp:attachment":[{"href":"https:\/\/k-beautyci.com\/fr\/wp-json\/wp\/v2\/media?parent=6611"}],"wp:term":[{"taxonomy":"product_brand","embeddable":true,"href":"https:\/\/k-beautyci.com\/fr\/wp-json\/wp\/v2\/product_brand?post=6611"},{"taxonomy":"product_cat","embeddable":true,"href":"https:\/\/k-beautyci.com\/fr\/wp-json\/wp\/v2\/product_cat?post=6611"},{"taxonomy":"product_tag","embeddable":true,"href":"https:\/\/k-beautyci.com\/fr\/wp-json\/wp\/v2\/product_tag?post=6611"}],"curies":[{"name":"wp","href":"https:\/\/api.w.org\/{rel}","templated":true}]}}