{"id":6596,"date":"2025-01-19T15:58:42","date_gmt":"2025-01-19T15:58:42","guid":{"rendered":"https:\/\/k-beautyci.com\/?post_type=product&#038;p=6596"},"modified":"2026-04-15T23:08:48","modified_gmt":"2026-04-15T23:08:48","slug":"medicube-age-r-glutathione-glow-capsule-cream-50ml","status":"publish","type":"product","link":"https:\/\/k-beautyci.com\/fr\/produit\/medicube-age-r-glutathione-glow-capsule-cream-50ml\/","title":{"rendered":"Medicube AGE-R GLUTATHIONE GLOW CAPSULE CREAM 50ml"},"content":{"rendered":"<p><b>Comment l'utiliser :<\/b><\/p>\n<p>Masser une quantit\u00e9 mod\u00e9r\u00e9e sur la peau \u00e0 la derni\u00e8re \u00e9tape du soin et tamponner pour une meilleure absorption.<\/p>\n<p>Avertissement : Pour usage externe uniquement. Toujours effectuer un test \u00e9picutan\u00e9. Cessez d'utiliser le produit si vous ressentez une quelconque g\u00eane. Suivre les instructions suppl\u00e9mentaires figurant sur l'emballage. Les r\u00e9sultats individuels peuvent varier.<\/p>","protected":false},"excerpt":{"rendered":"<p>Combattez les signes du vieillissement avec ce gel-cr\u00e8me contenant 99,4 % de g\u00e9lules de glutathion pures pour restaurer l'\u00e9clat et l'\u00e9lasticit\u00e9 de la peau et lui donner un aspect rebondi et jeune. Il est formul\u00e9 avec du Pro Peptide, de l'Elastic Peptide et de l'Hydro Ceramide pour offrir une hydratation intense et un soin anti-\u00e2ge.<\/p>","protected":false},"featured_media":6602,"comment_status":"open","ping_status":"closed","template":"","meta":{"om_disable_all_campaigns":false},"product_brand":[],"product_cat":[26,215],"product_tag":[],"class_list":{"0":"post-6596","1":"product","2":"type-product","3":"status-publish","4":"has-post-thumbnail","6":"product_cat-face-moisturizer","7":"product_cat-medicube","9":"first","10":"instock","11":"sale","12":"shipping-taxable","13":"purchasable","14":"product-type-simple"},"aioseo_notices":[],"jetpack_sharing_enabled":true,"_links":{"self":[{"href":"https:\/\/k-beautyci.com\/fr\/wp-json\/wp\/v2\/product\/6596","targetHints":{"allow":["GET"]}}],"collection":[{"href":"https:\/\/k-beautyci.com\/fr\/wp-json\/wp\/v2\/product"}],"about":[{"href":"https:\/\/k-beautyci.com\/fr\/wp-json\/wp\/v2\/types\/product"}],"replies":[{"embeddable":true,"href":"https:\/\/k-beautyci.com\/fr\/wp-json\/wp\/v2\/comments?post=6596"}],"wp:featuredmedia":[{"embeddable":true,"href":"https:\/\/k-beautyci.com\/fr\/wp-json\/wp\/v2\/media\/6602"}],"wp:attachment":[{"href":"https:\/\/k-beautyci.com\/fr\/wp-json\/wp\/v2\/media?parent=6596"}],"wp:term":[{"taxonomy":"product_brand","embeddable":true,"href":"https:\/\/k-beautyci.com\/fr\/wp-json\/wp\/v2\/product_brand?post=6596"},{"taxonomy":"product_cat","embeddable":true,"href":"https:\/\/k-beautyci.com\/fr\/wp-json\/wp\/v2\/product_cat?post=6596"},{"taxonomy":"product_tag","embeddable":true,"href":"https:\/\/k-beautyci.com\/fr\/wp-json\/wp\/v2\/product_tag?post=6596"}],"curies":[{"name":"wp","href":"https:\/\/api.w.org\/{rel}","templated":true}]}}