{"id":6590,"date":"2025-01-19T01:54:10","date_gmt":"2025-01-19T01:54:10","guid":{"rendered":"https:\/\/k-beautyci.com\/?post_type=product&#038;p=6590"},"modified":"2026-02-12T06:19:49","modified_gmt":"2026-02-12T06:19:49","slug":"medicube-glutathione-glow-serum","status":"publish","type":"product","link":"https:\/\/k-beautyci.com\/fr\/produit\/medicube-glutathione-glow-serum\/","title":{"rendered":"Medicube Glutathione Glow Serum"},"content":{"rendered":"<p>Comment l'utiliser :<\/p>\n<p>Appliquer une couche g\u00e9n\u00e9reuse de produit sur les zones souhait\u00e9es. Si vous utilisez un appareil medicube Age-R, appliquez une quantit\u00e9 mod\u00e9r\u00e9e sur la t\u00eate du rouleau.<\/p>\n<p>Avertissement : Pour usage externe uniquement. Toujours effectuer un test \u00e9picutan\u00e9. Cessez d'utiliser le produit si vous ressentez une quelconque g\u00eane. Suivre les instructions suppl\u00e9mentaires figurant sur l'emballage. Les r\u00e9sultats individuels peuvent varier.<\/p>","protected":false},"excerpt":{"rendered":"<p>Un s\u00e9rum booster d'\u00e9clat pour une luminosit\u00e9 ultime. Ce s\u00e9rum est formul\u00e9 avec 50 000 ppm de glutathion ainsi que du niacinamide, de l'ad\u00e9nosine, du collag\u00e8ne et du lysat de ferment bifide pour \u00e9claircir la peau, am\u00e9liorer son \u00e9lasticit\u00e9 et renforcer la barri\u00e8re cutan\u00e9e.<\/p>","protected":false},"featured_media":6594,"comment_status":"open","ping_status":"closed","template":"","meta":{"om_disable_all_campaigns":false},"product_brand":[],"product_cat":[31,215],"product_tag":[],"class_list":{"0":"post-6590","1":"product","2":"type-product","3":"status-publish","4":"has-post-thumbnail","6":"product_cat-face-serums","7":"product_cat-medicube","9":"first","10":"instock","11":"sale","12":"shipping-taxable","13":"purchasable","14":"product-type-simple"},"aioseo_notices":[],"jetpack_sharing_enabled":true,"_links":{"self":[{"href":"https:\/\/k-beautyci.com\/fr\/wp-json\/wp\/v2\/product\/6590","targetHints":{"allow":["GET"]}}],"collection":[{"href":"https:\/\/k-beautyci.com\/fr\/wp-json\/wp\/v2\/product"}],"about":[{"href":"https:\/\/k-beautyci.com\/fr\/wp-json\/wp\/v2\/types\/product"}],"replies":[{"embeddable":true,"href":"https:\/\/k-beautyci.com\/fr\/wp-json\/wp\/v2\/comments?post=6590"}],"wp:featuredmedia":[{"embeddable":true,"href":"https:\/\/k-beautyci.com\/fr\/wp-json\/wp\/v2\/media\/6594"}],"wp:attachment":[{"href":"https:\/\/k-beautyci.com\/fr\/wp-json\/wp\/v2\/media?parent=6590"}],"wp:term":[{"taxonomy":"product_brand","embeddable":true,"href":"https:\/\/k-beautyci.com\/fr\/wp-json\/wp\/v2\/product_brand?post=6590"},{"taxonomy":"product_cat","embeddable":true,"href":"https:\/\/k-beautyci.com\/fr\/wp-json\/wp\/v2\/product_cat?post=6590"},{"taxonomy":"product_tag","embeddable":true,"href":"https:\/\/k-beautyci.com\/fr\/wp-json\/wp\/v2\/product_tag?post=6590"}],"curies":[{"name":"wp","href":"https:\/\/api.w.org\/{rel}","templated":true}]}}