{"id":6583,"date":"2025-01-19T01:42:27","date_gmt":"2025-01-19T01:42:27","guid":{"rendered":"https:\/\/k-beautyci.com\/?post_type=product&#038;p=6583"},"modified":"2025-11-16T16:56:39","modified_gmt":"2025-11-16T16:56:39","slug":"medicube-collagen-glow-booster-serum","status":"publish","type":"product","link":"https:\/\/k-beautyci.com\/fr\/produit\/medicube-collagen-glow-booster-serum\/","title":{"rendered":"medicube Collagen Glow Booster Serum"},"content":{"rendered":"<p><b>Comment l'utiliser :<\/b><br \/>\n1. Ouvrez le s\u00e9rum en tournant \u00e0 gauche et poussez la pompe pour appliquer une quantit\u00e9 mod\u00e9r\u00e9e sur le visage.<br \/>\n2. Pat pour une meilleure absorption et fermer le s\u00e9rum en tournant \u00e0 droite.<\/p>\n<p>Avertissement : Pour usage externe uniquement. Toujours effectuer un test \u00e9picutan\u00e9. Cessez d'utiliser le produit si vous ressentez une quelconque g\u00eane. Suivre les instructions suppl\u00e9mentaires figurant sur l'emballage. Les r\u00e9sultats individuels peuvent varier.<\/p>","protected":false},"excerpt":{"rendered":"<p>Le s\u00e9rum contenant du collag\u00e8ne et de l'\u00e9lastine de faible taille mol\u00e9culaire p\u00e9n\u00e8tre en profondeur dans la peau pour en renforcer l'\u00e9lasticit\u00e9 et lui donner un aspect rebondi et jeune. D'autres ingr\u00e9dients actifs, tels que les prot\u00e9ines de lait, le glucose et les peptides, nourrissent et hydratent intens\u00e9ment la peau. Pour des r\u00e9sultats optimaux, utiliser avec AGE-R Booster Pro de Medicube pour une absorption plus profonde des ingr\u00e9dients actifs dans la peau.<\/p>","protected":false},"featured_media":6589,"comment_status":"open","ping_status":"closed","template":"","meta":{"om_disable_all_campaigns":false},"product_brand":[],"product_cat":[31,215],"product_tag":[],"class_list":{"0":"post-6583","1":"product","2":"type-product","3":"status-publish","4":"has-post-thumbnail","6":"product_cat-face-serums","7":"product_cat-medicube","9":"first","10":"instock","11":"shipping-taxable","12":"purchasable","13":"product-type-simple"},"aioseo_notices":[],"jetpack_sharing_enabled":true,"_links":{"self":[{"href":"https:\/\/k-beautyci.com\/fr\/wp-json\/wp\/v2\/product\/6583","targetHints":{"allow":["GET"]}}],"collection":[{"href":"https:\/\/k-beautyci.com\/fr\/wp-json\/wp\/v2\/product"}],"about":[{"href":"https:\/\/k-beautyci.com\/fr\/wp-json\/wp\/v2\/types\/product"}],"replies":[{"embeddable":true,"href":"https:\/\/k-beautyci.com\/fr\/wp-json\/wp\/v2\/comments?post=6583"}],"wp:featuredmedia":[{"embeddable":true,"href":"https:\/\/k-beautyci.com\/fr\/wp-json\/wp\/v2\/media\/6589"}],"wp:attachment":[{"href":"https:\/\/k-beautyci.com\/fr\/wp-json\/wp\/v2\/media?parent=6583"}],"wp:term":[{"taxonomy":"product_brand","embeddable":true,"href":"https:\/\/k-beautyci.com\/fr\/wp-json\/wp\/v2\/product_brand?post=6583"},{"taxonomy":"product_cat","embeddable":true,"href":"https:\/\/k-beautyci.com\/fr\/wp-json\/wp\/v2\/product_cat?post=6583"},{"taxonomy":"product_tag","embeddable":true,"href":"https:\/\/k-beautyci.com\/fr\/wp-json\/wp\/v2\/product_tag?post=6583"}],"curies":[{"name":"wp","href":"https:\/\/api.w.org\/{rel}","templated":true}]}}