{"id":6571,"date":"2025-01-19T01:29:39","date_gmt":"2025-01-19T01:29:39","guid":{"rendered":"https:\/\/k-beautyci.com\/?post_type=product&#038;p=6571"},"modified":"2026-02-08T20:37:07","modified_gmt":"2026-02-08T20:37:07","slug":"medicube-collagen-jelly-cream","status":"publish","type":"product","link":"https:\/\/k-beautyci.com\/fr\/produit\/medicube-collagen-jelly-cream\/","title":{"rendered":"medicube Collagen Jelly Cream"},"content":{"rendered":"<p><b>Comment l'utiliser :<\/b><\/p>\n<p>\u00c0 la derni\u00e8re \u00e9tape de la routine de soins, appliquez une quantit\u00e9 mod\u00e9r\u00e9e sur l'ensemble du visage et tamponnez d\u00e9licatement pour absorber.<\/p>\n<p>Avertissement : Pour usage externe uniquement. Toujours effectuer un test \u00e9picutan\u00e9. Cessez d'utiliser le produit si vous ressentez une quelconque g\u00eane. Suivre les instructions suppl\u00e9mentaires figurant sur l'emballage. Les r\u00e9sultats individuels peuvent varier.<\/p>","protected":false},"excerpt":{"rendered":"<p>Inversez les signes de l'\u00e2ge avec ce gel-cr\u00e8me enrichi en collag\u00e8ne et en \u00e9lastine pour am\u00e9liorer l'\u00e9lasticit\u00e9 de la peau et r\u00e9duire les rides. Le niacinamide et l'extrait de myrtille contribuent \u00e0 \u00e9claircir le teint, tandis que l'acide hyaluronique et le squalane renforcent la barri\u00e8re d'hydratation de la peau. Formul\u00e9e sans colorants artificiels, la teinte rose de la cr\u00e8me provient de divers ingr\u00e9dients riches en vitamines.<\/p>","protected":false},"featured_media":6581,"comment_status":"open","ping_status":"closed","template":"","meta":{"om_disable_all_campaigns":false},"product_brand":[],"product_cat":[26,215],"product_tag":[],"class_list":{"0":"post-6571","1":"product","2":"type-product","3":"status-publish","4":"has-post-thumbnail","6":"product_cat-face-moisturizer","7":"product_cat-medicube","9":"first","10":"instock","11":"sale","12":"shipping-taxable","13":"purchasable","14":"product-type-variable"},"aioseo_notices":[],"jetpack_sharing_enabled":true,"_links":{"self":[{"href":"https:\/\/k-beautyci.com\/fr\/wp-json\/wp\/v2\/product\/6571","targetHints":{"allow":["GET"]}}],"collection":[{"href":"https:\/\/k-beautyci.com\/fr\/wp-json\/wp\/v2\/product"}],"about":[{"href":"https:\/\/k-beautyci.com\/fr\/wp-json\/wp\/v2\/types\/product"}],"replies":[{"embeddable":true,"href":"https:\/\/k-beautyci.com\/fr\/wp-json\/wp\/v2\/comments?post=6571"}],"wp:featuredmedia":[{"embeddable":true,"href":"https:\/\/k-beautyci.com\/fr\/wp-json\/wp\/v2\/media\/6581"}],"wp:attachment":[{"href":"https:\/\/k-beautyci.com\/fr\/wp-json\/wp\/v2\/media?parent=6571"}],"wp:term":[{"taxonomy":"product_brand","embeddable":true,"href":"https:\/\/k-beautyci.com\/fr\/wp-json\/wp\/v2\/product_brand?post=6571"},{"taxonomy":"product_cat","embeddable":true,"href":"https:\/\/k-beautyci.com\/fr\/wp-json\/wp\/v2\/product_cat?post=6571"},{"taxonomy":"product_tag","embeddable":true,"href":"https:\/\/k-beautyci.com\/fr\/wp-json\/wp\/v2\/product_tag?post=6571"}],"curies":[{"name":"wp","href":"https:\/\/api.w.org\/{rel}","templated":true}]}}