{"id":6566,"date":"2025-01-19T01:12:19","date_gmt":"2025-01-19T01:12:19","guid":{"rendered":"https:\/\/k-beautyci.com\/?post_type=product&#038;p=6566"},"modified":"2026-02-27T21:51:56","modified_gmt":"2026-02-27T21:51:56","slug":"anua-3-ceramide-panthenol-moisture-barrier-cream","status":"publish","type":"product","link":"https:\/\/k-beautyci.com\/fr\/produit\/anua-3-ceramide-panthenol-moisture-barrier-cream\/","title":{"rendered":"Anua 3 Ceramide Panthenol Moisture Barrier Cream 100ml"},"content":{"rendered":"<p><b>Comment l'utiliser :<\/b><\/p>\n<p>Lors de la derni\u00e8re \u00e9tape de votre routine de soins, appliquez une quantit\u00e9 mod\u00e9r\u00e9e sur votre visage et massez d\u00e9licatement pour faciliter l'absorption.<\/p>\n<p>Avertissement : Pour usage externe uniquement. Toujours effectuer un test \u00e9picutan\u00e9. Cessez d'utiliser le produit si vous ressentez une quelconque g\u00eane. Suivre les instructions suppl\u00e9mentaires figurant sur l'emballage. Les r\u00e9sultats individuels peuvent varier.<\/p>","protected":false},"excerpt":{"rendered":"<p>Cette cr\u00e8me nourrissante \u00e0 base de panth\u00e9nol apaisant et de riches c\u00e9ramides apaise et hydrate la peau en profondeur. La formule non com\u00e9dog\u00e8ne et non collante est enrichie de huit types d'acides amin\u00e9s pour renforcer la barri\u00e8re d'hydratation. Convient \u00e0 tous les types de peau, y compris les peaux sensibles et acn\u00e9iques.<\/p>","protected":false},"featured_media":6570,"comment_status":"open","ping_status":"closed","template":"","meta":{"om_disable_all_campaigns":false},"product_brand":[],"product_cat":[183,148,26],"product_tag":[],"class_list":{"0":"post-6566","1":"product","2":"type-product","3":"status-publish","4":"has-post-thumbnail","6":"product_cat-anua","7":"product_cat-ceramide","8":"product_cat-face-moisturizer","10":"first","11":"instock","12":"shipping-taxable","13":"purchasable","14":"product-type-simple"},"aioseo_notices":[],"jetpack_sharing_enabled":true,"_links":{"self":[{"href":"https:\/\/k-beautyci.com\/fr\/wp-json\/wp\/v2\/product\/6566","targetHints":{"allow":["GET"]}}],"collection":[{"href":"https:\/\/k-beautyci.com\/fr\/wp-json\/wp\/v2\/product"}],"about":[{"href":"https:\/\/k-beautyci.com\/fr\/wp-json\/wp\/v2\/types\/product"}],"replies":[{"embeddable":true,"href":"https:\/\/k-beautyci.com\/fr\/wp-json\/wp\/v2\/comments?post=6566"}],"wp:featuredmedia":[{"embeddable":true,"href":"https:\/\/k-beautyci.com\/fr\/wp-json\/wp\/v2\/media\/6570"}],"wp:attachment":[{"href":"https:\/\/k-beautyci.com\/fr\/wp-json\/wp\/v2\/media?parent=6566"}],"wp:term":[{"taxonomy":"product_brand","embeddable":true,"href":"https:\/\/k-beautyci.com\/fr\/wp-json\/wp\/v2\/product_brand?post=6566"},{"taxonomy":"product_cat","embeddable":true,"href":"https:\/\/k-beautyci.com\/fr\/wp-json\/wp\/v2\/product_cat?post=6566"},{"taxonomy":"product_tag","embeddable":true,"href":"https:\/\/k-beautyci.com\/fr\/wp-json\/wp\/v2\/product_tag?post=6566"}],"curies":[{"name":"wp","href":"https:\/\/api.w.org\/{rel}","templated":true}]}}