{"id":6558,"date":"2025-01-18T17:26:23","date_gmt":"2025-01-18T17:26:23","guid":{"rendered":"https:\/\/k-beautyci.com\/?post_type=product&#038;p=6558"},"modified":"2025-10-19T00:44:33","modified_gmt":"2025-10-19T00:44:33","slug":"p-calm-cato-cream","status":"publish","type":"product","link":"https:\/\/k-beautyci.com\/fr\/produit\/p-calm-cato-cream\/","title":{"rendered":"P.CALM Cato Cream"},"content":{"rendered":"<p><b>Comment l'utiliser :<\/b><br \/>\n1. D\u00e9poser une quantit\u00e9 mod\u00e9r\u00e9e de produit dans la paume de la main et l'appliquer sur le visage.<br \/>\n2. Tapoter doucement pour une meilleure absorption.<\/p>\n<p>Avertissement : Pour usage externe uniquement. Toujours effectuer un test \u00e9picutan\u00e9. Cessez d'utiliser le produit si vous ressentez une quelconque g\u00eane. Suivre les instructions suppl\u00e9mentaires figurant sur l'emballage. Les r\u00e9sultats individuels peuvent varier.<\/p>","protected":false},"excerpt":{"rendered":"<p>Cato Cream est une cr\u00e8me apaisante sans colorants ni parfums artificiels. Cette cr\u00e8me riche est formul\u00e9e avec le complexe Cato-Barrier qui comprend des c\u00e9ramides, du cholest\u00e9rol et des acides gras dans un rapport optimal de 3:1:1 pour apporter \u00e0 la peau une hydratation durable, des propri\u00e9t\u00e9s \u00e9claircissantes et apaisantes.<\/p>","protected":false},"featured_media":6561,"comment_status":"open","ping_status":"closed","template":"","meta":{"om_disable_all_campaigns":false},"product_brand":[],"product_cat":[148,26,226],"product_tag":[],"class_list":{"0":"post-6558","1":"product","2":"type-product","3":"status-publish","4":"has-post-thumbnail","6":"product_cat-ceramide","7":"product_cat-face-moisturizer","8":"product_cat-p-calm","10":"first","11":"instock","12":"shipping-taxable","13":"purchasable","14":"product-type-simple"},"aioseo_notices":[],"jetpack_sharing_enabled":true,"_links":{"self":[{"href":"https:\/\/k-beautyci.com\/fr\/wp-json\/wp\/v2\/product\/6558","targetHints":{"allow":["GET"]}}],"collection":[{"href":"https:\/\/k-beautyci.com\/fr\/wp-json\/wp\/v2\/product"}],"about":[{"href":"https:\/\/k-beautyci.com\/fr\/wp-json\/wp\/v2\/types\/product"}],"replies":[{"embeddable":true,"href":"https:\/\/k-beautyci.com\/fr\/wp-json\/wp\/v2\/comments?post=6558"}],"wp:featuredmedia":[{"embeddable":true,"href":"https:\/\/k-beautyci.com\/fr\/wp-json\/wp\/v2\/media\/6561"}],"wp:attachment":[{"href":"https:\/\/k-beautyci.com\/fr\/wp-json\/wp\/v2\/media?parent=6558"}],"wp:term":[{"taxonomy":"product_brand","embeddable":true,"href":"https:\/\/k-beautyci.com\/fr\/wp-json\/wp\/v2\/product_brand?post=6558"},{"taxonomy":"product_cat","embeddable":true,"href":"https:\/\/k-beautyci.com\/fr\/wp-json\/wp\/v2\/product_cat?post=6558"},{"taxonomy":"product_tag","embeddable":true,"href":"https:\/\/k-beautyci.com\/fr\/wp-json\/wp\/v2\/product_tag?post=6558"}],"curies":[{"name":"wp","href":"https:\/\/api.w.org\/{rel}","templated":true}]}}