{"id":6545,"date":"2025-01-18T14:12:51","date_gmt":"2025-01-18T14:12:51","guid":{"rendered":"https:\/\/k-beautyci.com\/?post_type=product&#038;p=6545"},"modified":"2026-02-28T11:59:25","modified_gmt":"2026-02-28T11:59:25","slug":"purito-seoul-hydro-wave-deep-sea-cream","status":"publish","type":"product","link":"https:\/\/k-beautyci.com\/fr\/produit\/purito-seoul-hydro-wave-deep-sea-cream\/","title":{"rendered":"Purito SEOUL Hydro Wave Deep Sea Cream"},"content":{"rendered":"<p>Comment l'utiliser :<\/p>\n<p>A utiliser en derni\u00e8re \u00e9tape du soin de la peau. Appliquer uniform\u00e9ment une quantit\u00e9 appropri\u00e9e de cr\u00e8me sur le visage et le cou, puis tapoter d\u00e9licatement pour une meilleure absorption.<\/p>\n<p>Avertissement : Pour usage externe uniquement. Toujours effectuer un test \u00e9picutan\u00e9. Cessez d'utiliser le produit si vous ressentez une quelconque g\u00eane. Suivre les instructions suppl\u00e9mentaires figurant sur l'emballage. Les r\u00e9sultats individuels peuvent varier.<\/p>","protected":false},"excerpt":{"rendered":"<p>Revitalisez instantan\u00e9ment les peaux s\u00e8ches et sensibles gr\u00e2ce \u00e0 cette cr\u00e8me ultra-hydratante formul\u00e9e avec de l'eau de mer de Gangwondo riche en min\u00e9raux ainsi qu'avec des hydratants tels que le complexe marin de la marque et le hyaluronate de sodium. La texture gel soyeuse aide \u00e0 rafra\u00eechir et \u00e0 apaiser la peau. Cette cr\u00e8me respectueuse de l'environnement est formul\u00e9e sans parfums synth\u00e9tiques, ce qui la rend adapt\u00e9e aux peaux sensibles. Ce gel-cr\u00e8me satin\u00e9 inonde votre peau d'hydratation et laisse un fini ros\u00e9 et non gras.<\/p>","protected":false},"featured_media":6549,"comment_status":"open","ping_status":"closed","template":"","meta":{"om_disable_all_campaigns":false},"product_brand":[],"product_cat":[26,200],"product_tag":[],"class_list":{"0":"post-6545","1":"product","2":"type-product","3":"status-publish","4":"has-post-thumbnail","6":"product_cat-face-moisturizer","7":"product_cat-purito","9":"first","10":"outofstock","11":"shipping-taxable","12":"purchasable","13":"product-type-simple"},"aioseo_notices":[],"jetpack_sharing_enabled":true,"_links":{"self":[{"href":"https:\/\/k-beautyci.com\/fr\/wp-json\/wp\/v2\/product\/6545","targetHints":{"allow":["GET"]}}],"collection":[{"href":"https:\/\/k-beautyci.com\/fr\/wp-json\/wp\/v2\/product"}],"about":[{"href":"https:\/\/k-beautyci.com\/fr\/wp-json\/wp\/v2\/types\/product"}],"replies":[{"embeddable":true,"href":"https:\/\/k-beautyci.com\/fr\/wp-json\/wp\/v2\/comments?post=6545"}],"wp:featuredmedia":[{"embeddable":true,"href":"https:\/\/k-beautyci.com\/fr\/wp-json\/wp\/v2\/media\/6549"}],"wp:attachment":[{"href":"https:\/\/k-beautyci.com\/fr\/wp-json\/wp\/v2\/media?parent=6545"}],"wp:term":[{"taxonomy":"product_brand","embeddable":true,"href":"https:\/\/k-beautyci.com\/fr\/wp-json\/wp\/v2\/product_brand?post=6545"},{"taxonomy":"product_cat","embeddable":true,"href":"https:\/\/k-beautyci.com\/fr\/wp-json\/wp\/v2\/product_cat?post=6545"},{"taxonomy":"product_tag","embeddable":true,"href":"https:\/\/k-beautyci.com\/fr\/wp-json\/wp\/v2\/product_tag?post=6545"}],"curies":[{"name":"wp","href":"https:\/\/api.w.org\/{rel}","templated":true}]}}