{"id":6541,"date":"2025-01-18T13:53:49","date_gmt":"2025-01-18T13:53:49","guid":{"rendered":"https:\/\/k-beautyci.com\/?post_type=product&#038;p=6541"},"modified":"2026-01-11T21:20:39","modified_gmt":"2026-01-11T21:20:39","slug":"purito-seoul-wonder-releaf-unscented-eye-cream","status":"publish","type":"product","link":"https:\/\/k-beautyci.com\/fr\/produit\/purito-seoul-wonder-releaf-unscented-eye-cream\/","title":{"rendered":"Purito SEOUL Wonder Releaf Unscented Eye Cream"},"content":{"rendered":"<p>Comment l'utiliser :<\/p>\n<p>En derni\u00e8re \u00e9tape de votre soin, pr\u00e9levez une quantit\u00e9 mod\u00e9r\u00e9e et appliquez-la sur la peau du bout des doigts. Pour une exp\u00e9rience apaisante ultime, nous recommandons de l'utiliser en m\u00eame temps que le Wonder Releaf Unscented Toner, le Wonder Releaf Unscented Serum et la Wonder Releaf Unscented Cream.<\/p>\n<p>Avertissement : Pour usage externe uniquement. Toujours effectuer un test \u00e9picutan\u00e9. Cessez d'utiliser le produit si vous ressentez une quelconque g\u00eane. Suivre les instructions suppl\u00e9mentaires figurant sur l'emballage. Les r\u00e9sultats individuels peuvent varier.<\/p>","protected":false},"excerpt":{"rendered":"<p>D\u00e9couvrez une cr\u00e8me apaisante qui raffermit et revitalise visiblement. Cette version reconditionn\u00e9e de la formule bien-aim\u00e9e de Purito SEOUL est votre nouveau d\u00e9puffant quotidien, apportant une hydratation riche \u00e0 votre zone sensible du contour de l'\u0153il. Contient 4 types de peptides qui renforcent l'\u00e9lasticit\u00e9 de la peau pour un teint plus sain et plus \u00e9clatant.<\/p>","protected":false},"featured_media":6544,"comment_status":"open","ping_status":"closed","template":"","meta":{"om_disable_all_campaigns":false},"product_brand":[],"product_cat":[88,38,69,200],"product_tag":[],"class_list":{"0":"post-6541","1":"product","2":"type-product","3":"status-publish","4":"has-post-thumbnail","6":"product_cat-centella","7":"product_cat-eye-care","8":"product_cat-hyaluronic-acid","9":"product_cat-purito","11":"first","12":"outofstock","13":"sale","14":"shipping-taxable","15":"purchasable","16":"product-type-simple"},"aioseo_notices":[],"jetpack_sharing_enabled":true,"_links":{"self":[{"href":"https:\/\/k-beautyci.com\/fr\/wp-json\/wp\/v2\/product\/6541","targetHints":{"allow":["GET"]}}],"collection":[{"href":"https:\/\/k-beautyci.com\/fr\/wp-json\/wp\/v2\/product"}],"about":[{"href":"https:\/\/k-beautyci.com\/fr\/wp-json\/wp\/v2\/types\/product"}],"replies":[{"embeddable":true,"href":"https:\/\/k-beautyci.com\/fr\/wp-json\/wp\/v2\/comments?post=6541"}],"wp:featuredmedia":[{"embeddable":true,"href":"https:\/\/k-beautyci.com\/fr\/wp-json\/wp\/v2\/media\/6544"}],"wp:attachment":[{"href":"https:\/\/k-beautyci.com\/fr\/wp-json\/wp\/v2\/media?parent=6541"}],"wp:term":[{"taxonomy":"product_brand","embeddable":true,"href":"https:\/\/k-beautyci.com\/fr\/wp-json\/wp\/v2\/product_brand?post=6541"},{"taxonomy":"product_cat","embeddable":true,"href":"https:\/\/k-beautyci.com\/fr\/wp-json\/wp\/v2\/product_cat?post=6541"},{"taxonomy":"product_tag","embeddable":true,"href":"https:\/\/k-beautyci.com\/fr\/wp-json\/wp\/v2\/product_tag?post=6541"}],"curies":[{"name":"wp","href":"https:\/\/api.w.org\/{rel}","templated":true}]}}