{"id":6535,"date":"2025-01-18T13:45:09","date_gmt":"2025-01-18T13:45:09","guid":{"rendered":"https:\/\/k-beautyci.com\/?post_type=product&#038;p=6535"},"modified":"2026-02-14T20:31:09","modified_gmt":"2026-02-14T20:31:09","slug":"haruharu-wonder-black-rice-probiotics-barrier-essence-120ml","status":"publish","type":"product","link":"https:\/\/k-beautyci.com\/fr\/produit\/haruharu-wonder-black-rice-probiotics-barrier-essence-120ml\/","title":{"rendered":"HARUHARU WONDER Black Rice Probiotics Barrier Essence 120ml"},"content":{"rendered":"<p>Comment l'utiliser :<\/p>\n<p>1. Bien agiter avant utilisation.<br \/>\n2. Appliquer une quantit\u00e9 mod\u00e9r\u00e9e sur les mains et masser d\u00e9licatement le visage et le cou.<br \/>\n3. Tapoter l\u00e9g\u00e8rement pour faciliter l'absorption.<\/p>\n<p>Avertissement : Pour usage externe uniquement. Toujours effectuer un test \u00e9picutan\u00e9. Cessez d'utiliser le produit si vous ressentez une quelconque g\u00eane. Suivre les instructions suppl\u00e9mentaires figurant sur l'emballage. Les r\u00e9sultats individuels peuvent varier.<\/p>","protected":false},"excerpt":{"rendered":"<p>HARUHARU WONDER Black Rice Probiotics Barrier Essence est une essence nourrissante con\u00e7ue pour renforcer la barri\u00e8re cutan\u00e9e et stimuler l'hydratation. Infus\u00e9e d'extrait de riz noir et de probiotiques tels que le filtrat de ferment de Galactomyces et le filtrat de ferment de Bifida, elle favorise la r\u00e9paration de la peau et am\u00e9liore son \u00e9lasticit\u00e9. Le c\u00e9ramide NP et le squalane fortifient la barri\u00e8re cutan\u00e9e, tandis que le panth\u00e9nol et le beurre de karit\u00e9 assurent une hydratation en profondeur et un soin apaisant. L\u00e9g\u00e8re mais profond\u00e9ment hydratante, cette essence est rapidement absorb\u00e9e, laissant la peau lisse, rebondie et prot\u00e9g\u00e9e contre les agressions ext\u00e9rieures.<\/p>","protected":false},"featured_media":6540,"comment_status":"open","ping_status":"closed","template":"","meta":{"om_disable_all_campaigns":false},"product_brand":[],"product_cat":[148,39,152],"product_tag":[],"class_list":{"0":"post-6535","1":"product","2":"type-product","3":"status-publish","4":"has-post-thumbnail","6":"product_cat-ceramide","7":"product_cat-face-toners","8":"product_cat-haruharu-wonder","10":"first","11":"outofstock","12":"shipping-taxable","13":"purchasable","14":"product-type-simple"},"aioseo_notices":[],"jetpack_sharing_enabled":true,"_links":{"self":[{"href":"https:\/\/k-beautyci.com\/fr\/wp-json\/wp\/v2\/product\/6535","targetHints":{"allow":["GET"]}}],"collection":[{"href":"https:\/\/k-beautyci.com\/fr\/wp-json\/wp\/v2\/product"}],"about":[{"href":"https:\/\/k-beautyci.com\/fr\/wp-json\/wp\/v2\/types\/product"}],"replies":[{"embeddable":true,"href":"https:\/\/k-beautyci.com\/fr\/wp-json\/wp\/v2\/comments?post=6535"}],"wp:featuredmedia":[{"embeddable":true,"href":"https:\/\/k-beautyci.com\/fr\/wp-json\/wp\/v2\/media\/6540"}],"wp:attachment":[{"href":"https:\/\/k-beautyci.com\/fr\/wp-json\/wp\/v2\/media?parent=6535"}],"wp:term":[{"taxonomy":"product_brand","embeddable":true,"href":"https:\/\/k-beautyci.com\/fr\/wp-json\/wp\/v2\/product_brand?post=6535"},{"taxonomy":"product_cat","embeddable":true,"href":"https:\/\/k-beautyci.com\/fr\/wp-json\/wp\/v2\/product_cat?post=6535"},{"taxonomy":"product_tag","embeddable":true,"href":"https:\/\/k-beautyci.com\/fr\/wp-json\/wp\/v2\/product_tag?post=6535"}],"curies":[{"name":"wp","href":"https:\/\/api.w.org\/{rel}","templated":true}]}}