{"id":6519,"date":"2025-01-18T07:02:40","date_gmt":"2025-01-18T07:02:40","guid":{"rendered":"https:\/\/k-beautyci.com\/?post_type=product&#038;p=6519"},"modified":"2026-02-25T06:03:08","modified_gmt":"2026-02-25T06:03:08","slug":"skin1004-madagascar-centella-poremizing-quick-clay-stick-mask-27g","status":"publish","type":"product","link":"https:\/\/k-beautyci.com\/fr\/produit\/skin1004-madagascar-centella-poremizing-quick-clay-stick-mask-27g\/","title":{"rendered":"Skin1004 Madagascar Centella Poremizing Quick Clay Stick Mask 27g"},"content":{"rendered":"<div class=\"pro_infor_title_style\">Comment l'utiliser :<\/div>\n<p>1. Apr\u00e8s s'\u00eatre lav\u00e9 le visage, appliquer le produit sur le visage en \u00e9vitant le contour des yeux et de la bouche.<br \/>\n2. Rincer abondamment \u00e0 l'eau ti\u00e8de apr\u00e8s 3 \u00e0 5 minutes.<\/p>\n<p>Avertissement : Pour usage externe uniquement. Toujours effectuer un test \u00e9picutan\u00e9. Cessez d'utiliser le produit si vous ressentez une quelconque g\u00eane. Suivre les instructions suppl\u00e9mentaires figurant sur l'emballage. Les r\u00e9sultats individuels peuvent varier.<\/p>","protected":false},"excerpt":{"rendered":"<p>Un masque en b\u00e2tonnet doux avec 5 sortes d'argiles (18% de Kaolin) et de la poudre fine de haricot rouge pour absorber l'exc\u00e8s de s\u00e9bum et resserrer les pores dilat\u00e9s. Il \u00e9limine les points noirs et les points blancs visibles.<\/p>","protected":false},"featured_media":6529,"comment_status":"open","ping_status":"closed","template":"","meta":{"om_disable_all_campaigns":false},"product_brand":[],"product_cat":[88,94],"product_tag":[],"class_list":{"0":"post-6519","1":"product","2":"type-product","3":"status-publish","4":"has-post-thumbnail","6":"product_cat-centella","7":"product_cat-skin-1004","9":"first","10":"instock","11":"shipping-taxable","12":"purchasable","13":"product-type-simple"},"aioseo_notices":[],"jetpack_sharing_enabled":true,"_links":{"self":[{"href":"https:\/\/k-beautyci.com\/fr\/wp-json\/wp\/v2\/product\/6519","targetHints":{"allow":["GET"]}}],"collection":[{"href":"https:\/\/k-beautyci.com\/fr\/wp-json\/wp\/v2\/product"}],"about":[{"href":"https:\/\/k-beautyci.com\/fr\/wp-json\/wp\/v2\/types\/product"}],"replies":[{"embeddable":true,"href":"https:\/\/k-beautyci.com\/fr\/wp-json\/wp\/v2\/comments?post=6519"}],"wp:featuredmedia":[{"embeddable":true,"href":"https:\/\/k-beautyci.com\/fr\/wp-json\/wp\/v2\/media\/6529"}],"wp:attachment":[{"href":"https:\/\/k-beautyci.com\/fr\/wp-json\/wp\/v2\/media?parent=6519"}],"wp:term":[{"taxonomy":"product_brand","embeddable":true,"href":"https:\/\/k-beautyci.com\/fr\/wp-json\/wp\/v2\/product_brand?post=6519"},{"taxonomy":"product_cat","embeddable":true,"href":"https:\/\/k-beautyci.com\/fr\/wp-json\/wp\/v2\/product_cat?post=6519"},{"taxonomy":"product_tag","embeddable":true,"href":"https:\/\/k-beautyci.com\/fr\/wp-json\/wp\/v2\/product_tag?post=6519"}],"curies":[{"name":"wp","href":"https:\/\/api.w.org\/{rel}","templated":true}]}}