{"id":6409,"date":"2025-01-01T14:09:45","date_gmt":"2025-01-01T14:09:45","guid":{"rendered":"https:\/\/k-beautyci.com\/?post_type=product&#038;p=6409"},"modified":"2025-06-10T11:15:21","modified_gmt":"2025-06-10T11:15:21","slug":"aromer-tone-control-sun-cream-spf-50-pa","status":"publish","type":"product","link":"https:\/\/k-beautyci.com\/fr\/produit\/aromer-tone-control-sun-cream-spf-50-pa\/","title":{"rendered":"Aromer. Tone Control Sun Cream SPF 50+\/PA++++"},"content":{"rendered":"<p>Comment l'utiliser :<\/p>\n<p>Apr\u00e8s les soins de base, appliquer une quantit\u00e9 appropri\u00e9e de cr\u00e8me solaire et l'\u00e9taler sur l'ensemble du visage.<\/p>\n<p>Avertissement : Pour usage externe uniquement. Toujours effectuer un test \u00e9picutan\u00e9. Cessez d'utiliser le produit si vous ressentez une quelconque g\u00eane. Suivre les instructions suppl\u00e9mentaires figurant sur l'emballage. Les r\u00e9sultats individuels peuvent varier.<\/p>","protected":false},"excerpt":{"rendered":"<p>Un \u00e9cran solaire mixte qui ne contient que les avantages des filtres physiques et chimiques. La formule de la cr\u00e8me vert clair prot\u00e8ge la peau des rayons UV et du traitement ext\u00e9rieur et donne un teint lumineux. Rechargez votre \u00e9nergie hydratante avec 5 mucines v\u00e9g\u00e9tales et 4 extraits de plantes contenant des ingr\u00e9dients brevet\u00e9s.<\/p>","protected":false},"featured_media":6411,"comment_status":"open","ping_status":"closed","template":"","meta":{"om_disable_all_campaigns":false},"product_brand":[],"product_cat":[77],"product_tag":[],"class_list":{"0":"post-6409","1":"product","2":"type-product","3":"status-publish","4":"has-post-thumbnail","6":"product_cat-spf-50","8":"first","9":"outofstock","10":"sale","11":"shipping-taxable","12":"purchasable","13":"product-type-simple"},"aioseo_notices":[],"jetpack_sharing_enabled":true,"_links":{"self":[{"href":"https:\/\/k-beautyci.com\/fr\/wp-json\/wp\/v2\/product\/6409","targetHints":{"allow":["GET"]}}],"collection":[{"href":"https:\/\/k-beautyci.com\/fr\/wp-json\/wp\/v2\/product"}],"about":[{"href":"https:\/\/k-beautyci.com\/fr\/wp-json\/wp\/v2\/types\/product"}],"replies":[{"embeddable":true,"href":"https:\/\/k-beautyci.com\/fr\/wp-json\/wp\/v2\/comments?post=6409"}],"wp:featuredmedia":[{"embeddable":true,"href":"https:\/\/k-beautyci.com\/fr\/wp-json\/wp\/v2\/media\/6411"}],"wp:attachment":[{"href":"https:\/\/k-beautyci.com\/fr\/wp-json\/wp\/v2\/media?parent=6409"}],"wp:term":[{"taxonomy":"product_brand","embeddable":true,"href":"https:\/\/k-beautyci.com\/fr\/wp-json\/wp\/v2\/product_brand?post=6409"},{"taxonomy":"product_cat","embeddable":true,"href":"https:\/\/k-beautyci.com\/fr\/wp-json\/wp\/v2\/product_cat?post=6409"},{"taxonomy":"product_tag","embeddable":true,"href":"https:\/\/k-beautyci.com\/fr\/wp-json\/wp\/v2\/product_tag?post=6409"}],"curies":[{"name":"wp","href":"https:\/\/api.w.org\/{rel}","templated":true}]}}