{"id":6402,"date":"2024-12-30T00:41:24","date_gmt":"2024-12-30T00:41:24","guid":{"rendered":"https:\/\/k-beautyci.com\/?post_type=product&#038;p=6402"},"modified":"2025-06-24T12:56:50","modified_gmt":"2025-06-24T12:56:50","slug":"panoxyl-adapalene-gel","status":"publish","type":"product","link":"https:\/\/k-beautyci.com\/fr\/produit\/panoxyl-adapalene-gel\/","title":{"rendered":"PanOxyl Adapalene Gel"},"content":{"rendered":"<p>Comment l'utiliser :<\/p>\n<p>Nettoyer d\u00e9licatement les zones affect\u00e9es par l'acn\u00e9 et les s\u00e9cher en tapotant. Appliquer le gel Adapalene en couche fine sur les zones affect\u00e9es. N'utiliser qu'une seule fois par jour. Se laver les mains apr\u00e8s utilisation.<\/p>\n<p>Avertissement : Pour usage externe uniquement. Toujours effectuer un test \u00e9picutan\u00e9. Cessez d'utiliser le produit si vous ressentez une quelconque g\u00eane. Suivre les instructions suppl\u00e9mentaires figurant sur l'emballage. Les r\u00e9sultats individuels peuvent varier.<\/p>","protected":false},"excerpt":{"rendered":"<p>Traiter et \u00e9liminer l'acn\u00e9 avec le gel sans rin\u00e7age PanOxyl Adapalene 0,1%. Adapalene USP a \u00e9t\u00e9 le premier r\u00e9tino\u00efde topique en vente libre approuv\u00e9 par la FDA pour le traitement de l'acn\u00e9.<\/p>","protected":false},"featured_media":6406,"comment_status":"open","ping_status":"closed","template":"","meta":{"om_disable_all_campaigns":false},"product_brand":[],"product_cat":[60,33,171,68],"product_tag":[],"class_list":{"0":"post-6402","1":"product","2":"type-product","3":"status-publish","4":"has-post-thumbnail","6":"product_cat-acne","7":"product_cat-face-treatments","8":"product_cat-panoxyl","9":"product_cat-retinol","11":"first","12":"outofstock","13":"shipping-taxable","14":"purchasable","15":"product-type-simple"},"aioseo_notices":[],"jetpack_sharing_enabled":true,"_links":{"self":[{"href":"https:\/\/k-beautyci.com\/fr\/wp-json\/wp\/v2\/product\/6402","targetHints":{"allow":["GET"]}}],"collection":[{"href":"https:\/\/k-beautyci.com\/fr\/wp-json\/wp\/v2\/product"}],"about":[{"href":"https:\/\/k-beautyci.com\/fr\/wp-json\/wp\/v2\/types\/product"}],"replies":[{"embeddable":true,"href":"https:\/\/k-beautyci.com\/fr\/wp-json\/wp\/v2\/comments?post=6402"}],"wp:featuredmedia":[{"embeddable":true,"href":"https:\/\/k-beautyci.com\/fr\/wp-json\/wp\/v2\/media\/6406"}],"wp:attachment":[{"href":"https:\/\/k-beautyci.com\/fr\/wp-json\/wp\/v2\/media?parent=6402"}],"wp:term":[{"taxonomy":"product_brand","embeddable":true,"href":"https:\/\/k-beautyci.com\/fr\/wp-json\/wp\/v2\/product_brand?post=6402"},{"taxonomy":"product_cat","embeddable":true,"href":"https:\/\/k-beautyci.com\/fr\/wp-json\/wp\/v2\/product_cat?post=6402"},{"taxonomy":"product_tag","embeddable":true,"href":"https:\/\/k-beautyci.com\/fr\/wp-json\/wp\/v2\/product_tag?post=6402"}],"curies":[{"name":"wp","href":"https:\/\/api.w.org\/{rel}","templated":true}]}}