{"id":6392,"date":"2025-03-27T16:02:40","date_gmt":"2025-03-27T16:02:40","guid":{"rendered":"https:\/\/k-beautyci.com\/?post_type=product&#038;p=6392"},"modified":"2025-03-27T16:02:40","modified_gmt":"2025-03-27T16:02:40","slug":"vt-cica-reti-a-all-in-one-3-step-mask","status":"publish","type":"product","link":"https:\/\/k-beautyci.com\/fr\/produit\/vt-cica-reti-a-all-in-one-3-step-mask\/","title":{"rendered":"VT &#8211; Cica Reti-A All In One 3 Step Mask"},"content":{"rendered":"<p><b>Comment l'utiliser :<\/b><br \/>\n1. Apr\u00e8s le nettoyage, appliquez le masque uniform\u00e9ment sur votre peau en fonction de la forme de votre visage. Au bout de 10 \u00e0 15 minutes, retirez le masque et faites p\u00e9n\u00e9trer l'essence restante dans votre peau pour l'aider \u00e0 absorber...<\/p>\n<p>2. Appliquer uniform\u00e9ment une quantit\u00e9 d'essence de la taille d'un petit pois et tapoter pour faciliter l'absorption.<\/p>\n<p>3. Appliquer une couche \u00e9paisse de cr\u00e8me de nuit sur le visage et tapoter doucement pour favoriser l'absorption.<\/p>\n<p>Avertissement : Pour usage externe uniquement. Toujours effectuer un test \u00e9picutan\u00e9. Cessez d'utiliser le produit si vous ressentez une quelconque g\u00eane. Suivre les instructions suppl\u00e9mentaires figurant sur l'emballage. Les r\u00e9sultats individuels peuvent varier.<\/p>","protected":false},"excerpt":{"rendered":"<p>Le masque en 3 \u00e9tapes Cica Reti-A All In One de VT Cosmetics est con\u00e7u pour vous aider \u00e0 obtenir un teint plus lisse, plus jeune et plus lumineux en resserrant les pores et en lissant la peau gr\u00e2ce au r\u00e9tinol pur \u00e0 99 % et au CICAHYALON\u2122.<\/p>","protected":false},"featured_media":6396,"comment_status":"open","ping_status":"closed","template":"","meta":{"om_disable_all_campaigns":false},"product_brand":[],"product_cat":[62,211],"product_tag":[],"class_list":{"0":"post-6392","1":"product","2":"type-product","3":"status-publish","4":"has-post-thumbnail","6":"product_cat-face-masks","7":"product_cat-vt-cosmetics","9":"first","10":"instock","11":"shipping-taxable","12":"purchasable","13":"product-type-simple"},"aioseo_notices":[],"jetpack_sharing_enabled":true,"_links":{"self":[{"href":"https:\/\/k-beautyci.com\/fr\/wp-json\/wp\/v2\/product\/6392","targetHints":{"allow":["GET"]}}],"collection":[{"href":"https:\/\/k-beautyci.com\/fr\/wp-json\/wp\/v2\/product"}],"about":[{"href":"https:\/\/k-beautyci.com\/fr\/wp-json\/wp\/v2\/types\/product"}],"replies":[{"embeddable":true,"href":"https:\/\/k-beautyci.com\/fr\/wp-json\/wp\/v2\/comments?post=6392"}],"wp:featuredmedia":[{"embeddable":true,"href":"https:\/\/k-beautyci.com\/fr\/wp-json\/wp\/v2\/media\/6396"}],"wp:attachment":[{"href":"https:\/\/k-beautyci.com\/fr\/wp-json\/wp\/v2\/media?parent=6392"}],"wp:term":[{"taxonomy":"product_brand","embeddable":true,"href":"https:\/\/k-beautyci.com\/fr\/wp-json\/wp\/v2\/product_brand?post=6392"},{"taxonomy":"product_cat","embeddable":true,"href":"https:\/\/k-beautyci.com\/fr\/wp-json\/wp\/v2\/product_cat?post=6392"},{"taxonomy":"product_tag","embeddable":true,"href":"https:\/\/k-beautyci.com\/fr\/wp-json\/wp\/v2\/product_tag?post=6392"}],"curies":[{"name":"wp","href":"https:\/\/api.w.org\/{rel}","templated":true}]}}