{"id":6387,"date":"2024-12-28T23:44:25","date_gmt":"2024-12-28T23:44:25","guid":{"rendered":"https:\/\/k-beautyci.com\/?post_type=product&#038;p=6387"},"modified":"2024-12-28T23:44:25","modified_gmt":"2024-12-28T23:44:25","slug":"vt-vita-light-all-in-one-3step-mask","status":"publish","type":"product","link":"https:\/\/k-beautyci.com\/fr\/produit\/vt-vita-light-all-in-one-3step-mask\/","title":{"rendered":"VT &#8211; Vita-Light All In One 3step Mask"},"content":{"rendered":"<p><b>Comment l'utiliser :<\/b><br \/>\n1. Apr\u00e8s avoir lav\u00e9 votre visage, appliquez une quantit\u00e9 appropri\u00e9e d'essence sur la peau et tapotez-la pour la faire absorber. Appliquez une nouvelle fois sur la zone concern\u00e9e par les taches de rousseur et les imperfections et laissez absorber.<\/p>\n<p>2. Appliquez le masque uniform\u00e9ment sur la peau en fonction de la texture du visage. Apr\u00e8s avoir appliqu\u00e9 le masque pendant 10 \u00e0 15 minutes, retirez-le et appliquez l'essence restante sur la peau pour la faire p\u00e9n\u00e9trer.<\/p>\n<p>3. Appliquer une quantit\u00e9 appropri\u00e9e de cr\u00e8me sur la peau et la faire p\u00e9n\u00e9trer en tapotant. Appliquer \u00e0 nouveau sur les zones s\u00e8ches et laisser absorber.<\/p>\n<p>Avertissement : Pour usage externe uniquement. Toujours effectuer un test \u00e9picutan\u00e9. Cessez d'utiliser le produit si vous ressentez une quelconque g\u00eane. Suivre les instructions suppl\u00e9mentaires figurant sur l'emballage. Les r\u00e9sultats individuels peuvent varier.<\/p>","protected":false},"excerpt":{"rendered":"<p>Le masque en trois \u00e9tapes VT's Vita-Light All In One redonne de l'\u00e9clat \u00e0 la peau pour une peau claire et lumineuse. L'\u00e9tape 1 contient l'Essence \u00c9clat, formul\u00e9e avec 15 % de vitamine C pour estomper les imperfections et les taches brunes. L'\u00e9tape 2 est le Masque Hydratant, un masque en feuille impr\u00e9gn\u00e9 de vitamine C et de CICAHYALON pour hydrater la peau et lui conf\u00e9rer des propri\u00e9t\u00e9s antioxydantes. Terminez par l'\u00e9tape 3 contenant la cr\u00e8me Glow Up infus\u00e9e de vitamine C et de l'ingr\u00e9dient brevet\u00e9 Mild White\u2122 pour am\u00e9liorer le teint et la texture de la peau. La cr\u00e8me en trois \u00e9tapes du masque est \u00e9galement enrichie de centella asiatica, de beurre de karit\u00e9 et d'allanto\u00efne pour apaiser la peau et fixer l'hydratation.<\/p>","protected":false},"featured_media":6390,"comment_status":"open","ping_status":"closed","template":"","meta":{"om_disable_all_campaigns":false},"product_brand":[],"product_cat":[62,211],"product_tag":[],"class_list":{"0":"post-6387","1":"product","2":"type-product","3":"status-publish","4":"has-post-thumbnail","6":"product_cat-face-masks","7":"product_cat-vt-cosmetics","9":"first","10":"instock","11":"shipping-taxable","12":"purchasable","13":"product-type-simple"},"aioseo_notices":[],"jetpack_sharing_enabled":true,"_links":{"self":[{"href":"https:\/\/k-beautyci.com\/fr\/wp-json\/wp\/v2\/product\/6387","targetHints":{"allow":["GET"]}}],"collection":[{"href":"https:\/\/k-beautyci.com\/fr\/wp-json\/wp\/v2\/product"}],"about":[{"href":"https:\/\/k-beautyci.com\/fr\/wp-json\/wp\/v2\/types\/product"}],"replies":[{"embeddable":true,"href":"https:\/\/k-beautyci.com\/fr\/wp-json\/wp\/v2\/comments?post=6387"}],"wp:featuredmedia":[{"embeddable":true,"href":"https:\/\/k-beautyci.com\/fr\/wp-json\/wp\/v2\/media\/6390"}],"wp:attachment":[{"href":"https:\/\/k-beautyci.com\/fr\/wp-json\/wp\/v2\/media?parent=6387"}],"wp:term":[{"taxonomy":"product_brand","embeddable":true,"href":"https:\/\/k-beautyci.com\/fr\/wp-json\/wp\/v2\/product_brand?post=6387"},{"taxonomy":"product_cat","embeddable":true,"href":"https:\/\/k-beautyci.com\/fr\/wp-json\/wp\/v2\/product_cat?post=6387"},{"taxonomy":"product_tag","embeddable":true,"href":"https:\/\/k-beautyci.com\/fr\/wp-json\/wp\/v2\/product_tag?post=6387"}],"curies":[{"name":"wp","href":"https:\/\/api.w.org\/{rel}","templated":true}]}}