{"id":6379,"date":"2024-12-28T13:15:55","date_gmt":"2024-12-28T13:15:55","guid":{"rendered":"https:\/\/k-beautyci.com\/?post_type=product&#038;p=6379"},"modified":"2025-01-03T15:28:26","modified_gmt":"2025-01-03T15:28:26","slug":"vt-cica-collagen-all-in-one-3step-mask","status":"publish","type":"product","link":"https:\/\/k-beautyci.com\/fr\/produit\/vt-cica-collagen-all-in-one-3step-mask\/","title":{"rendered":"VT &#8211; Cica Collagen All In One 3step Mask"},"content":{"rendered":"<p><b>Comment l'utiliser :<\/b><br \/>\n1. Apr\u00e8s s'\u00eatre lav\u00e9 le visage, appliquer le s\u00e9rum sur l'ensemble du visage en insistant sur les zones d'\u00e9lasticit\u00e9, comme le contour des yeux et de la bouche.<\/p>\n<p>2. Appliquez le masque sur votre visage et retirez-le au bout de 10 \u00e0 20 minutes. Tapotez l\u00e9g\u00e8rement l'essence restante pour l'absorber.<\/p>\n<p>3. Prenez une quantit\u00e9 appropri\u00e9e de cr\u00e8me au collag\u00e8ne et \u00e9talez-la d\u00e9licatement de l'int\u00e9rieur vers l'ext\u00e9rieur de la peau.<\/p>\n<p>Avertissement : Pour usage externe uniquement. Toujours effectuer un test \u00e9picutan\u00e9. Cessez d'utiliser le produit si vous ressentez une quelconque g\u00eane. Suivre les instructions suppl\u00e9mentaires figurant sur l'emballage. Les r\u00e9sultats individuels peuvent varier.<\/p>","protected":false},"excerpt":{"rendered":"<p>Le masque en trois \u00e9tapes Cica Collagen All In One de VT r\u00e9tablit l'\u00e9lasticit\u00e9 de la peau pour une peau jeune et rebondie. L'\u00e9tape 1 contient le Cica Collagen First Serum, rempli de collag\u00e8ne de poisson \u00e0 faible poids mol\u00e9culaire et de 10 000 ppm d'extrait de plante de r\u00e9surrection pour repulper la peau et resserrer les pores. L'\u00e9tape 2 est le masque gel\u00e9e au collag\u00e8ne de Cica, un masque en feuille satur\u00e9 de collag\u00e8ne, d'\u00e9lastine et d'extrait de centella asiatica pour hydrater et apaiser la peau. L'\u00e9tape 3 est la cr\u00e8me au collag\u00e8ne Cica, formul\u00e9e avec des c\u00e9ramides et de l'acide hyaluronique pour maintenir l'hydratation de la peau. Le masque en trois \u00e9tapes est \u00e9galement enrichi en extrait de phytoplacenta de soja pour resserrer les pores et stimuler la production de collag\u00e8ne.<\/p>","protected":false},"featured_media":6382,"comment_status":"open","ping_status":"closed","template":"","meta":{"om_disable_all_campaigns":false},"product_brand":[],"product_cat":[62,26,31,211],"product_tag":[],"class_list":{"0":"post-6379","1":"product","2":"type-product","3":"status-publish","4":"has-post-thumbnail","6":"product_cat-face-masks","7":"product_cat-face-moisturizer","8":"product_cat-face-serums","9":"product_cat-vt-cosmetics","11":"first","12":"instock","13":"shipping-taxable","14":"purchasable","15":"product-type-simple"},"aioseo_notices":[],"jetpack_sharing_enabled":true,"_links":{"self":[{"href":"https:\/\/k-beautyci.com\/fr\/wp-json\/wp\/v2\/product\/6379","targetHints":{"allow":["GET"]}}],"collection":[{"href":"https:\/\/k-beautyci.com\/fr\/wp-json\/wp\/v2\/product"}],"about":[{"href":"https:\/\/k-beautyci.com\/fr\/wp-json\/wp\/v2\/types\/product"}],"replies":[{"embeddable":true,"href":"https:\/\/k-beautyci.com\/fr\/wp-json\/wp\/v2\/comments?post=6379"}],"wp:featuredmedia":[{"embeddable":true,"href":"https:\/\/k-beautyci.com\/fr\/wp-json\/wp\/v2\/media\/6382"}],"wp:attachment":[{"href":"https:\/\/k-beautyci.com\/fr\/wp-json\/wp\/v2\/media?parent=6379"}],"wp:term":[{"taxonomy":"product_brand","embeddable":true,"href":"https:\/\/k-beautyci.com\/fr\/wp-json\/wp\/v2\/product_brand?post=6379"},{"taxonomy":"product_cat","embeddable":true,"href":"https:\/\/k-beautyci.com\/fr\/wp-json\/wp\/v2\/product_cat?post=6379"},{"taxonomy":"product_tag","embeddable":true,"href":"https:\/\/k-beautyci.com\/fr\/wp-json\/wp\/v2\/product_tag?post=6379"}],"curies":[{"name":"wp","href":"https:\/\/api.w.org\/{rel}","templated":true}]}}