{"id":6375,"date":"2024-12-28T12:17:53","date_gmt":"2024-12-28T12:17:53","guid":{"rendered":"https:\/\/k-beautyci.com\/?post_type=product&#038;p=6375"},"modified":"2025-03-20T05:20:47","modified_gmt":"2025-03-20T05:20:47","slug":"vt-reedle-shot-all-in-one-3-step-mask","status":"publish","type":"product","link":"https:\/\/k-beautyci.com\/fr\/produit\/vt-reedle-shot-all-in-one-3-step-mask\/","title":{"rendered":"VT &#8211; Reedle Shot All In One 3 Step Mask"},"content":{"rendered":"<p><b>Comment l'utiliser :<\/b><br \/>\n1. Appliquer une quantit\u00e9 appropri\u00e9e de Reedle Shot 300 sur le visage apr\u00e8s l'avoir lav\u00e9. Masser l'essence sur l'ensemble du visage.<\/p>\n<p>2. Apr\u00e8s absorption compl\u00e8te de Reedle Shot 300, fixer le masque en feuille sur le visage. Retirez le masque au bout de 10 \u00e0 20 minutes, en faisant l\u00e9g\u00e8rement p\u00e9n\u00e9trer l'essence restante dans la peau.<\/p>\n<p>3. Appliquer une quantit\u00e9 appropri\u00e9e de Reedle Shot Lifting Cream sur la peau.<\/p>\n<p>Avertissement : Pour usage externe uniquement. Toujours effectuer un test \u00e9picutan\u00e9. Cessez d'utiliser le produit si vous ressentez une quelconque g\u00eane. Suivre les instructions suppl\u00e9mentaires figurant sur l'emballage. Les r\u00e9sultats individuels peuvent varier.<\/p>","protected":false},"excerpt":{"rendered":"<p>Le masque en 3 \u00e9tapes Reedle Shot All In One de VT est con\u00e7u pour apporter des soins hydratants et d'\u00e9lasticit\u00e9 en profondeur dans la peau. Chaque \u00e9tape contient le CICA REEDLE\u2122 de VT, compos\u00e9 de microparticules d\u00e9riv\u00e9es de min\u00e9raux qui imitent les traitements de microneedling pour aider les ingr\u00e9dients \u00e0 \u00eatre absorb\u00e9s plus profond\u00e9ment dans la peau. L'\u00e9tape 1 est le Reedle Shot 300, une essence formul\u00e9e avec de l'acide hyaluronique hydratant et des acides amin\u00e9s stimulant le collag\u00e8ne. L'\u00e9tape 2 est le masque Reedle Shot, un masque en feuille impr\u00e9gn\u00e9 de peptides, de panth\u00e9nol et d'acide hyaluronique pour une peau lisse et hydrat\u00e9e. L'\u00e9tape 3 est la cr\u00e8me liftante Reedle Shot, formul\u00e9e avec du collag\u00e8ne et de l'\u00e9lastine pour renforcer l'\u00e9lasticit\u00e9 de la peau et fixer l'hydratation.<\/p>","protected":false},"featured_media":6378,"comment_status":"open","ping_status":"closed","template":"","meta":{"om_disable_all_campaigns":false},"product_brand":[],"product_cat":[62,211],"product_tag":[],"class_list":{"0":"post-6375","1":"product","2":"type-product","3":"status-publish","4":"has-post-thumbnail","6":"product_cat-face-masks","7":"product_cat-vt-cosmetics","9":"first","10":"instock","11":"shipping-taxable","12":"purchasable","13":"product-type-simple"},"aioseo_notices":[],"jetpack_sharing_enabled":true,"_links":{"self":[{"href":"https:\/\/k-beautyci.com\/fr\/wp-json\/wp\/v2\/product\/6375","targetHints":{"allow":["GET"]}}],"collection":[{"href":"https:\/\/k-beautyci.com\/fr\/wp-json\/wp\/v2\/product"}],"about":[{"href":"https:\/\/k-beautyci.com\/fr\/wp-json\/wp\/v2\/types\/product"}],"replies":[{"embeddable":true,"href":"https:\/\/k-beautyci.com\/fr\/wp-json\/wp\/v2\/comments?post=6375"}],"wp:featuredmedia":[{"embeddable":true,"href":"https:\/\/k-beautyci.com\/fr\/wp-json\/wp\/v2\/media\/6378"}],"wp:attachment":[{"href":"https:\/\/k-beautyci.com\/fr\/wp-json\/wp\/v2\/media?parent=6375"}],"wp:term":[{"taxonomy":"product_brand","embeddable":true,"href":"https:\/\/k-beautyci.com\/fr\/wp-json\/wp\/v2\/product_brand?post=6375"},{"taxonomy":"product_cat","embeddable":true,"href":"https:\/\/k-beautyci.com\/fr\/wp-json\/wp\/v2\/product_cat?post=6375"},{"taxonomy":"product_tag","embeddable":true,"href":"https:\/\/k-beautyci.com\/fr\/wp-json\/wp\/v2\/product_tag?post=6375"}],"curies":[{"name":"wp","href":"https:\/\/api.w.org\/{rel}","templated":true}]}}