{"id":6329,"date":"2024-12-19T22:50:04","date_gmt":"2024-12-19T22:50:04","guid":{"rendered":"https:\/\/k-beautyci.com\/?post_type=product&#038;p=6329"},"modified":"2024-12-19T22:50:05","modified_gmt":"2024-12-19T22:50:05","slug":"conscious-chemist-azicalm-10-azelaic-acid-redness-relief-gel-cream-50gm","status":"publish","type":"product","link":"https:\/\/k-beautyci.com\/fr\/produit\/conscious-chemist-azicalm-10-azelaic-acid-redness-relief-gel-cream-50gm\/","title":{"rendered":"Conscious Chemist Azicalm 10% Azelaic Acid Redness Relief Gel Cream 50gm"},"content":{"rendered":"<div>\n<div class=\"flex items-center gap-2d5\"><span class=\"text-sm-base font-medium leading-none\">Comment l'utiliser :<\/span><\/div>\n<\/div>\n<div class=\"details__content rte text-sm text-opacity\">\n<p>Lavez-vous soigneusement les mains \u00e0 l'eau et au savon avant et apr\u00e8s l'application. Nettoyez votre visage et s\u00e9chez-le en tapotant doucement. Appliquez une quantit\u00e9 d'Azicalm de la taille d'un petit pois uniform\u00e9ment sur votre visage et votre cou. Utiliser jusqu'\u00e0 deux fois par jour, comme soin hydratant de jour et de nuit. Appliquer un SPF 30 ou plus pendant la journ\u00e9e. \u00c9viter tout contact avec les yeux et la bouche. N'utiliser que sur une peau intacte et effectuer un test \u00e9picutan\u00e9 avant la premi\u00e8re utilisation.<\/p>\n<p>Avertissement : Pour usage externe uniquement. Toujours effectuer un test \u00e9picutan\u00e9. Cessez d'utiliser le produit si vous ressentez une quelconque g\u00eane. Suivre les instructions suppl\u00e9mentaires figurant sur l'emballage. Les r\u00e9sultats individuels peuvent varier.<\/p>\n<\/div>","protected":false},"excerpt":{"rendered":"<p>Azicalm offre un sanctuaire apaisant gr\u00e2ce \u00e0 son puissant m\u00e9lange d'acide az\u00e9la\u00efque \u00e0 10 % pour les peaux tr\u00e8s sensibles et sujettes \u00e0 la rosac\u00e9e. Formul\u00e9 pour calmer les irritations, att\u00e9nuer les rougeurs et d\u00e9gager les pores obstru\u00e9s, il favorise un teint plus lisse et plus sain. En combattant les bact\u00e9ries responsables de l'acn\u00e9, il encourage en douceur le renouvellement cellulaire, en r\u00e9parant la barri\u00e8re cutan\u00e9e sensible.<\/p>\n<p>Un gel-cr\u00e8me super apaisant qui calme la peau et att\u00e9nue toute rougeur ou irritation. Cette formule cicatrisante peut \u00eatre utilis\u00e9e quotidiennement par les peaux sensibles \u00e0 tr\u00e8s sensibles.<\/p>","protected":false},"featured_media":6336,"comment_status":"open","ping_status":"closed","template":"","meta":{"om_disable_all_campaigns":false},"product_brand":[],"product_cat":[60,165],"product_tag":[],"class_list":{"0":"post-6329","1":"product","2":"type-product","3":"status-publish","4":"has-post-thumbnail","6":"product_cat-acne","7":"product_cat-azelaic-acid","9":"first","10":"instock","11":"shipping-taxable","12":"purchasable","13":"product-type-simple"},"aioseo_notices":[],"jetpack_sharing_enabled":true,"_links":{"self":[{"href":"https:\/\/k-beautyci.com\/fr\/wp-json\/wp\/v2\/product\/6329","targetHints":{"allow":["GET"]}}],"collection":[{"href":"https:\/\/k-beautyci.com\/fr\/wp-json\/wp\/v2\/product"}],"about":[{"href":"https:\/\/k-beautyci.com\/fr\/wp-json\/wp\/v2\/types\/product"}],"replies":[{"embeddable":true,"href":"https:\/\/k-beautyci.com\/fr\/wp-json\/wp\/v2\/comments?post=6329"}],"wp:featuredmedia":[{"embeddable":true,"href":"https:\/\/k-beautyci.com\/fr\/wp-json\/wp\/v2\/media\/6336"}],"wp:attachment":[{"href":"https:\/\/k-beautyci.com\/fr\/wp-json\/wp\/v2\/media?parent=6329"}],"wp:term":[{"taxonomy":"product_brand","embeddable":true,"href":"https:\/\/k-beautyci.com\/fr\/wp-json\/wp\/v2\/product_brand?post=6329"},{"taxonomy":"product_cat","embeddable":true,"href":"https:\/\/k-beautyci.com\/fr\/wp-json\/wp\/v2\/product_cat?post=6329"},{"taxonomy":"product_tag","embeddable":true,"href":"https:\/\/k-beautyci.com\/fr\/wp-json\/wp\/v2\/product_tag?post=6329"}],"curies":[{"name":"wp","href":"https:\/\/api.w.org\/{rel}","templated":true}]}}