{"id":6320,"date":"2024-12-18T23:29:46","date_gmt":"2024-12-18T23:29:46","guid":{"rendered":"https:\/\/k-beautyci.com\/?post_type=product&#038;p=6320"},"modified":"2025-05-22T18:05:59","modified_gmt":"2025-05-22T18:05:59","slug":"dr-althea-pure-grinding-cleansing-balm","status":"publish","type":"product","link":"https:\/\/k-beautyci.com\/fr\/produit\/dr-althea-pure-grinding-cleansing-balm\/","title":{"rendered":"Dr. Althea Pure Grinding Cleansing Balm"},"content":{"rendered":"<p>Comment l'utiliser :<\/p>\n<div class=\"description-item active\">\n<div class=\"body\">\n<p>Tourner le produit dans le sens des aiguilles d'une montre et pr\u00e9lever une quantit\u00e9 appropri\u00e9e. Masser d\u00e9licatement sur la peau s\u00e8che en effectuant des mouvements circulaires, puis ajouter un peu d'eau pour \u00e9mulsionner. Rincer abondamment \u00e0 l'eau ti\u00e8de.<\/p>\n<p>Avertissement : Pour usage externe uniquement. Toujours effectuer un test \u00e9picutan\u00e9. Cessez d'utiliser le produit si vous ressentez une quelconque g\u00eane. Suivre les instructions suppl\u00e9mentaires figurant sur l'emballage. Les r\u00e9sultats individuels peuvent varier.<\/p>\n<\/div>\n<\/div>\n<div class=\"description-item\">\n<h2 class=\"title\"><\/h2>\n<\/div>","protected":false},"excerpt":{"rendered":"<p>Infus\u00e9 de 14 ingr\u00e9dients essentiels \u00e0 la sant\u00e9 de la peau, ce baume nettoyant aux allures de sorbet fait fondre le maquillage, le s\u00e9bum et les impuret\u00e9s sans d\u00e9caper la peau, pour une sensation de fra\u00eecheur et de propret\u00e9.<\/p>","protected":false},"featured_media":6326,"comment_status":"open","ping_status":"closed","template":"","meta":{"om_disable_all_campaigns":false},"product_brand":[],"product_cat":[207,35,63],"product_tag":[],"class_list":{"0":"post-6320","1":"product","2":"type-product","3":"status-publish","4":"has-post-thumbnail","6":"product_cat-dr-althea","7":"product_cat-face-cleansers","8":"product_cat-makeup-removers","10":"first","11":"outofstock","12":"shipping-taxable","13":"purchasable","14":"product-type-simple"},"aioseo_notices":[],"jetpack_sharing_enabled":true,"_links":{"self":[{"href":"https:\/\/k-beautyci.com\/fr\/wp-json\/wp\/v2\/product\/6320","targetHints":{"allow":["GET"]}}],"collection":[{"href":"https:\/\/k-beautyci.com\/fr\/wp-json\/wp\/v2\/product"}],"about":[{"href":"https:\/\/k-beautyci.com\/fr\/wp-json\/wp\/v2\/types\/product"}],"replies":[{"embeddable":true,"href":"https:\/\/k-beautyci.com\/fr\/wp-json\/wp\/v2\/comments?post=6320"}],"wp:featuredmedia":[{"embeddable":true,"href":"https:\/\/k-beautyci.com\/fr\/wp-json\/wp\/v2\/media\/6326"}],"wp:attachment":[{"href":"https:\/\/k-beautyci.com\/fr\/wp-json\/wp\/v2\/media?parent=6320"}],"wp:term":[{"taxonomy":"product_brand","embeddable":true,"href":"https:\/\/k-beautyci.com\/fr\/wp-json\/wp\/v2\/product_brand?post=6320"},{"taxonomy":"product_cat","embeddable":true,"href":"https:\/\/k-beautyci.com\/fr\/wp-json\/wp\/v2\/product_cat?post=6320"},{"taxonomy":"product_tag","embeddable":true,"href":"https:\/\/k-beautyci.com\/fr\/wp-json\/wp\/v2\/product_tag?post=6320"}],"curies":[{"name":"wp","href":"https:\/\/api.w.org\/{rel}","templated":true}]}}