{"id":6280,"date":"2024-12-18T23:38:28","date_gmt":"2024-12-18T23:38:28","guid":{"rendered":"https:\/\/k-beautyci.com\/?post_type=product&#038;p=6280"},"modified":"2026-04-12T22:55:46","modified_gmt":"2026-04-12T22:55:46","slug":"mixsoon-bifida-toner-pad-120-pads","status":"publish","type":"product","link":"https:\/\/k-beautyci.com\/fr\/produit\/mixsoon-bifida-toner-pad-120-pads\/","title":{"rendered":"mixsoon Bifida Toner Pad (120 pads)"},"content":{"rendered":"<p>Comment l'utiliser :<\/p>\n<div class=\"description-item active\">\n<div class=\"body\">\n<p>Utiliser apr\u00e8s le nettoyage et essuyer d\u00e9licatement pour tonifier et exfolier. Pour un effet masque, laisser agir sur les zones souhait\u00e9es pendant 3 \u00e0 5 minutes. Tapoter d\u00e9licatement pour faire p\u00e9n\u00e9trer le produit.<\/p>\n<p>Toujours effectuer un test \u00e9picutan\u00e9. Utiliser uniquement selon les instructions. Ne pas utiliser sur une peau ab\u00eem\u00e9e. Si l'irritation ou l'inconfort persistent, cesser l'utilisation et consulter un m\u00e9decin. Suivre les instructions suppl\u00e9mentaires figurant sur l'emballage. Avant de s'exposer au soleil, il est recommand\u00e9 aux utilisateurs de couvrir les zones o\u00f9 les AHA ont \u00e9t\u00e9 appliqu\u00e9s avec un \u00e9cran solaire. Le contact du produit avec la peau doit \u00eatre limit\u00e9 en fr\u00e9quence et en dur\u00e9e. Les r\u00e9sultats individuels peuvent varier.<\/p>\n<\/div>\n<\/div>\n<div class=\"description-item\">\n<p>Une bo\u00eete contient 120 feuilles remplies d'un flacon d'essence hydratante (240 feuilles lorsqu'elles sont s\u00e9par\u00e9es).<\/p>\n<\/div>","protected":false},"excerpt":{"rendered":"<p>Tirez parti de la puissance du Bifida et des ingr\u00e9dients ultra-hydratants avec ces tampons toniques. Impr\u00e9gn\u00e9s d'une essence riche et hydratante, c'est juste le coup de pouce dont vous avez besoin pour renforcer la barri\u00e8re naturelle de votre peau. Parfait pour les peaux s\u00e8ches et sensibles.<\/p>","protected":false},"featured_media":6284,"comment_status":"open","ping_status":"closed","template":"","meta":{"om_disable_all_campaigns":false},"product_brand":[],"product_cat":[39,196,224],"product_tag":[],"class_list":{"0":"post-6280","1":"product","2":"type-product","3":"status-publish","4":"has-post-thumbnail","6":"product_cat-face-toners","7":"product_cat-mixsoon","8":"product_cat-toner-pads","10":"first","11":"instock","12":"sale","13":"shipping-taxable","14":"purchasable","15":"product-type-simple"},"aioseo_notices":[],"jetpack_sharing_enabled":true,"_links":{"self":[{"href":"https:\/\/k-beautyci.com\/fr\/wp-json\/wp\/v2\/product\/6280","targetHints":{"allow":["GET"]}}],"collection":[{"href":"https:\/\/k-beautyci.com\/fr\/wp-json\/wp\/v2\/product"}],"about":[{"href":"https:\/\/k-beautyci.com\/fr\/wp-json\/wp\/v2\/types\/product"}],"replies":[{"embeddable":true,"href":"https:\/\/k-beautyci.com\/fr\/wp-json\/wp\/v2\/comments?post=6280"}],"wp:featuredmedia":[{"embeddable":true,"href":"https:\/\/k-beautyci.com\/fr\/wp-json\/wp\/v2\/media\/6284"}],"wp:attachment":[{"href":"https:\/\/k-beautyci.com\/fr\/wp-json\/wp\/v2\/media?parent=6280"}],"wp:term":[{"taxonomy":"product_brand","embeddable":true,"href":"https:\/\/k-beautyci.com\/fr\/wp-json\/wp\/v2\/product_brand?post=6280"},{"taxonomy":"product_cat","embeddable":true,"href":"https:\/\/k-beautyci.com\/fr\/wp-json\/wp\/v2\/product_cat?post=6280"},{"taxonomy":"product_tag","embeddable":true,"href":"https:\/\/k-beautyci.com\/fr\/wp-json\/wp\/v2\/product_tag?post=6280"}],"curies":[{"name":"wp","href":"https:\/\/api.w.org\/{rel}","templated":true}]}}