{"id":6255,"date":"2024-12-18T23:48:35","date_gmt":"2024-12-18T23:48:35","guid":{"rendered":"https:\/\/k-beautyci.com\/?post_type=product&#038;p=6255"},"modified":"2025-10-23T08:58:04","modified_gmt":"2025-10-23T08:58:04","slug":"mediheal-madecassoside-blemish-pad","status":"publish","type":"product","link":"https:\/\/k-beautyci.com\/fr\/produit\/mediheal-madecassoside-blemish-pad\/","title":{"rendered":"MEDIHEAL Madecassoside Blemish Pad"},"content":{"rendered":"<p>Comment l'utiliser :<\/p>\n<p>Masque de traitement : appliquer sur les zones cibl\u00e9es (front, joues et menton) apr\u00e8s le nettoyage pour un traitement intensif. Laisser agir pendant 15 minutes, retirer le masque et laisser le s\u00e9rum restant p\u00e9n\u00e9trer dans la peau.<\/p>\n<p>Comme tampon de traitement : apr\u00e8s le nettoyage, appliquer d\u00e9licatement sur la peau pour la tonifier, l'hydrater et la pr\u00e9parer.Peut \u00eatre utilis\u00e9 quotidiennement le matin et le soir.<\/p>\n<p>Avertissement : Pour usage externe uniquement. Toujours effectuer un test \u00e9picutan\u00e9. Cessez d'utiliser le produit si vous ressentez une quelconque g\u00eane. Suivre les instructions suppl\u00e9mentaires figurant sur l'emballage. Les r\u00e9sultats individuels peuvent varier.<\/p>\n<p>&nbsp;<\/p>","protected":false},"excerpt":{"rendered":"<p>Apaise et att\u00e9nue les imperfections et le teint in\u00e9gal gr\u00e2ce \u00e0 notre complexe CalmingTox et \u00e0 l'administration de liposomes pour des r\u00e9sultats optimaux.<\/p>","protected":false},"featured_media":6258,"comment_status":"open","ping_status":"closed","template":"","meta":{"om_disable_all_campaigns":false},"product_brand":[],"product_cat":[52,39,156,224],"product_tag":[],"class_list":{"0":"post-6255","1":"product","2":"type-product","3":"status-publish","4":"has-post-thumbnail","6":"product_cat-dark-spots","7":"product_cat-face-toners","8":"product_cat-mediheal","9":"product_cat-toner-pads","11":"first","12":"outofstock","13":"sale","14":"shipping-taxable","15":"purchasable","16":"product-type-simple"},"aioseo_notices":[],"jetpack_sharing_enabled":true,"_links":{"self":[{"href":"https:\/\/k-beautyci.com\/fr\/wp-json\/wp\/v2\/product\/6255","targetHints":{"allow":["GET"]}}],"collection":[{"href":"https:\/\/k-beautyci.com\/fr\/wp-json\/wp\/v2\/product"}],"about":[{"href":"https:\/\/k-beautyci.com\/fr\/wp-json\/wp\/v2\/types\/product"}],"replies":[{"embeddable":true,"href":"https:\/\/k-beautyci.com\/fr\/wp-json\/wp\/v2\/comments?post=6255"}],"wp:featuredmedia":[{"embeddable":true,"href":"https:\/\/k-beautyci.com\/fr\/wp-json\/wp\/v2\/media\/6258"}],"wp:attachment":[{"href":"https:\/\/k-beautyci.com\/fr\/wp-json\/wp\/v2\/media?parent=6255"}],"wp:term":[{"taxonomy":"product_brand","embeddable":true,"href":"https:\/\/k-beautyci.com\/fr\/wp-json\/wp\/v2\/product_brand?post=6255"},{"taxonomy":"product_cat","embeddable":true,"href":"https:\/\/k-beautyci.com\/fr\/wp-json\/wp\/v2\/product_cat?post=6255"},{"taxonomy":"product_tag","embeddable":true,"href":"https:\/\/k-beautyci.com\/fr\/wp-json\/wp\/v2\/product_tag?post=6255"}],"curies":[{"name":"wp","href":"https:\/\/api.w.org\/{rel}","templated":true}]}}