{"id":6250,"date":"2024-12-18T23:52:00","date_gmt":"2024-12-18T23:52:00","guid":{"rendered":"https:\/\/k-beautyci.com\/?post_type=product&#038;p=6250"},"modified":"2026-01-26T19:49:36","modified_gmt":"2026-01-26T19:49:36","slug":"mediheal-retinol-collagen-lifting-pad-100-pads","status":"publish","type":"product","link":"https:\/\/k-beautyci.com\/fr\/produit\/mediheal-retinol-collagen-lifting-pad-100-pads\/","title":{"rendered":"MEDIHEAL Retinol Collagen Lifting Pad (100 pads)"},"content":{"rendered":"<p>Comment l'utiliser :<\/p>\n<p>Appliquer le tampon sur la zone concern\u00e9e comme un masque en feuille, tapoter d\u00e9licatement l'essence restante pour l'absorber.<\/p>\n<p>Soins intensifs : Appliquez la compresse sur la zone cibl\u00e9e pour plus de fermet\u00e9. Tout en tenant l'extr\u00e9mit\u00e9 de la compresse, \u00e9tirez-la dans la direction o\u00f9 vous souhaitez obtenir le soin liftant, puis fixez-la.<\/p>\n<p>Soin raffermissant : en essuyant doucement avec deux tampons fix\u00e9s sur chaque joue, on peut obtenir une texture de peau plus ferme et plus lisse.<\/p>\n<p>Avertissement : Pour usage externe uniquement. Toujours effectuer un test \u00e9picutan\u00e9. Cessez d'utiliser le produit si vous ressentez une quelconque g\u00eane. Suivre les instructions suppl\u00e9mentaires figurant sur l'emballage. Les r\u00e9sultats individuels peuvent varier.<\/p>","protected":false},"excerpt":{"rendered":"<p>Revitalise la peau rel\u00e2ch\u00e9e et att\u00e9nue les ridules gr\u00e2ce au puissant r\u00e9tinol et au collag\u00e8ne, qui agissent comme des d\u00e9fricheurs de rides, pour une peau plus ferme et plus lisse.<\/p>","protected":false},"featured_media":6254,"comment_status":"open","ping_status":"closed","template":"","meta":{"om_disable_all_campaigns":false},"product_brand":[],"product_cat":[57,39,156,68,224],"product_tag":[],"class_list":{"0":"post-6250","1":"product","2":"type-product","3":"status-publish","4":"has-post-thumbnail","6":"product_cat-anti-aging","7":"product_cat-face-toners","8":"product_cat-mediheal","9":"product_cat-retinol","10":"product_cat-toner-pads","12":"first","13":"instock","14":"sale","15":"shipping-taxable","16":"purchasable","17":"product-type-simple"},"aioseo_notices":[],"jetpack_sharing_enabled":true,"_links":{"self":[{"href":"https:\/\/k-beautyci.com\/fr\/wp-json\/wp\/v2\/product\/6250","targetHints":{"allow":["GET"]}}],"collection":[{"href":"https:\/\/k-beautyci.com\/fr\/wp-json\/wp\/v2\/product"}],"about":[{"href":"https:\/\/k-beautyci.com\/fr\/wp-json\/wp\/v2\/types\/product"}],"replies":[{"embeddable":true,"href":"https:\/\/k-beautyci.com\/fr\/wp-json\/wp\/v2\/comments?post=6250"}],"wp:featuredmedia":[{"embeddable":true,"href":"https:\/\/k-beautyci.com\/fr\/wp-json\/wp\/v2\/media\/6254"}],"wp:attachment":[{"href":"https:\/\/k-beautyci.com\/fr\/wp-json\/wp\/v2\/media?parent=6250"}],"wp:term":[{"taxonomy":"product_brand","embeddable":true,"href":"https:\/\/k-beautyci.com\/fr\/wp-json\/wp\/v2\/product_brand?post=6250"},{"taxonomy":"product_cat","embeddable":true,"href":"https:\/\/k-beautyci.com\/fr\/wp-json\/wp\/v2\/product_cat?post=6250"},{"taxonomy":"product_tag","embeddable":true,"href":"https:\/\/k-beautyci.com\/fr\/wp-json\/wp\/v2\/product_tag?post=6250"}],"curies":[{"name":"wp","href":"https:\/\/api.w.org\/{rel}","templated":true}]}}