{"id":6221,"date":"2024-12-18T23:57:57","date_gmt":"2024-12-18T23:57:57","guid":{"rendered":"https:\/\/k-beautyci.com\/?post_type=product&#038;p=6221"},"modified":"2026-01-26T19:49:24","modified_gmt":"2026-01-26T19:49:24","slug":"mediheal-phyto-enzyme-peeling-pad-90-pads","status":"publish","type":"product","link":"https:\/\/k-beautyci.com\/fr\/produit\/mediheal-phyto-enzyme-peeling-pad-90-pads\/","title":{"rendered":"MEDIHEAL Phyto-Enzyme Peeling Pad (90 pads)"},"content":{"rendered":"<p>Comment l'utiliser :<\/p>\n<div class=\"description-item active\">\n<div class=\"body\">\n<ul>\n<li>En feuille de masque : apr\u00e8s le nettoyage, appliquer sur la zone souhait\u00e9e (front, joues et menton). Laisser poser comme un masque en feuille pendant 10 \u00e0 15 minutes, puis tapoter d\u00e9licatement pour faire p\u00e9n\u00e9trer le produit.<\/li>\n<li>En tant que tonique : Appliquer d\u00e9licatement sur la peau.<\/li>\n<\/ul>\n<p>Avertissement : Pour usage externe uniquement. Toujours effectuer un test \u00e9picutan\u00e9. Cessez d'utiliser le produit si vous ressentez une quelconque g\u00eane. Suivre les instructions suppl\u00e9mentaires figurant sur l'emballage. Les r\u00e9sultats individuels peuvent varier.<\/p>\n<\/div>\n<\/div>\n<div class=\"description-item\">\n<h2 class=\"title\"><\/h2>\n<\/div>","protected":false},"excerpt":{"rendered":"<p>Exfolie et resurface la peau en \u00e9liminant les cellules mortes pour une peau douce et lisse. Ce traitement non abrasif stimule en douceur le processus naturel d'exfoliation de la peau pour r\u00e9duire les signes de vieillissement. R\u00e9duisez les signes visibles de l'\u00e2ge gr\u00e2ce \u00e0 ces coussinets d'exfoliation rajeunissants. Infus\u00e9s de papaye et de LHA, ils exfolient la peau pour un teint plus jeune et plus frais. Utiliser comme masque ou comme tampon pour \u00e9liminer les cellules mortes de la peau.<\/p>","protected":false},"featured_media":6226,"comment_status":"open","ping_status":"closed","template":"","meta":{"om_disable_all_campaigns":false},"product_brand":[],"product_cat":[78,39,156,224],"product_tag":[],"class_list":{"0":"post-6221","1":"product","2":"type-product","3":"status-publish","4":"has-post-thumbnail","6":"product_cat-aha-bha","7":"product_cat-face-toners","8":"product_cat-mediheal","9":"product_cat-toner-pads","11":"first","12":"instock","13":"shipping-taxable","14":"purchasable","15":"product-type-simple"},"aioseo_notices":[],"jetpack_sharing_enabled":true,"_links":{"self":[{"href":"https:\/\/k-beautyci.com\/fr\/wp-json\/wp\/v2\/product\/6221","targetHints":{"allow":["GET"]}}],"collection":[{"href":"https:\/\/k-beautyci.com\/fr\/wp-json\/wp\/v2\/product"}],"about":[{"href":"https:\/\/k-beautyci.com\/fr\/wp-json\/wp\/v2\/types\/product"}],"replies":[{"embeddable":true,"href":"https:\/\/k-beautyci.com\/fr\/wp-json\/wp\/v2\/comments?post=6221"}],"wp:featuredmedia":[{"embeddable":true,"href":"https:\/\/k-beautyci.com\/fr\/wp-json\/wp\/v2\/media\/6226"}],"wp:attachment":[{"href":"https:\/\/k-beautyci.com\/fr\/wp-json\/wp\/v2\/media?parent=6221"}],"wp:term":[{"taxonomy":"product_brand","embeddable":true,"href":"https:\/\/k-beautyci.com\/fr\/wp-json\/wp\/v2\/product_brand?post=6221"},{"taxonomy":"product_cat","embeddable":true,"href":"https:\/\/k-beautyci.com\/fr\/wp-json\/wp\/v2\/product_cat?post=6221"},{"taxonomy":"product_tag","embeddable":true,"href":"https:\/\/k-beautyci.com\/fr\/wp-json\/wp\/v2\/product_tag?post=6221"}],"curies":[{"name":"wp","href":"https:\/\/api.w.org\/{rel}","templated":true}]}}