{"id":6211,"date":"2024-12-19T00:01:21","date_gmt":"2024-12-19T00:01:21","guid":{"rendered":"https:\/\/k-beautyci.com\/?post_type=product&#038;p=6211"},"modified":"2026-01-12T21:16:12","modified_gmt":"2026-01-12T21:16:12","slug":"mediheal-derma-modeling-pack-vitamin-brightening","status":"publish","type":"product","link":"https:\/\/k-beautyci.com\/fr\/produit\/mediheal-derma-modeling-pack-vitamin-brightening\/","title":{"rendered":"MEDIHEAL Derma Modeling Pack Vitamin Brightening"},"content":{"rendered":"<p>Comment l'utiliser :<\/p>\n<div class=\"description-item active\">\n<div class=\"body\">\n<ol>\n<li>Avant d'utiliser le pack de modelage, appliquez l'ampoule et tapotez doucement pour l'absorber.<\/li>\n<li>Verser de l'eau froide (50 ml) dans le bol jusqu'\u00e0 la ligne marqu\u00e9e, puis incorporer la poudre \u00e0 l'aide de la spatule. Appliquer rapidement car le modelage peut durcir rapidement.<\/li>\n<li>Laisser agir pendant 15 minutes, puis retirer d\u00e9licatement le modelage durci.<\/li>\n<li>Conseil : pour une hydratation suppl\u00e9mentaire, r\u00e9appliquer l'ampoule apr\u00e8s avoir retir\u00e9 le pack de modelage.<\/li>\n<\/ol>\n<p>Avertissement : Pour usage externe uniquement. Toujours effectuer un test \u00e9picutan\u00e9. Cessez d'utiliser le produit si vous ressentez une quelconque g\u00eane. Suivre les instructions suppl\u00e9mentaires figurant sur l'emballage. Les r\u00e9sultats individuels peuvent varier.<\/p>\n<\/div>\n<\/div>\n<div class=\"description-item\">\n<h2 class=\"title\"><\/h2>\n<\/div>","protected":false},"excerpt":{"rendered":"<p>Une solution personnalis\u00e9e pour \u00e9claircir et revitaliser les peaux ternes, les transformer en un \u00e9tat sain et radieux, offrant une esth\u00e9tique facile \u00e0 domicile pour obtenir une peau de verre.<\/p>","protected":false},"featured_media":6220,"comment_status":"open","ping_status":"closed","template":"","meta":{"om_disable_all_campaigns":false},"product_brand":[],"product_cat":[52,62,156],"product_tag":[],"class_list":{"0":"post-6211","1":"product","2":"type-product","3":"status-publish","4":"has-post-thumbnail","6":"product_cat-dark-spots","7":"product_cat-face-masks","8":"product_cat-mediheal","10":"first","11":"instock","12":"shipping-taxable","13":"purchasable","14":"product-type-simple"},"aioseo_notices":[],"jetpack_sharing_enabled":true,"_links":{"self":[{"href":"https:\/\/k-beautyci.com\/fr\/wp-json\/wp\/v2\/product\/6211","targetHints":{"allow":["GET"]}}],"collection":[{"href":"https:\/\/k-beautyci.com\/fr\/wp-json\/wp\/v2\/product"}],"about":[{"href":"https:\/\/k-beautyci.com\/fr\/wp-json\/wp\/v2\/types\/product"}],"replies":[{"embeddable":true,"href":"https:\/\/k-beautyci.com\/fr\/wp-json\/wp\/v2\/comments?post=6211"}],"wp:featuredmedia":[{"embeddable":true,"href":"https:\/\/k-beautyci.com\/fr\/wp-json\/wp\/v2\/media\/6220"}],"wp:attachment":[{"href":"https:\/\/k-beautyci.com\/fr\/wp-json\/wp\/v2\/media?parent=6211"}],"wp:term":[{"taxonomy":"product_brand","embeddable":true,"href":"https:\/\/k-beautyci.com\/fr\/wp-json\/wp\/v2\/product_brand?post=6211"},{"taxonomy":"product_cat","embeddable":true,"href":"https:\/\/k-beautyci.com\/fr\/wp-json\/wp\/v2\/product_cat?post=6211"},{"taxonomy":"product_tag","embeddable":true,"href":"https:\/\/k-beautyci.com\/fr\/wp-json\/wp\/v2\/product_tag?post=6211"}],"curies":[{"name":"wp","href":"https:\/\/api.w.org\/{rel}","templated":true}]}}