{"id":6206,"date":"2024-12-19T00:03:47","date_gmt":"2024-12-19T00:03:47","guid":{"rendered":"https:\/\/k-beautyci.com\/?post_type=product&#038;p=6206"},"modified":"2026-04-02T13:25:27","modified_gmt":"2026-04-02T13:25:27","slug":"purito-mighty-bamboo-panthenol-cream","status":"publish","type":"product","link":"https:\/\/k-beautyci.com\/fr\/produit\/purito-mighty-bamboo-panthenol-cream\/","title":{"rendered":"PURITO Mighty Bamboo Panthenol Cream"},"content":{"rendered":"<p>Comment l'utiliser :<\/p>\n<p>A utiliser en derni\u00e8re \u00e9tape du soin de la peau. Appliquer la cr\u00e8me uniform\u00e9ment sur le visage, en \u00e9vitant les yeux et la bouche. Masser d\u00e9licatement et faire p\u00e9n\u00e9trer en tapotant.<\/p>\n<p>Avertissement : Pour usage externe uniquement. Toujours effectuer un test \u00e9picutan\u00e9. Cessez d'utiliser le produit si vous ressentez une quelconque g\u00eane. Suivre les instructions suppl\u00e9mentaires figurant sur l'emballage. Les r\u00e9sultats individuels peuvent varier.<\/p>","protected":false},"excerpt":{"rendered":"<p>Tout commence par une barri\u00e8re solide et saine. Donnez \u00e0 votre peau un coup de fouet gr\u00e2ce \u00e0 cette cr\u00e8me puissante. R\u00e9parez la barri\u00e8re cutan\u00e9e endommag\u00e9e gr\u00e2ce \u00e0 cette cr\u00e8me riche infus\u00e9e d'extrait de bambou Damyang cor\u00e9en et de 100 000 ppm de panth\u00e9nol apaisant. La cr\u00e8me contient \u00e9galement des ingr\u00e9dients hydratants tels que le squalane et le hyaluronate de sodium pour renforcer les niveaux d'hydratation de la peau. La formule sans parfum et hypoallerg\u00e9nique convient \u00e0 tous les types de peau, y compris les peaux sensibles.<\/p>","protected":false},"featured_media":6209,"comment_status":"open","ping_status":"closed","template":"","meta":{"om_disable_all_campaigns":false},"product_brand":[],"product_cat":[148,26,69,223,200],"product_tag":[],"class_list":{"0":"post-6206","1":"product","2":"type-product","3":"status-publish","4":"has-post-thumbnail","6":"product_cat-ceramide","7":"product_cat-face-moisturizer","8":"product_cat-hyaluronic-acid","9":"product_cat-panthenol","10":"product_cat-purito","12":"first","13":"instock","14":"shipping-taxable","15":"purchasable","16":"product-type-simple"},"aioseo_notices":[],"jetpack_sharing_enabled":true,"_links":{"self":[{"href":"https:\/\/k-beautyci.com\/fr\/wp-json\/wp\/v2\/product\/6206","targetHints":{"allow":["GET"]}}],"collection":[{"href":"https:\/\/k-beautyci.com\/fr\/wp-json\/wp\/v2\/product"}],"about":[{"href":"https:\/\/k-beautyci.com\/fr\/wp-json\/wp\/v2\/types\/product"}],"replies":[{"embeddable":true,"href":"https:\/\/k-beautyci.com\/fr\/wp-json\/wp\/v2\/comments?post=6206"}],"wp:featuredmedia":[{"embeddable":true,"href":"https:\/\/k-beautyci.com\/fr\/wp-json\/wp\/v2\/media\/6209"}],"wp:attachment":[{"href":"https:\/\/k-beautyci.com\/fr\/wp-json\/wp\/v2\/media?parent=6206"}],"wp:term":[{"taxonomy":"product_brand","embeddable":true,"href":"https:\/\/k-beautyci.com\/fr\/wp-json\/wp\/v2\/product_brand?post=6206"},{"taxonomy":"product_cat","embeddable":true,"href":"https:\/\/k-beautyci.com\/fr\/wp-json\/wp\/v2\/product_cat?post=6206"},{"taxonomy":"product_tag","embeddable":true,"href":"https:\/\/k-beautyci.com\/fr\/wp-json\/wp\/v2\/product_tag?post=6206"}],"curies":[{"name":"wp","href":"https:\/\/api.w.org\/{rel}","templated":true}]}}