{"id":6197,"date":"2024-12-19T13:16:30","date_gmt":"2024-12-19T13:16:30","guid":{"rendered":"https:\/\/k-beautyci.com\/?post_type=product&#038;p=6197"},"modified":"2025-07-30T19:52:58","modified_gmt":"2025-07-30T19:52:58","slug":"torriden-balanceful-cica-cream-80ml","status":"publish","type":"product","link":"https:\/\/k-beautyci.com\/fr\/produit\/torriden-balanceful-cica-cream-80ml\/","title":{"rendered":"Torriden BALANCEFUL Cica Cream 80mL"},"content":{"rendered":"<p>Comment l'utiliser :<\/p>\n<p>\u00c0 la derni\u00e8re \u00e9tape de votre routine de soins de la peau, prenez une quantit\u00e9 ad\u00e9quate de cr\u00e8me et \u00e9talez-la sur l'ensemble de votre visage.<\/p>\n<p>Avertissement : Pour usage externe uniquement. Toujours effectuer un test \u00e9picutan\u00e9. Cessez d'utiliser le produit si vous ressentez une quelconque g\u00eane. Suivre les instructions suppl\u00e9mentaires figurant sur l'emballage. Les r\u00e9sultats individuels peuvent varier.<\/p>","protected":false},"excerpt":{"rendered":"<p>Lissez votre peau en lui offrant un peu de soin sous la forme de la cr\u00e8me cica BALANCEFUL de Torriden. Formul\u00e9e avec 5 types de composants cica, du panth\u00e9nol, de l'allanto\u00efne, de l'acide hyaluronique, du mad\u00e9cassoside et plus encore, votre peau sera super douce.<\/p>","protected":false},"featured_media":6200,"comment_status":"open","ping_status":"closed","template":"","meta":{"om_disable_all_campaigns":false},"product_brand":[],"product_cat":[88,26,69,164],"product_tag":[],"class_list":{"0":"post-6197","1":"product","2":"type-product","3":"status-publish","4":"has-post-thumbnail","6":"product_cat-centella","7":"product_cat-face-moisturizer","8":"product_cat-hyaluronic-acid","9":"product_cat-torriden","11":"first","12":"outofstock","13":"shipping-taxable","14":"purchasable","15":"product-type-simple"},"aioseo_notices":[],"jetpack_sharing_enabled":true,"_links":{"self":[{"href":"https:\/\/k-beautyci.com\/fr\/wp-json\/wp\/v2\/product\/6197","targetHints":{"allow":["GET"]}}],"collection":[{"href":"https:\/\/k-beautyci.com\/fr\/wp-json\/wp\/v2\/product"}],"about":[{"href":"https:\/\/k-beautyci.com\/fr\/wp-json\/wp\/v2\/types\/product"}],"replies":[{"embeddable":true,"href":"https:\/\/k-beautyci.com\/fr\/wp-json\/wp\/v2\/comments?post=6197"}],"wp:featuredmedia":[{"embeddable":true,"href":"https:\/\/k-beautyci.com\/fr\/wp-json\/wp\/v2\/media\/6200"}],"wp:attachment":[{"href":"https:\/\/k-beautyci.com\/fr\/wp-json\/wp\/v2\/media?parent=6197"}],"wp:term":[{"taxonomy":"product_brand","embeddable":true,"href":"https:\/\/k-beautyci.com\/fr\/wp-json\/wp\/v2\/product_brand?post=6197"},{"taxonomy":"product_cat","embeddable":true,"href":"https:\/\/k-beautyci.com\/fr\/wp-json\/wp\/v2\/product_cat?post=6197"},{"taxonomy":"product_tag","embeddable":true,"href":"https:\/\/k-beautyci.com\/fr\/wp-json\/wp\/v2\/product_tag?post=6197"}],"curies":[{"name":"wp","href":"https:\/\/api.w.org\/{rel}","templated":true}]}}