{"id":6194,"date":"2024-12-19T13:20:48","date_gmt":"2024-12-19T13:20:48","guid":{"rendered":"https:\/\/k-beautyci.com\/?post_type=product&#038;p=6194"},"modified":"2025-07-15T10:20:09","modified_gmt":"2025-07-15T10:20:09","slug":"hada-labo-gokujyun-aging-care-lotion","status":"publish","type":"product","link":"https:\/\/k-beautyci.com\/fr\/produit\/hada-labo-gokujyun-aging-care-lotion\/","title":{"rendered":"HADA LABO Gokujyun Aging Care Lotion"},"content":{"rendered":"<p>Comment l'utiliser :<\/p>\n<div class=\"description-item active\">\n<div class=\"body\">\n<p>Apr\u00e8s le tonique, appliquer une quantit\u00e9 mod\u00e9r\u00e9e sur le visage et le cou. Tapoter doucement la peau jusqu'\u00e0 absorption compl\u00e8te. Utiliser deux fois par jour.<\/p>\n<p>Avertissement : Pour usage externe uniquement. Toujours effectuer un test \u00e9picutan\u00e9. Cessez d'utiliser le produit si vous ressentez une quelconque g\u00eane. Suivre les instructions suppl\u00e9mentaires figurant sur l'emballage. Les r\u00e9sultats individuels peuvent varier.<\/p>\n<\/div>\n<\/div>\n<div class=\"description-item\">\n<h2 class=\"title\"><\/h2>\n<\/div>","protected":false},"excerpt":{"rendered":"<p>Cette lotion l\u00e9g\u00e8re nourrit la peau vieillissante et lui redonne \u00e9lasticit\u00e9 et \u00e9clat de jeunesse. Ce lait hydratant est sp\u00e9cialement formul\u00e9 pour les soins du vieillissement et offre une hydratation profonde et nourrissante, ainsi que des revitalisants raffermissants et lissants pour le visage et le cou. La combinaison de niacinamide et de trois acides hyaluroniques emprisonne l'hydratation de votre peau et am\u00e9liore \u00e9galement les rides et les taches.<\/p>","protected":false},"featured_media":6196,"comment_status":"open","ping_status":"closed","template":"","meta":{"om_disable_all_campaigns":false},"product_brand":[],"product_cat":[39,69,74,132],"product_tag":[],"class_list":{"0":"post-6194","1":"product","2":"type-product","3":"status-publish","4":"has-post-thumbnail","6":"product_cat-face-toners","7":"product_cat-hyaluronic-acid","8":"product_cat-niacinamide","9":"product_cat-rohto-mentholatum","11":"first","12":"outofstock","13":"shipping-taxable","14":"purchasable","15":"product-type-simple"},"aioseo_notices":[],"jetpack_sharing_enabled":true,"_links":{"self":[{"href":"https:\/\/k-beautyci.com\/fr\/wp-json\/wp\/v2\/product\/6194","targetHints":{"allow":["GET"]}}],"collection":[{"href":"https:\/\/k-beautyci.com\/fr\/wp-json\/wp\/v2\/product"}],"about":[{"href":"https:\/\/k-beautyci.com\/fr\/wp-json\/wp\/v2\/types\/product"}],"replies":[{"embeddable":true,"href":"https:\/\/k-beautyci.com\/fr\/wp-json\/wp\/v2\/comments?post=6194"}],"wp:featuredmedia":[{"embeddable":true,"href":"https:\/\/k-beautyci.com\/fr\/wp-json\/wp\/v2\/media\/6196"}],"wp:attachment":[{"href":"https:\/\/k-beautyci.com\/fr\/wp-json\/wp\/v2\/media?parent=6194"}],"wp:term":[{"taxonomy":"product_brand","embeddable":true,"href":"https:\/\/k-beautyci.com\/fr\/wp-json\/wp\/v2\/product_brand?post=6194"},{"taxonomy":"product_cat","embeddable":true,"href":"https:\/\/k-beautyci.com\/fr\/wp-json\/wp\/v2\/product_cat?post=6194"},{"taxonomy":"product_tag","embeddable":true,"href":"https:\/\/k-beautyci.com\/fr\/wp-json\/wp\/v2\/product_tag?post=6194"}],"curies":[{"name":"wp","href":"https:\/\/api.w.org\/{rel}","templated":true}]}}