{"id":6093,"date":"2024-11-26T00:56:17","date_gmt":"2024-11-26T00:56:17","guid":{"rendered":"https:\/\/k-beautyci.com\/?post_type=product&#038;p=6093"},"modified":"2025-07-12T12:06:49","modified_gmt":"2025-07-12T12:06:49","slug":"iunik-propolis-vitamin-synergy-serum-50ml","status":"publish","type":"product","link":"https:\/\/k-beautyci.com\/fr\/produit\/iunik-propolis-vitamin-synergy-serum-50ml\/","title":{"rendered":"iUNIK Propolis Vitamin Synergy Serum 50ml"},"content":{"rendered":"<p>Comment l'utiliser :<\/p>\n<div class=\"description-item active\">\n<div class=\"body\">\n<ol>\n<li>A l'aide du compte-gouttes, appliquez quelques gouttes sur votre visage.<\/li>\n<li>Faire p\u00e9n\u00e9trer le s\u00e9rum en tapotant doucement jusqu'\u00e0 ce qu'il soit absorb\u00e9.<\/li>\n<\/ol>\n<p>Avertissement : Pour usage externe uniquement. Toujours effectuer un test \u00e9picutan\u00e9. Cessez d'utiliser le produit si vous ressentez une quelconque g\u00eane. Suivre les instructions suppl\u00e9mentaires figurant sur l'emballage. Les r\u00e9sultats individuels peuvent varier.<\/p>\n<\/div>\n<\/div>\n<div class=\"description-item\">\n<h2 class=\"title\"><\/h2>\n<\/div>","protected":false},"excerpt":{"rendered":"<p>Un s\u00e9rum riche en nutriments qui nourrit et illumine la peau. Ce s\u00e9rum contient une forte concentration de propolis nourrissante et antimicrobienne qui apaise et hydrate la peau ; en m\u00eame temps, les propri\u00e9t\u00e9s antioxydantes de la propolis agissent avec la vitamine C pour combattre les radicaux libres, reconstituer la barri\u00e8re d'hydratation de la peau et r\u00e9duire visiblement les signes d'hyperpigmentation.<\/p>","protected":false},"featured_media":6095,"comment_status":"open","ping_status":"closed","template":"","meta":{"om_disable_all_campaigns":false},"product_brand":[],"product_cat":[31,208,73],"product_tag":[],"class_list":{"0":"post-6093","1":"product","2":"type-product","3":"status-publish","4":"has-post-thumbnail","6":"product_cat-face-serums","7":"product_cat-iunik","8":"product_cat-propolis","10":"first","11":"instock","12":"shipping-taxable","13":"purchasable","14":"product-type-simple"},"aioseo_notices":[],"jetpack_sharing_enabled":true,"_links":{"self":[{"href":"https:\/\/k-beautyci.com\/fr\/wp-json\/wp\/v2\/product\/6093","targetHints":{"allow":["GET"]}}],"collection":[{"href":"https:\/\/k-beautyci.com\/fr\/wp-json\/wp\/v2\/product"}],"about":[{"href":"https:\/\/k-beautyci.com\/fr\/wp-json\/wp\/v2\/types\/product"}],"replies":[{"embeddable":true,"href":"https:\/\/k-beautyci.com\/fr\/wp-json\/wp\/v2\/comments?post=6093"}],"wp:featuredmedia":[{"embeddable":true,"href":"https:\/\/k-beautyci.com\/fr\/wp-json\/wp\/v2\/media\/6095"}],"wp:attachment":[{"href":"https:\/\/k-beautyci.com\/fr\/wp-json\/wp\/v2\/media?parent=6093"}],"wp:term":[{"taxonomy":"product_brand","embeddable":true,"href":"https:\/\/k-beautyci.com\/fr\/wp-json\/wp\/v2\/product_brand?post=6093"},{"taxonomy":"product_cat","embeddable":true,"href":"https:\/\/k-beautyci.com\/fr\/wp-json\/wp\/v2\/product_cat?post=6093"},{"taxonomy":"product_tag","embeddable":true,"href":"https:\/\/k-beautyci.com\/fr\/wp-json\/wp\/v2\/product_tag?post=6093"}],"curies":[{"name":"wp","href":"https:\/\/api.w.org\/{rel}","templated":true}]}}